{"id":938,"date":"2020-06-30T13:58:30","date_gmt":"2020-06-30T11:58:30","guid":{"rendered":"https:\/\/pb.edu.pl\/brpm\/?page_id=938"},"modified":"2022-10-06T11:33:05","modified_gmt":"2022-10-06T09:33:05","slug":"ibc","status":"publish","type":"page","link":"https:\/\/pb.edu.pl\/brpm\/projekty-pb\/programy-ue\/projekty-realizowane\/ibc\/","title":{"rendered":"Praca zlecona przez IBC Advisory Sp\u00f3\u0142ka Akcyjna"},"content":{"rendered":"<h2>Praca zlecona przez IBC Advisory Sp\u00f3\u0142ka Akcyjna w ramach projektu: \u201eSmart Panel II-badania jako\u015bciowe i analizy na potrzeby Procesu Przedsi\u0119biorczego Odkrywania.\u201d<\/h2>\n<p><strong>Finansowanie w ramach<\/strong>: Programu Operacyjnego Inteligentny Rozw\u00f3j 2014-2020, Poddzia\u0142anie 2.4.2 \u201eMonitoring Krajowej Inteligentnej Specjalizacji.\u201d<\/p>\n<p><strong>Przedmiot umowy:<\/strong> Wsp\u00f3\u0142praca przy realizacji zam\u00f3wienia Polskiej Agencji Rozwoju Przedsi\u0119biorczo\u015bci \u201eSmart Panel II-badania jako\u015bciowe i analizy na potrzeby Procesu Przedsi\u0119biorczego Odkrywania.\u201d<\/p>\n<p><strong>Warto\u015b\u0107 zlecenia:<\/strong> 220&nbsp;000,00 z\u0142 brutto<\/p>\n<p><strong>Okres realizacji pracy:<\/strong> 19.06.2020 r. \u2013 30.04.2023 r.<\/p>\n<p><strong>Jednostka realizuj\u0105ca: <\/strong>Wydzia\u0142 In\u017cynierii Zarz\u0105dzania Politechniki Bia\u0142ostockiej<\/p>\n<p><strong>Kierownik Pracy:<\/strong> prof. dr hab. in\u017c. Joanna Ejdys i dr \u0141ukasz Nazarko<\/p>\n","protected":false},"excerpt":{"rendered":"<p>Praca zlecona przez IBC Advisory Sp\u00f3\u0142ka Akcyjna w ramach projektu: \u201eSmart Panel II-badania jako\u015bciowe i<\/p>\n","protected":false},"author":33,"featured_media":0,"parent":94,"menu_order":0,"comment_status":"closed","ping_status":"closed","template":"","meta":{"_acf_changed":false,"ngg_post_thumbnail":0,"footnotes":""},"class_list":["post-938","page","type-page","status-publish","hentry"],"acf":[],"_links":{"self":[{"href":"https:\/\/pb.edu.pl\/brpm\/wp-json\/wp\/v2\/pages\/938","targetHints":{"allow":["GET"]}}],"collection":[{"href":"https:\/\/pb.edu.pl\/brpm\/wp-json\/wp\/v2\/pages"}],"about":[{"href":"https:\/\/pb.edu.pl\/brpm\/wp-json\/wp\/v2\/types\/page"}],"author":[{"embeddable":true,"href":"https:\/\/pb.edu.pl\/brpm\/wp-json\/wp\/v2\/users\/33"}],"replies":[{"embeddable":true,"href":"https:\/\/pb.edu.pl\/brpm\/wp-json\/wp\/v2\/comments?post=938"}],"version-history":[{"count":0,"href":"https:\/\/pb.edu.pl\/brpm\/wp-json\/wp\/v2\/pages\/938\/revisions"}],"up":[{"embeddable":true,"href":"https:\/\/pb.edu.pl\/brpm\/wp-json\/wp\/v2\/pages\/94"}],"wp:attachment":[{"href":"https:\/\/pb.edu.pl\/brpm\/wp-json\/wp\/v2\/media?parent=938"}],"curies":[{"name":"wp","href":"https:\/\/api.w.org\/{rel}","templated":true}]}}