{"id":936,"date":"2020-06-30T13:56:37","date_gmt":"2020-06-30T11:56:37","guid":{"rendered":"https:\/\/pb.edu.pl\/brpm\/?page_id=936"},"modified":"2022-01-10T09:32:36","modified_gmt":"2022-01-10T08:32:36","slug":"cukierman","status":"publish","type":"page","link":"https:\/\/pb.edu.pl\/brpm\/projekty-pb\/programy-ue\/projekty-zrealizowane\/cukierman\/","title":{"rendered":"Praca zlecona przez firm\u0119 Praktyka Lekarska Bartosz Cukierman"},"content":{"rendered":"<h2>Praca zlecona przez firm\u0119 Praktyka Lekarska Bartosz Cukierman w ramach projektu: \u201eStworzenie technologii pomiarowej stabilno\u015bci stawu kolanowego.\u201d<\/h2>\n<p><strong>Finansowanie w ramach<\/strong> Programu Operacyjnego Inteligentny Rozw\u00f3j 2014-2020, o\u015b priorytetowa II: Wsparcie otoczenia i potencja\u0142u przedsi\u0119biorstw do prowadzenia dzia\u0142alno\u015bci B+R+I; Dzia\u0142anie 2.3 Proinnowacyjne us\u0142ugi dla przedsi\u0119biorstw: Poddzia\u0142anie 2.3.2 Bony na innowacje dla M\u015aP; Etap I us\u0142ugowy- konkurs og\u00f3lny.<\/p>\n<p><strong>Przedmiot umowy:<\/strong> Us\u0142uga badawcza polegaj\u0105ca na stworzeniu technologii pomiarowej stawu kolanowego.<\/p>\n<p><strong>Warto\u015b\u0107 zlecenia:<\/strong> 399&nbsp;847,43 z\u0142 brutto<\/p>\n<p><strong>Okres realizacji pracy: <\/strong>01.06.2020 r. \u2013 31.10.2021 r.<\/p>\n<p><strong>Jednostka realizuj\u0105ca: <\/strong>Wydzia\u0142 Elektryczny Politechniki Bia\u0142ostockiej<\/p>\n<p><strong>Kierownik Pracy:<\/strong> dr hab. in\u017c Jacek \u017bmojda, prof. PB<\/p>\n","protected":false},"excerpt":{"rendered":"<p>Praca zlecona przez firm\u0119 Praktyka Lekarska Bartosz Cukierman w ramach projektu: \u201eStworzenie technologii pomiarowej stabilno\u015bci<\/p>\n","protected":false},"author":33,"featured_media":0,"parent":89,"menu_order":0,"comment_status":"closed","ping_status":"closed","template":"","meta":{"_acf_changed":false,"ngg_post_thumbnail":0,"footnotes":""},"class_list":["post-936","page","type-page","status-publish","hentry"],"acf":[],"_links":{"self":[{"href":"https:\/\/pb.edu.pl\/brpm\/wp-json\/wp\/v2\/pages\/936","targetHints":{"allow":["GET"]}}],"collection":[{"href":"https:\/\/pb.edu.pl\/brpm\/wp-json\/wp\/v2\/pages"}],"about":[{"href":"https:\/\/pb.edu.pl\/brpm\/wp-json\/wp\/v2\/types\/page"}],"author":[{"embeddable":true,"href":"https:\/\/pb.edu.pl\/brpm\/wp-json\/wp\/v2\/users\/33"}],"replies":[{"embeddable":true,"href":"https:\/\/pb.edu.pl\/brpm\/wp-json\/wp\/v2\/comments?post=936"}],"version-history":[{"count":0,"href":"https:\/\/pb.edu.pl\/brpm\/wp-json\/wp\/v2\/pages\/936\/revisions"}],"up":[{"embeddable":true,"href":"https:\/\/pb.edu.pl\/brpm\/wp-json\/wp\/v2\/pages\/89"}],"wp:attachment":[{"href":"https:\/\/pb.edu.pl\/brpm\/wp-json\/wp\/v2\/media?parent=936"}],"curies":[{"name":"wp","href":"https:\/\/api.w.org\/{rel}","templated":true}]}}