{"id":893,"date":"2020-03-04T17:02:42","date_gmt":"2020-03-04T16:02:42","guid":{"rendered":"https:\/\/pb.edu.pl\/brpm\/?page_id=893"},"modified":"2022-01-10T09:25:34","modified_gmt":"2022-01-10T08:25:34","slug":"robot-humanoidalny","status":"publish","type":"page","link":"https:\/\/pb.edu.pl\/brpm\/projekty-pb\/programy-ue\/projekty-zrealizowane\/robot-humanoidalny\/","title":{"rendered":"System wspomagaj\u0105cy komunikacj\u0119 cz\u0142owieka z maszyn\u0105 w postaci bota po\u0142\u0105czonego z humanoidalnym robotem spo\u0142ecznym"},"content":{"rendered":"<p><img loading=\"lazy\" decoding=\"async\" class=\"alignnone wp-image-568 size-full\" src=\"https:\/\/pb.edu.pl\/brpm\/wp-content\/uploads\/sites\/6\/2018\/09\/FE_POWER_poziom_pl-jpg.jpg\" alt=\"\" width=\"5883\" height=\"756\" srcset=\"https:\/\/pb.edu.pl\/brpm\/wp-content\/uploads\/sites\/6\/2018\/09\/FE_POWER_poziom_pl-jpg.jpg 5883w, https:\/\/pb.edu.pl\/brpm\/wp-content\/uploads\/sites\/6\/2018\/09\/FE_POWER_poziom_pl-jpg-300x39.jpg 300w, https:\/\/pb.edu.pl\/brpm\/wp-content\/uploads\/sites\/6\/2018\/09\/FE_POWER_poziom_pl-jpg-768x99.jpg 768w, https:\/\/pb.edu.pl\/brpm\/wp-content\/uploads\/sites\/6\/2018\/09\/FE_POWER_poziom_pl-jpg-1024x132.jpg 1024w\" sizes=\"auto, (max-width: 5883px) 100vw, 5883px\" \/><\/p>\n<h2>Projekt <strong>\u201eSystem wspomagaj\u0105cy komunikacj\u0119 cz\u0142owieka z maszyn\u0105 w postaci bota po\u0142\u0105czonego z humanoidalnym robotem spo\u0142ecznym\u201d<\/strong> uzyska\u0142 finansowanie z osi priorytetowej III. Szkolnictwo wy\u017csze dla gospodarki i rozwoju, Dzia\u0142ania 3.3 Umi\u0119dzynarodowianie polskiego&nbsp; szkolnictwa wy\u017cszego&nbsp; Programu Operacyjnego Wiedza Edukacja Rozw\u00f3j 2014-2020 w ramach zaproszenia Ministra Nauki i Szkolnictwa Wy\u017cszego do sk\u0142adania ofert na projekty pozakonkursowe o charakterze koncepcyjnym pt. \u201dNajlepsi z najlepszych!4.0.\u201d<\/h2>\n<p><strong>Celem projektu <\/strong>jest stworzenie spersonalizowanego bota \u2013 asystenta, mog\u0105cego imitowa\u0107 wybran\u0105 posta\u0107 oraz prezentacja autorskich rozwi\u0105za\u0144: udzia\u0142 w mi\u0119dzynarodowych targach wynalazczo\u015bci, w mi\u0119dzynarodowym festiwalu&nbsp; wynalazk\u00f3w w USA.<\/p>\n<p><strong>Czas trwania projektu:<\/strong> 01.09.2019-30.06.2020<\/p>\n<p><strong>Ca\u0142kowita warto\u015b\u0107 projektu:<\/strong> 39 690,00 z\u0142<\/p>\n","protected":false},"excerpt":{"rendered":"<p>Projekt \u201eSystem wspomagaj\u0105cy komunikacj\u0119 cz\u0142owieka z maszyn\u0105 w postaci bota po\u0142\u0105czonego z humanoidalnym robotem spo\u0142ecznym\u201d<\/p>\n","protected":false},"author":33,"featured_media":0,"parent":89,"menu_order":0,"comment_status":"closed","ping_status":"closed","template":"","meta":{"_acf_changed":false,"ngg_post_thumbnail":0,"footnotes":""},"class_list":["post-893","page","type-page","status-publish","hentry"],"acf":[],"_links":{"self":[{"href":"https:\/\/pb.edu.pl\/brpm\/wp-json\/wp\/v2\/pages\/893","targetHints":{"allow":["GET"]}}],"collection":[{"href":"https:\/\/pb.edu.pl\/brpm\/wp-json\/wp\/v2\/pages"}],"about":[{"href":"https:\/\/pb.edu.pl\/brpm\/wp-json\/wp\/v2\/types\/page"}],"author":[{"embeddable":true,"href":"https:\/\/pb.edu.pl\/brpm\/wp-json\/wp\/v2\/users\/33"}],"replies":[{"embeddable":true,"href":"https:\/\/pb.edu.pl\/brpm\/wp-json\/wp\/v2\/comments?post=893"}],"version-history":[{"count":0,"href":"https:\/\/pb.edu.pl\/brpm\/wp-json\/wp\/v2\/pages\/893\/revisions"}],"up":[{"embeddable":true,"href":"https:\/\/pb.edu.pl\/brpm\/wp-json\/wp\/v2\/pages\/89"}],"wp:attachment":[{"href":"https:\/\/pb.edu.pl\/brpm\/wp-json\/wp\/v2\/media?parent=893"}],"curies":[{"name":"wp","href":"https:\/\/api.w.org\/{rel}","templated":true}]}}