{"id":889,"date":"2020-03-04T16:55:35","date_gmt":"2020-03-04T15:55:35","guid":{"rendered":"https:\/\/pb.edu.pl\/brpm\/?page_id=889"},"modified":"2022-06-22T10:34:27","modified_gmt":"2022-06-22T08:34:27","slug":"robotyczni-emisariusze-2-0","status":"publish","type":"page","link":"https:\/\/pb.edu.pl\/brpm\/projekty-pb\/programy-ue\/projekty-zrealizowane\/robotyczni-emisariusze-2-0\/","title":{"rendered":"Robotyczni emisariusze 2.0 &#8211; prezentacja rozwi\u0105za\u0144 studenckich"},"content":{"rendered":"<p><img loading=\"lazy\" decoding=\"async\" class=\"alignnone wp-image-568 size-full\" src=\"https:\/\/pb.edu.pl\/brpm\/wp-content\/uploads\/sites\/6\/2018\/09\/FE_POWER_poziom_pl-jpg.jpg\" alt=\"\" width=\"5883\" height=\"756\" srcset=\"https:\/\/pb.edu.pl\/brpm\/wp-content\/uploads\/sites\/6\/2018\/09\/FE_POWER_poziom_pl-jpg.jpg 5883w, https:\/\/pb.edu.pl\/brpm\/wp-content\/uploads\/sites\/6\/2018\/09\/FE_POWER_poziom_pl-jpg-300x39.jpg 300w, https:\/\/pb.edu.pl\/brpm\/wp-content\/uploads\/sites\/6\/2018\/09\/FE_POWER_poziom_pl-jpg-768x99.jpg 768w, https:\/\/pb.edu.pl\/brpm\/wp-content\/uploads\/sites\/6\/2018\/09\/FE_POWER_poziom_pl-jpg-1024x132.jpg 1024w\" sizes=\"auto, (max-width: 5883px) 100vw, 5883px\" \/><\/p>\n<h2>Projekt \u201eRobotyczni emisariusze 2.0 &#8211; prezentacja rozwi\u0105za\u0144 studenckich\u201d uzyska\u0142 finansowanie z osi priorytetowej III. Szkolnictwo wy\u017csze dla gospodarki i rozwoju, Dzia\u0142ania 3.3 Umi\u0119dzynarodowianie polskiego&nbsp; szkolnictwa wy\u017cszego&nbsp; Programu Operacyjnego Wiedza Edukacja Rozw\u00f3j 2014-2020 w ramach zaproszenia Ministra Nauki i Szkolnictwa Wy\u017cszego do sk\u0142adania ofert na projekty pozakonkursowe o charakterze koncepcyjnym pt. \u201dNajlepsi z najlepszych!4.0.\u201d<\/h2>\n<p><strong>Cel projektu:<\/strong> udzia\u0142 student\u00f3w w kolejnych edycjach presti\u017cowych zawod\u00f3w konstrukcji studenckich, gdzie b\u0119d\u0105 mogli zaprezentowa\u0107 autorskie rozwi\u0105zania z domeny zdalnie sterowanych oraz autonomicznych mobilnych platform robotycznych. W szczeg\u00f3lno\u015bci wa\u017cne s\u0105 wyjazdy na zawody University Rover Challenge 2020 w Stanach Zjednoczonych oraz European Rover Challenge 2019 (b\u0119d\u0105ce cz\u0119\u015bci\u0105 Rover Series-serii zawod\u00f3w analog\u00f3w \u0142azik\u00f3w marsja\u0144skich), do udzia\u0142u w kt\u00f3rych dru\u017cyna przygotowuje si\u0119 od ponad roku.<\/p>\n<p><strong>Czas trwania projektu:<\/strong> 01.07.2019 \u2013 30.06.2020 r.<\/p>\n<p><strong>Ca\u0142kowita warto\u015b\u0107 projektu:<\/strong>&nbsp; 224.000,00 z\u0142<br \/>\nw tym dofinansowanie: 224.000,00 z\u0142:<\/p>\n<ul>\n<li>ze \u015brodk\u00f3w UE: 188.787,20 z\u0142,<\/li>\n<li>ze \u015brodk\u00f3w bud\u017cetu pa\u0144stwa: 35.212,80 z\u0142<\/li>\n<\/ul>\n<h3>G\u0142\u00f3wne za\u0142o\u017cenia projektu:<\/h3>\n<p>Projekt zak\u0142ada tak\u017ce umo\u017cliwienie studentom zaprezentowania swoich osi\u0105gni\u0119\u0107 na konferencjach zwi\u0105zanych z szeroko poj\u0119t\u0105 tematyk\u0105 robot\u00f3w mobilnych. Planowane jest przygotowanie serii artyku\u0142\u00f3w i ich zaprezentowanie na presti\u017cowych mi\u0119dzynarodowych konferencjach po\u015bwi\u0119conych zagadnieniom robotyki i mechatroniki oraz wykorzystania do ich sterowania system\u00f3w wizyjnych i algorytm\u00f3w autonomicznych (ICRA 2020, ICMCR 2020).<\/p>\n<p>W trakcie realizacji projektu opracowane zostan\u0105 systemy zdalnej oraz autonomicznej kontroli robotem mobilnym. Szczeg\u00f3lny nacisk zostanie po\u0142o\u017cony na precyzj\u0119 sterowania np. robotycznym ramieniem oraz niezawodno\u015b\u0107 i bezpiecze\u0144stwo algorytm\u00f3w jazdy. Ogromnym wyzwaniem, jakie stawia sobie zesp\u00f3\u0142 studencki jest osi\u0105gni\u0119cie synergii opracowanych rozwi\u0105za\u0144 z konstrukcjami, kt\u00f3re ju\u017c opracowali &#8211; w celu unowocze\u015bnienia system\u00f3w analog\u00f3w \u0142azik\u00f3w marsja\u0144skich.<\/p>\n","protected":false},"excerpt":{"rendered":"<p>Projekt \u201eRobotyczni emisariusze 2.0 &#8211; prezentacja rozwi\u0105za\u0144 studenckich\u201d uzyska\u0142 finansowanie z osi priorytetowej III. Szkolnictwo<\/p>\n","protected":false},"author":33,"featured_media":0,"parent":89,"menu_order":0,"comment_status":"closed","ping_status":"closed","template":"","meta":{"_acf_changed":false,"ngg_post_thumbnail":0,"footnotes":""},"class_list":["post-889","page","type-page","status-publish","hentry"],"acf":[],"_links":{"self":[{"href":"https:\/\/pb.edu.pl\/brpm\/wp-json\/wp\/v2\/pages\/889","targetHints":{"allow":["GET"]}}],"collection":[{"href":"https:\/\/pb.edu.pl\/brpm\/wp-json\/wp\/v2\/pages"}],"about":[{"href":"https:\/\/pb.edu.pl\/brpm\/wp-json\/wp\/v2\/types\/page"}],"author":[{"embeddable":true,"href":"https:\/\/pb.edu.pl\/brpm\/wp-json\/wp\/v2\/users\/33"}],"replies":[{"embeddable":true,"href":"https:\/\/pb.edu.pl\/brpm\/wp-json\/wp\/v2\/comments?post=889"}],"version-history":[{"count":0,"href":"https:\/\/pb.edu.pl\/brpm\/wp-json\/wp\/v2\/pages\/889\/revisions"}],"up":[{"embeddable":true,"href":"https:\/\/pb.edu.pl\/brpm\/wp-json\/wp\/v2\/pages\/89"}],"wp:attachment":[{"href":"https:\/\/pb.edu.pl\/brpm\/wp-json\/wp\/v2\/media?parent=889"}],"curies":[{"name":"wp","href":"https:\/\/api.w.org\/{rel}","templated":true}]}}