{"id":878,"date":"2020-03-04T16:41:49","date_gmt":"2020-03-04T15:41:49","guid":{"rendered":"https:\/\/pb.edu.pl\/brpm\/?page_id=878"},"modified":"2022-01-10T09:25:17","modified_gmt":"2022-01-10T08:25:17","slug":"statki-powietrzne","status":"publish","type":"page","link":"https:\/\/pb.edu.pl\/brpm\/projekty-pb\/programy-ue\/projekty-zrealizowane\/statki-powietrzne\/","title":{"rendered":"Inteligentne Bezza\u0142ogowe Statki Powietrzne \u2013 projektowanie, budowa, weryfikacja i prezentacja innowacyjnych rozwi\u0105za\u0144 na mi\u0119dzynarodowych zawodach i konferencjach"},"content":{"rendered":"<p><img loading=\"lazy\" decoding=\"async\" class=\"alignnone wp-image-568 size-full\" src=\"https:\/\/pb.edu.pl\/brpm\/wp-content\/uploads\/sites\/6\/2018\/09\/FE_POWER_poziom_pl-jpg.jpg\" alt=\"\" width=\"5883\" height=\"756\" srcset=\"https:\/\/pb.edu.pl\/brpm\/wp-content\/uploads\/sites\/6\/2018\/09\/FE_POWER_poziom_pl-jpg.jpg 5883w, https:\/\/pb.edu.pl\/brpm\/wp-content\/uploads\/sites\/6\/2018\/09\/FE_POWER_poziom_pl-jpg-300x39.jpg 300w, https:\/\/pb.edu.pl\/brpm\/wp-content\/uploads\/sites\/6\/2018\/09\/FE_POWER_poziom_pl-jpg-768x99.jpg 768w, https:\/\/pb.edu.pl\/brpm\/wp-content\/uploads\/sites\/6\/2018\/09\/FE_POWER_poziom_pl-jpg-1024x132.jpg 1024w\" sizes=\"auto, (max-width: 5883px) 100vw, 5883px\" \/><\/p>\n<h2>Projekt &#8222;Inteligentne Bezza\u0142ogowe Statki Powietrzne \u2013 projektowanie, budowa, weryfikacja i prezentacja innowacyjnych rozwi\u0105za\u0144 na mi\u0119dzynarodowych zawodach i konferencjach\u201d jest realizowany przez Politechnik\u0119 Bia\u0142ostock\u0105 w ramach projektu pozakonkursowego o charakterze koncepcyjnym pt. \u201eNajlepsi z najlepszych! 4.0.\u201d z Programu Operacyjnego Wiedza Edukacja Rozw\u00f3j. Projekt jest wsp\u00f3\u0142finansowany ze \u015brodk\u00f3w Europejskiego Funduszu Spo\u0142ecznego.<\/h2>\n<p>Projekt ma na celu umo\u017cliwienie studentom pracuj\u0105cym nad autonomicznymi statkami powietrznymi udzia\u0142u w mi\u0119dzynarodowych konferencjach naukowych, sympozjach i zawodach \u015bci\u015ble zwi\u0105zanych z mechatronik\u0105 i robotyk\u0105.<\/p>\n<p><strong>W ramach projektu zaplanowano:<\/strong><\/p>\n<ul>\n<li>udzia\u0142 w konferencji 4th International Conference on Aerospace, Mechanical and Mechatronic Engineering CAMME 2020 (Nagoja, Japonia, 23-25 marca 2020 r.);<\/li>\n<li>udzia\u0142 w konferencji Mi\u0119dzynarodowych Targach Wynalazczo\u015bci CONCOURS LEPINE 2020 (Pary\u017c, Francja, 30 kwietnia \u2013 11 maja 2020 r.);<\/li>\n<li>udzia\u0142 w zawodach AUVSI SUAS Competition Association for Unmanned Vehicle Systems International Student Unmanned Aerial Systems Competition 2020 (Maryland, USA, 17-20 czerwca 2020 r.).<\/li>\n<\/ul>\n<p><strong>Termin realizacji:<\/strong> od 01.09.2019 r. do 30.06.2020 r.<\/p>\n<p><strong>Warto\u015b\u0107 projektu:<\/strong> 200&nbsp;000,00 PLN<\/p>\n<p><strong>Dofinansowanie projektu z UE (84,28% wydatk\u00f3w kwalifikowalnych projektu):<\/strong> 168&nbsp;560,00 PLN<\/p>\n","protected":false},"excerpt":{"rendered":"<p>Projekt &#8222;Inteligentne Bezza\u0142ogowe Statki Powietrzne \u2013 projektowanie, budowa, weryfikacja i prezentacja innowacyjnych rozwi\u0105za\u0144 na mi\u0119dzynarodowych<\/p>\n","protected":false},"author":33,"featured_media":0,"parent":89,"menu_order":0,"comment_status":"closed","ping_status":"closed","template":"","meta":{"_acf_changed":false,"ngg_post_thumbnail":0,"footnotes":""},"class_list":["post-878","page","type-page","status-publish","hentry"],"acf":[],"_links":{"self":[{"href":"https:\/\/pb.edu.pl\/brpm\/wp-json\/wp\/v2\/pages\/878","targetHints":{"allow":["GET"]}}],"collection":[{"href":"https:\/\/pb.edu.pl\/brpm\/wp-json\/wp\/v2\/pages"}],"about":[{"href":"https:\/\/pb.edu.pl\/brpm\/wp-json\/wp\/v2\/types\/page"}],"author":[{"embeddable":true,"href":"https:\/\/pb.edu.pl\/brpm\/wp-json\/wp\/v2\/users\/33"}],"replies":[{"embeddable":true,"href":"https:\/\/pb.edu.pl\/brpm\/wp-json\/wp\/v2\/comments?post=878"}],"version-history":[{"count":0,"href":"https:\/\/pb.edu.pl\/brpm\/wp-json\/wp\/v2\/pages\/878\/revisions"}],"up":[{"embeddable":true,"href":"https:\/\/pb.edu.pl\/brpm\/wp-json\/wp\/v2\/pages\/89"}],"wp:attachment":[{"href":"https:\/\/pb.edu.pl\/brpm\/wp-json\/wp\/v2\/media?parent=878"}],"curies":[{"name":"wp","href":"https:\/\/api.w.org\/{rel}","templated":true}]}}