{"id":874,"date":"2020-03-04T16:33:26","date_gmt":"2020-03-04T15:33:26","guid":{"rendered":"https:\/\/pb.edu.pl\/brpm\/?page_id=874"},"modified":"2023-10-18T15:15:02","modified_gmt":"2023-10-18T13:15:02","slug":"polanica","status":"publish","type":"page","link":"https:\/\/pb.edu.pl\/brpm\/projekty-pb\/programy-ue\/projekty-zrealizowane\/polanica\/","title":{"rendered":"Ochrona zasob\u00f3w naturalnych w\u00f3d w Polanicy-Zdr\u00f3j poprzez inteligentne zarz\u0105dzanie gospodark\u0105 wodno-\u015bciekow\u0105"},"content":{"rendered":"<p><img loading=\"lazy\" decoding=\"async\" class=\"alignnone size-full wp-image-1525\" src=\"https:\/\/pb.edu.pl\/brpm\/wp-content\/uploads\/sites\/6\/2022\/10\/belka-POIR_pl.jpg\" alt=\"\" width=\"1778\" height=\"181\" srcset=\"https:\/\/pb.edu.pl\/brpm\/wp-content\/uploads\/sites\/6\/2022\/10\/belka-POIR_pl.jpg 1778w, https:\/\/pb.edu.pl\/brpm\/wp-content\/uploads\/sites\/6\/2022\/10\/belka-POIR_pl-300x31.jpg 300w, https:\/\/pb.edu.pl\/brpm\/wp-content\/uploads\/sites\/6\/2022\/10\/belka-POIR_pl-1024x104.jpg 1024w, https:\/\/pb.edu.pl\/brpm\/wp-content\/uploads\/sites\/6\/2022\/10\/belka-POIR_pl-768x78.jpg 768w, https:\/\/pb.edu.pl\/brpm\/wp-content\/uploads\/sites\/6\/2022\/10\/belka-POIR_pl-1536x156.jpg 1536w\" sizes=\"auto, (max-width: 1778px) 100vw, 1778px\" \/><\/p>\n<h2>\u201eOchrona zasob\u00f3w naturalnych w\u00f3d w Polanicy-Zdr\u00f3j poprzez inteligentne zarz\u0105dzanie gospodark\u0105 wodno-\u015bciekow\u0105\u201d. Projekt jest wsp\u00f3\u0142finansowany w ramach Dzia\u0142ania 1.1 Programu Operacyjnego Inteligentny Rozw\u00f3j 2014-2020 wsp\u00f3\u0142finansowanego ze \u015brodk\u00f3w Europejskiego Funduszu Rozwoju Regionalnego, Poddzia\u0142anie 1.1.1 \u201eBadania przemys\u0142owe i prace rozwojowe realizowane przez przedsi\u0119biorstwa\u201d.<\/h2>\n<p>Celem projektu jest stworzenie inteligentnego, zintegrowanego systemu zarz\u0105dzania gospodark\u0105 wodno\u015bciekow\u0105 na bazie innowacyjnego systemu GIS 3D oraz modelowania hydrodynamicznego system\u00f3w dystrybucji wody i odprowadzania \u015bciek\u00f3w. Obiektem bada\u0144 jest miejska sie\u0107 wodoci\u0105gowa i kanalizacja bytowo-gospodarcza w Polanicy-Zdr\u00f3j. Zakres przedmiotowy obejmuje: budow\u0119 systemu symulacyjnego pracy sieci wodoci\u0105gowej, budow\u0119 systemu symulacyjnego pracy kanalizacji bytowo-gospodarczej, budow\u0119 scenariuszy pracy system\u00f3w w warunkach rozwoju miasta i zmian klimatycznych, wielokryterialn\u0105 ocen\u0119 efektywno\u015bci ekonomicznej pracy system\u00f3w z uwzgl\u0119dnieniem kryteri\u00f3w spo\u0142ecznych i \u015brodowiskowych, opracowanie systemu zarz\u0105dzania zintegrowanym systemem z uwzgl\u0119dnieniem wytycznych do podniesienia efektywno\u015bci jego dzia\u0142ania i bezpiecze\u0144stwa pracy. Przeprowadzenie komputerowych symulacji pracy sieci wodoci\u0105gowej ma zadanie pom\u00f3c w znalezieniu metody i sposobu na poprawienie jako\u015bci wody dostarczanej przez siec wodoci\u0105gow\u0105.<\/p>\n<p><strong>Dofinansowanie projektu z UE: 513&nbsp;118,70 PLN (cz\u0119\u015b\u0107 PB)<\/strong><\/p>\n<p><strong>Termin realizacji: 01.01.2020 \u2013 31.12.2022<\/strong><\/p>\n<p>Projekt realizowany jest przez Konsorcjum w sk\u0142adzie:<\/p>\n<ul>\n<li>Miejski Zak\u0142ad Komunalny w Polanicy-Zdroju Sp\u00f3\u0142ka z o.o. &#8211; Lider,<\/li>\n<li>Politechnika Bia\u0142ostocka (Wydzia\u0142 Budownictwa i Nauk o \u015arodowisku &#8211; Partner,<\/li>\n<li>Politechnika Wroc\u0142awska &#8211; Partner.<\/li>\n<\/ul>\n","protected":false},"excerpt":{"rendered":"<p>\u201eOchrona zasob\u00f3w naturalnych w\u00f3d w Polanicy-Zdr\u00f3j poprzez inteligentne zarz\u0105dzanie gospodark\u0105 wodno-\u015bciekow\u0105\u201d. Projekt jest wsp\u00f3\u0142finansowany w<\/p>\n","protected":false},"author":33,"featured_media":0,"parent":89,"menu_order":0,"comment_status":"closed","ping_status":"closed","template":"","meta":{"_acf_changed":false,"ngg_post_thumbnail":0,"footnotes":""},"class_list":["post-874","page","type-page","status-publish","hentry"],"acf":[],"_links":{"self":[{"href":"https:\/\/pb.edu.pl\/brpm\/wp-json\/wp\/v2\/pages\/874","targetHints":{"allow":["GET"]}}],"collection":[{"href":"https:\/\/pb.edu.pl\/brpm\/wp-json\/wp\/v2\/pages"}],"about":[{"href":"https:\/\/pb.edu.pl\/brpm\/wp-json\/wp\/v2\/types\/page"}],"author":[{"embeddable":true,"href":"https:\/\/pb.edu.pl\/brpm\/wp-json\/wp\/v2\/users\/33"}],"replies":[{"embeddable":true,"href":"https:\/\/pb.edu.pl\/brpm\/wp-json\/wp\/v2\/comments?post=874"}],"version-history":[{"count":0,"href":"https:\/\/pb.edu.pl\/brpm\/wp-json\/wp\/v2\/pages\/874\/revisions"}],"up":[{"embeddable":true,"href":"https:\/\/pb.edu.pl\/brpm\/wp-json\/wp\/v2\/pages\/89"}],"wp:attachment":[{"href":"https:\/\/pb.edu.pl\/brpm\/wp-json\/wp\/v2\/media?parent=874"}],"curies":[{"name":"wp","href":"https:\/\/api.w.org\/{rel}","templated":true}]}}