{"id":867,"date":"2020-02-06T19:05:21","date_gmt":"2020-02-06T18:05:21","guid":{"rendered":"https:\/\/pb.edu.pl\/brpm\/?page_id=867"},"modified":"2024-01-31T22:41:55","modified_gmt":"2024-01-31T21:41:55","slug":"pb-2-0","status":"publish","type":"page","link":"https:\/\/pb.edu.pl\/brpm\/projekty-pb\/programy-ue\/projekty-zrealizowane\/pb-2-0\/","title":{"rendered":"PB 2.0"},"content":{"rendered":"<p><img loading=\"lazy\" decoding=\"async\" class=\"alignnone size-full wp-image-1524\" src=\"https:\/\/pb.edu.pl\/brpm\/wp-content\/uploads\/sites\/6\/2022\/10\/belka-POWER_pl.jpg\" alt=\"\" width=\"1871\" height=\"183\" srcset=\"https:\/\/pb.edu.pl\/brpm\/wp-content\/uploads\/sites\/6\/2022\/10\/belka-POWER_pl.jpg 1871w, https:\/\/pb.edu.pl\/brpm\/wp-content\/uploads\/sites\/6\/2022\/10\/belka-POWER_pl-300x29.jpg 300w, https:\/\/pb.edu.pl\/brpm\/wp-content\/uploads\/sites\/6\/2022\/10\/belka-POWER_pl-1024x100.jpg 1024w, https:\/\/pb.edu.pl\/brpm\/wp-content\/uploads\/sites\/6\/2022\/10\/belka-POWER_pl-768x75.jpg 768w, https:\/\/pb.edu.pl\/brpm\/wp-content\/uploads\/sites\/6\/2022\/10\/belka-POWER_pl-1536x150.jpg 1536w\" sizes=\"auto, (max-width: 1871px) 100vw, 1871px\" \/><\/p>\n<h2>Projekt&nbsp;\u201ePB 2.0. &#8211; Zintegrowany Program Rozwoju\u201d jest wsp\u00f3\u0142finansowany przez Uni\u0119 Europejsk\u0105 w ramach Europejskiego Funduszu Spo\u0142ecznego, Program Operacyjny Wiedza Edukacja Rozw\u00f3j, O\u015b Priorytetowa III. Szkolnictwo wy\u017csze dla gospodarki i rozwoju, Dzia\u0142anie 3.5 Kompleksowe programy szk\u00f3\u0142 wy\u017cszych.<\/h2>\n<p><strong>Celem g\u0142\u00f3wnym projektu<\/strong> jest wdro\u017cenie kompleksowego Programu Rozwoju Politechniki Bia\u0142ostockiej, kt\u00f3ry umo\u017cliwi restrukturyzacj\u0119 uczelni w zakresie podniesienia efektywno\u015bci jej funkcjonowania w obszarze zarz\u0105dzania oraz dostosowania kszta\u0142cenia do aktualnych potrzeb gospodarki.<\/p>\n<p>W ramach projektu zaplanowano kompleksowe dzia\u0142ania, kt\u00f3re umo\u017cliwi\u0105:<\/p>\n<ul>\n<li>uruchomienie nowoczesnych kierunk\u00f3w kszta\u0142cenia;<\/li>\n<li>zmodernizowa\u0107 programy kszta\u0142cenia do aktualnych potrzeb rynku pracy;<\/li>\n<li>rozw\u00f3j kompetencji student\u00f3w wchodz\u0105cych na rynek pracy;<\/li>\n<li>rozw\u00f3j kompetencji kadry akademickiej;<\/li>\n<li>zwi\u0119kszenie efektywno\u015bci funkcjonowania Uczelni poprzez wdro\u017cenie nowego systemu informatycznego oraz realizacj\u0119 programu szkole\u0144 skierowanego do pracownik\u00f3w kadr zarz\u0105dczych i administracyjnych.<\/li>\n<\/ul>\n<p><strong>Okres realizacji projektu:<\/strong>&nbsp;08.04.2019 \u2013 31.12.2023<\/p>\n<p><strong>Warto\u015b\u0107 projektu:<\/strong>&nbsp;12 372 000,00 z\u0142<\/p>\n<p><strong>Dofinansowanie:<\/strong>&nbsp;11 999 999,21 z\u0142<\/p>\n<p>Wi\u0119cej informacji na stronie projektu: <a title=\"Strona otworzy si\u0119 w nowym oknie.\" href=\"https:\/\/pb.edu.pl\/pb2\/\" target=\"_blank\" rel=\"noopener\">www.pb.edu.pl\/pb2<\/a><\/p>\n","protected":false},"excerpt":{"rendered":"<p>Projekt&nbsp;\u201ePB 2.0. &#8211; Zintegrowany Program Rozwoju\u201d jest wsp\u00f3\u0142finansowany przez Uni\u0119 Europejsk\u0105 w ramach Europejskiego Funduszu<\/p>\n","protected":false},"author":2,"featured_media":0,"parent":89,"menu_order":12,"comment_status":"closed","ping_status":"closed","template":"","meta":{"_acf_changed":false,"ngg_post_thumbnail":0,"footnotes":""},"class_list":["post-867","page","type-page","status-publish","hentry"],"acf":[],"_links":{"self":[{"href":"https:\/\/pb.edu.pl\/brpm\/wp-json\/wp\/v2\/pages\/867","targetHints":{"allow":["GET"]}}],"collection":[{"href":"https:\/\/pb.edu.pl\/brpm\/wp-json\/wp\/v2\/pages"}],"about":[{"href":"https:\/\/pb.edu.pl\/brpm\/wp-json\/wp\/v2\/types\/page"}],"author":[{"embeddable":true,"href":"https:\/\/pb.edu.pl\/brpm\/wp-json\/wp\/v2\/users\/2"}],"replies":[{"embeddable":true,"href":"https:\/\/pb.edu.pl\/brpm\/wp-json\/wp\/v2\/comments?post=867"}],"version-history":[{"count":0,"href":"https:\/\/pb.edu.pl\/brpm\/wp-json\/wp\/v2\/pages\/867\/revisions"}],"up":[{"embeddable":true,"href":"https:\/\/pb.edu.pl\/brpm\/wp-json\/wp\/v2\/pages\/89"}],"wp:attachment":[{"href":"https:\/\/pb.edu.pl\/brpm\/wp-json\/wp\/v2\/media?parent=867"}],"curies":[{"name":"wp","href":"https:\/\/api.w.org\/{rel}","templated":true}]}}