{"id":864,"date":"2020-02-06T12:14:29","date_gmt":"2020-02-06T11:14:29","guid":{"rendered":"https:\/\/pb.edu.pl\/brpm\/?page_id=864"},"modified":"2022-01-10T09:25:03","modified_gmt":"2022-01-10T08:25:03","slug":"konsolidacja","status":"publish","type":"page","link":"https:\/\/pb.edu.pl\/brpm\/projekty-pb\/programy-ue\/projekty-zrealizowane\/konsolidacja\/","title":{"rendered":"Konsolidacja"},"content":{"rendered":"<p><img loading=\"lazy\" decoding=\"async\" class=\"alignnone wp-image-568 size-full\" src=\"https:\/\/pb.edu.pl\/brpm\/wp-content\/uploads\/sites\/6\/2018\/09\/FE_POWER_poziom_pl-jpg.jpg\" alt=\"\" width=\"5883\" height=\"756\" srcset=\"https:\/\/pb.edu.pl\/brpm\/wp-content\/uploads\/sites\/6\/2018\/09\/FE_POWER_poziom_pl-jpg.jpg 5883w, https:\/\/pb.edu.pl\/brpm\/wp-content\/uploads\/sites\/6\/2018\/09\/FE_POWER_poziom_pl-jpg-300x39.jpg 300w, https:\/\/pb.edu.pl\/brpm\/wp-content\/uploads\/sites\/6\/2018\/09\/FE_POWER_poziom_pl-jpg-768x99.jpg 768w, https:\/\/pb.edu.pl\/brpm\/wp-content\/uploads\/sites\/6\/2018\/09\/FE_POWER_poziom_pl-jpg-1024x132.jpg 1024w\" sizes=\"auto, (max-width: 5883px) 100vw, 5883px\" \/><\/p>\n<h2>Politechnika Bia\u0142ostocka realizuje projekt pt. \u201eWspieranie proces\u00f3w konsolidacji uczelni\u201d w ramach Programu Operacyjnego Wiedza Edukacja Rozw\u00f3j. Projekt jest wsp\u00f3\u0142finansowany ze \u015brodk\u00f3w Europejskiego Funduszu Spo\u0142ecznego.<\/h2>\n<p>Projekt b\u0119dzie realizowany od pocz\u0105tku lipca 2019 r. do 31.12.2020 r.<\/p>\n<p>Celem projektu s\u0105 prace przygotowawcze na rzecz po\u0142\u0105czenia Politechniki Bia\u0142ostockiej i Uniwersytetu w Bia\u0142ymstoku. W ramach projektu m.in. wsparcie otrzymaj\u0105 pracownicy merytoryczni w obu uczelniach oraz zostanie wykonana wielop\u0142aszczyznowa analiza. Realizacja projektu obejmuje 3 etapy:<\/p>\n<p>Etap I \u2013 przygotowanie post\u0119powania i wy\u0142onienie Wykonawcy do przeprowadzenia analiz<br \/>\nEtap II \u2013 przeprowadzenie analiz i okre\u015blenie wariant\u00f3w konsolidacji<br \/>\nEtap III \u2013 podj\u0119cie decyzji o konsolidacji<\/p>\n<p><strong>Warto\u015b\u0107 projektu:<\/strong> 1&nbsp;206&nbsp;380,00 PLN<\/p>\n<p><strong>Dofinansowanie projektu z UE:<\/strong> 1&nbsp;016&nbsp;737,06 PLN<br \/>\n&nbsp;<\/p>\n","protected":false},"excerpt":{"rendered":"<p>Politechnika Bia\u0142ostocka realizuje projekt pt. \u201eWspieranie proces\u00f3w konsolidacji uczelni\u201d w ramach Programu Operacyjnego Wiedza Edukacja<\/p>\n","protected":false},"author":33,"featured_media":0,"parent":89,"menu_order":0,"comment_status":"closed","ping_status":"closed","template":"","meta":{"_acf_changed":false,"ngg_post_thumbnail":0,"footnotes":""},"class_list":["post-864","page","type-page","status-publish","hentry"],"acf":[],"_links":{"self":[{"href":"https:\/\/pb.edu.pl\/brpm\/wp-json\/wp\/v2\/pages\/864","targetHints":{"allow":["GET"]}}],"collection":[{"href":"https:\/\/pb.edu.pl\/brpm\/wp-json\/wp\/v2\/pages"}],"about":[{"href":"https:\/\/pb.edu.pl\/brpm\/wp-json\/wp\/v2\/types\/page"}],"author":[{"embeddable":true,"href":"https:\/\/pb.edu.pl\/brpm\/wp-json\/wp\/v2\/users\/33"}],"replies":[{"embeddable":true,"href":"https:\/\/pb.edu.pl\/brpm\/wp-json\/wp\/v2\/comments?post=864"}],"version-history":[{"count":0,"href":"https:\/\/pb.edu.pl\/brpm\/wp-json\/wp\/v2\/pages\/864\/revisions"}],"up":[{"embeddable":true,"href":"https:\/\/pb.edu.pl\/brpm\/wp-json\/wp\/v2\/pages\/89"}],"wp:attachment":[{"href":"https:\/\/pb.edu.pl\/brpm\/wp-json\/wp\/v2\/media?parent=864"}],"curies":[{"name":"wp","href":"https:\/\/api.w.org\/{rel}","templated":true}]}}