{"id":857,"date":"2020-01-23T15:18:12","date_gmt":"2020-01-23T14:18:12","guid":{"rendered":"https:\/\/pb.edu.pl\/brpm\/?page_id=857"},"modified":"2024-01-31T22:15:30","modified_gmt":"2024-01-31T21:15:30","slug":"prace-lab","status":"publish","type":"page","link":"https:\/\/pb.edu.pl\/brpm\/projekty-pb\/programy-ue\/projekty-zrealizowane\/prace-lab\/","title":{"rendered":"PRACE-LAB"},"content":{"rendered":"<p><img loading=\"lazy\" decoding=\"async\" class=\"alignnone wp-image-1608\" src=\"https:\/\/pb.edu.pl\/brpm\/wp-content\/uploads\/sites\/6\/2022\/10\/pracelab.png\" alt=\"\" width=\"1600\" height=\"160\" srcset=\"https:\/\/pb.edu.pl\/brpm\/wp-content\/uploads\/sites\/6\/2022\/10\/pracelab.png 1070w, https:\/\/pb.edu.pl\/brpm\/wp-content\/uploads\/sites\/6\/2022\/10\/pracelab-300x30.png 300w, https:\/\/pb.edu.pl\/brpm\/wp-content\/uploads\/sites\/6\/2022\/10\/pracelab-1024x102.png 1024w, https:\/\/pb.edu.pl\/brpm\/wp-content\/uploads\/sites\/6\/2022\/10\/pracelab-768x77.png 768w\" sizes=\"auto, (max-width: 1600px) 100vw, 1600px\" \/><\/p>\n<h2>\u201ePRACE \u2013 Wsp\u00f3\u0142praca w zakresie zaawansowanych oblicze\u0144 w Europie\u201d \u2013 projekt realizowany w ramach Dzia\u0142ania 4.2 Programu Operacyjnego Inteligentny Rozw\u00f3j 2014-2020, wsp\u00f3\u0142finansowanego ze \u015arodk\u00f3w Europejskiego Funduszu Rozwoju Regionalnego.<\/h2>\n<p>Bud\u017cet projektu: <strong>211 005 593,17 z\u0142,<\/strong> w tym dofinansowanie: <strong>168 639 915,50 z\u0142 (PB \u2013 3 607 713,39 z\u0142, <\/strong>w tym dofinansowanie <strong>3 606 803,14 z\u0142)<\/strong><\/p>\n<p>Termin realizacji: <strong>01.01.2019 \u2013 31.12.2023<\/strong><\/p>\n<p>Projekt PRACE-Lab zosta\u0142 zamieszczony na Polskiej Mapie Drogowej Infrastruktur Badawczych.<\/p>\n<p>Celem nadrz\u0119dnym projektu jest zwi\u0119kszenie konkurencyjno\u015bci \u015brodowiska naukowego oraz gospodarki, ze szczeg\u00f3lnym uwzgl\u0119dnieniem M\u015aP, na rynkach mi\u0119dzynarodowych. Dzi\u0119ki realizacji prac rozwojowych planowana jest poprawa pozycji polskiego sektora ICT poprzez wsparcie i wzmocnienie rozwoju innowacyjnych rozwi\u0105za\u0144.<\/p>\n<p>Celem bezpo\u015brednim projektu jest budowa szeroko dost\u0119pnej infrastruktury obliczeniowej HPC (ang. High Performance Computing) z\u0142o\u017conej z wysokowydajnych serwer\u00f3w obliczeniowych, specjalizowanych jednostek przetwarzania i elastycznych system\u00f3w zarz\u0105dzania danymi oraz udost\u0119pnienie jednostkom naukowym i przedsi\u0119biorstwom w oparciu o t\u0119 infrastruktur\u0119 us\u0142ug dla prac badawczo-rozwojowych i dzia\u0142a\u0144 komercyjnych.<\/p>\n<h3>Projekt jest realizowany przez konsorcjum naukowe w sk\u0142adzie:<\/h3>\n<ul>\n<li>Instytut Chemii Bioorganicznej PAN \u2013 Pozna\u0144skie Centrum Superkomputerowo-Sieciowe (lider konsorcjum),<\/li>\n<li>Akademickie Centrum Komputerowe Cyfronet Akademii G\u00f3rniczo-Hutniczej,<\/li>\n<li>Politechnika Bia\u0142ostocka,<\/li>\n<li>Politechnika Cz\u0119stochowska,<\/li>\n<li>Politechnika Gda\u0144ska \u2013 Centrum Informatyczne Tr\u00f3jmiejskiej Akademickiej Sieci Komputerowej,<\/li>\n<li>Politechnika \u0141\u00f3dzka,<\/li>\n<li>Politechnika \u015awi\u0119tokrzyska,<\/li>\n<li>Politechnika Wroc\u0142awska.<\/li>\n<\/ul>\n","protected":false},"excerpt":{"rendered":"<p>\u201ePRACE \u2013 Wsp\u00f3\u0142praca w zakresie zaawansowanych oblicze\u0144 w Europie\u201d \u2013 projekt realizowany w ramach Dzia\u0142ania<\/p>\n","protected":false},"author":33,"featured_media":0,"parent":89,"menu_order":0,"comment_status":"closed","ping_status":"closed","template":"","meta":{"_acf_changed":false,"ngg_post_thumbnail":0,"footnotes":""},"class_list":["post-857","page","type-page","status-publish","hentry"],"acf":[],"_links":{"self":[{"href":"https:\/\/pb.edu.pl\/brpm\/wp-json\/wp\/v2\/pages\/857","targetHints":{"allow":["GET"]}}],"collection":[{"href":"https:\/\/pb.edu.pl\/brpm\/wp-json\/wp\/v2\/pages"}],"about":[{"href":"https:\/\/pb.edu.pl\/brpm\/wp-json\/wp\/v2\/types\/page"}],"author":[{"embeddable":true,"href":"https:\/\/pb.edu.pl\/brpm\/wp-json\/wp\/v2\/users\/33"}],"replies":[{"embeddable":true,"href":"https:\/\/pb.edu.pl\/brpm\/wp-json\/wp\/v2\/comments?post=857"}],"version-history":[{"count":0,"href":"https:\/\/pb.edu.pl\/brpm\/wp-json\/wp\/v2\/pages\/857\/revisions"}],"up":[{"embeddable":true,"href":"https:\/\/pb.edu.pl\/brpm\/wp-json\/wp\/v2\/pages\/89"}],"wp:attachment":[{"href":"https:\/\/pb.edu.pl\/brpm\/wp-json\/wp\/v2\/media?parent=857"}],"curies":[{"name":"wp","href":"https:\/\/api.w.org\/{rel}","templated":true}]}}