{"id":855,"date":"2020-01-23T15:16:08","date_gmt":"2020-01-23T14:16:08","guid":{"rendered":"https:\/\/pb.edu.pl\/brpm\/?page_id=855"},"modified":"2023-10-18T15:15:33","modified_gmt":"2023-10-18T13:15:33","slug":"biog-net","status":"publish","type":"page","link":"https:\/\/pb.edu.pl\/brpm\/projekty-pb\/programy-ue\/projekty-zrealizowane\/biog-net\/","title":{"rendered":"BIOG-NET"},"content":{"rendered":"<p><img loading=\"lazy\" decoding=\"async\" class=\"size-full wp-image-1528 aligncenter\" src=\"https:\/\/pb.edu.pl\/brpm\/wp-content\/uploads\/sites\/6\/2022\/10\/Logotypy_pasek_PL-FNP-POIR.jpg\" alt=\"\" width=\"1320\" height=\"192\" srcset=\"https:\/\/pb.edu.pl\/brpm\/wp-content\/uploads\/sites\/6\/2022\/10\/Logotypy_pasek_PL-FNP-POIR.jpg 1320w, https:\/\/pb.edu.pl\/brpm\/wp-content\/uploads\/sites\/6\/2022\/10\/Logotypy_pasek_PL-FNP-POIR-300x44.jpg 300w, https:\/\/pb.edu.pl\/brpm\/wp-content\/uploads\/sites\/6\/2022\/10\/Logotypy_pasek_PL-FNP-POIR-1024x149.jpg 1024w, https:\/\/pb.edu.pl\/brpm\/wp-content\/uploads\/sites\/6\/2022\/10\/Logotypy_pasek_PL-FNP-POIR-768x112.jpg 768w\" sizes=\"auto, (max-width: 1320px) 100vw, 1320px\" \/><\/p>\n<h2>Projekt \u201eZaawansowane biokompozyty dla gospodarki jutra BIOG-NET\u201d \u2013 projekt realizowany w ramach Dzia\u0142ania 4.4 Programu Operacyjnego Inteligentny Rozw\u00f3j 2014-2020.<\/h2>\n<p>G\u0142\u00f3wnym celem projektu jest biosynteza i charakterystyka w\u0142a\u015bciwo\u015bci nowych hierarchicznych nanostruktur ZnO, Ag oraz krzemionkowych z domieszkowaniem jonami metali przej\u015bciowych oraz nanocz\u0105stek przez hodowl\u0119 wybranych rodzaj\u00f3w okrzemek stanowi\u0105cych punkt wyj\u015bcia, fizykochemiczna charakterystyka oraz aplikacja na gruncie zastosowa\u0144 kosmetycznych oraz \u017cywieniowych.<\/p>\n<p>W poszukiwaniu rozwi\u0105za\u0144 w nowoczesnych technologiach, zw\u0142aszcza w projektowaniu i wytwarzaniu nowych nanokompozytowych materia\u0142\u00f3w nieorganicznych, bogat\u0105 inspiracj\u0119 stanowi\u0105 mikroorganizmy. Jednym z najbardziej spektakularnych przyk\u0142ad\u00f3w s\u0105 okrzemki z ich fenomenalna zdolno\u015bci\u0105 do syntezy amorficznej krzemionki o z\u0142o\u017conej, tr\u00f3jwymiarowej, a\u017curowej nanostrukturze. Nadrz\u0119dnym celem projektu jest biosynteza i charakterystyka w\u0142a\u015bciwo\u015bci nowych hierarchicznych nanostruktur ZnO, Ag oraz krzemionkowych z domieszkowaniem jonami metali przej\u015bciowych oraz nanocz\u0105stek przez hodowl\u0119 wybranych rodzaj\u00f3w okrzemek stanowi\u0105cych punkt wyj\u015bcia, fizykochemiczna charakterystyka oraz aplikacja na gruncie zastosowa\u0144 kosmetycznych oraz \u017cywieniowych. Wyniki tych bada\u0144 pozwol\u0105 te\u017c lepiej zrozumie\u0107 mechanizmy i procesy biologicznej syntezy materii nieorganicznej przez mikroorganizmy oraz dalszego rozwoju nowych sposob\u00f3w biosyntezy nanokompozytowych materia\u0142\u00f3w w przyjaznych dla \u015brodowiska warunkach.<\/p>\n<p><strong>Projekt jest realizowany przez konsorcjum naukowe w sk\u0142adzie:<\/strong><\/p>\n<ul>\n<li>UNIWERSYTET MIKO\u0141AJA KOPERNIKA (lider konsorcjum),<\/li>\n<li>UNIWERSYTET IM. ADAMA MICKIEWICZA W POZNANIU,<\/li>\n<li>UNIWERSYTET WARMI\u0143SKO-MAZURSKI W OLSZTYNIE,<\/li>\n<li>POLITECHNIKA WARSZAWSKA,<\/li>\n<li>POLITECHNIKA BIA\u0141OSTOCKA,<\/li>\n<li>UNIWERSYTET SZCZECI\u0143SKI.<\/li>\n<\/ul>\n<p>Bud\u017cet projektu: <strong>20 898 921,93 z\u0142 (PB \u2013 3 498 748,90 z\u0142)<\/strong><\/p>\n<p>Termin realizacji: <strong>2019-10-01 \u2013 2023-06-30<\/strong><\/p>\n","protected":false},"excerpt":{"rendered":"<p>Projekt \u201eZaawansowane biokompozyty dla gospodarki jutra BIOG-NET\u201d \u2013 projekt realizowany w ramach Dzia\u0142ania 4.4 Programu<\/p>\n","protected":false},"author":33,"featured_media":0,"parent":89,"menu_order":0,"comment_status":"closed","ping_status":"closed","template":"","meta":{"_acf_changed":false,"ngg_post_thumbnail":0,"footnotes":""},"class_list":["post-855","page","type-page","status-publish","hentry"],"acf":[],"_links":{"self":[{"href":"https:\/\/pb.edu.pl\/brpm\/wp-json\/wp\/v2\/pages\/855","targetHints":{"allow":["GET"]}}],"collection":[{"href":"https:\/\/pb.edu.pl\/brpm\/wp-json\/wp\/v2\/pages"}],"about":[{"href":"https:\/\/pb.edu.pl\/brpm\/wp-json\/wp\/v2\/types\/page"}],"author":[{"embeddable":true,"href":"https:\/\/pb.edu.pl\/brpm\/wp-json\/wp\/v2\/users\/33"}],"replies":[{"embeddable":true,"href":"https:\/\/pb.edu.pl\/brpm\/wp-json\/wp\/v2\/comments?post=855"}],"version-history":[{"count":0,"href":"https:\/\/pb.edu.pl\/brpm\/wp-json\/wp\/v2\/pages\/855\/revisions"}],"up":[{"embeddable":true,"href":"https:\/\/pb.edu.pl\/brpm\/wp-json\/wp\/v2\/pages\/89"}],"wp:attachment":[{"href":"https:\/\/pb.edu.pl\/brpm\/wp-json\/wp\/v2\/media?parent=855"}],"curies":[{"name":"wp","href":"https:\/\/api.w.org\/{rel}","templated":true}]}}