{"id":810,"date":"2020-01-13T14:08:50","date_gmt":"2020-01-13T13:08:50","guid":{"rendered":"https:\/\/pb.edu.pl\/brpm\/?page_id=810"},"modified":"2022-01-10T09:31:01","modified_gmt":"2022-01-10T08:31:01","slug":"partner","status":"publish","type":"page","link":"https:\/\/pb.edu.pl\/brpm\/projekty-pb\/programy-ue\/projekty-zrealizowane\/partner\/","title":{"rendered":"Praca zlecona przez firm\u0119 PARTNER Sp. z o.o."},"content":{"rendered":"<h2>Praca zlecona przez firm\u0119 PARTNER Sp. z o.o. w ramach projektu: \u201eInnowacyjne badania zintegrowania budynk\u00f3w mieszkalnych typu \u201eZEB\u201d z za\u0142o\u017ceniami budownictwa zr\u00f3wnowa\u017conego na terenie Europy Wschodniej \u2013 technologie systemowego budownictwa zr\u00f3wnowa\u017conego drewnianego do budowy typu ZEOZ \u201eZeroenergetyczny obiekt zr\u00f3wnowa\u017cony\u201d.\u201d<\/h2>\n<p><strong>Finansowanie w ramach:<\/strong> O\u015a Gospodarka, innowacje, nowoczesne technologie, Program Operacyjny Wojew\u00f3dztwa Zachodniopomorskiego na lata 2014 \u2013 2020, Dzia\u0142anie 1.1 Projekty badawczo-rozwojowe przedsi\u0119biorstw Typ projektu 2. Projekty badawczo-rozwojowe przedsi\u0119biorstw wraz z przygotowaniem do wdro\u017cenia w dzia\u0142alno\u015bci gospodarczej.\u201d<\/p>\n<p><strong>Przedmiot umowy:<\/strong> Realizacja wszechstronnych bada\u0144 materia\u0142\u00f3w, element\u00f3w konstrukcyjnych i przegr\u00f3d budowlanych w okre\u015blonych warunkach cieplno-wilgotno\u015bciowych, w tym g\u0142ownie w zakresie fizyki budowli i komfortu cieplnego ludzi.<\/p>\n<p><strong>Warto\u015b\u0107 zlecenia:<\/strong> 103 320,00 z\u0142 brutto<\/p>\n<p><strong>Okres realizacji pracy:<\/strong> 01.09.2019 r. \u2013 31.10.2019 r.<\/p>\n<p><strong>Jednostka realizuj\u0105ca:<\/strong> Wydzia\u0142 Budownictwa i In\u017cynierii \u015arodowiska Politechniki Bia\u0142ostockiej<\/p>\n<p><strong>Kierownik Pracy:<\/strong> dr hab. in\u017c. Marta Kosior-Kazberuk<\/p>\n","protected":false},"excerpt":{"rendered":"<p>Praca zlecona przez firm\u0119 PARTNER Sp. z o.o. w ramach projektu: \u201eInnowacyjne badania zintegrowania budynk\u00f3w<\/p>\n","protected":false},"author":33,"featured_media":0,"parent":89,"menu_order":0,"comment_status":"closed","ping_status":"closed","template":"","meta":{"_acf_changed":false,"ngg_post_thumbnail":0,"footnotes":""},"class_list":["post-810","page","type-page","status-publish","hentry"],"acf":[],"_links":{"self":[{"href":"https:\/\/pb.edu.pl\/brpm\/wp-json\/wp\/v2\/pages\/810","targetHints":{"allow":["GET"]}}],"collection":[{"href":"https:\/\/pb.edu.pl\/brpm\/wp-json\/wp\/v2\/pages"}],"about":[{"href":"https:\/\/pb.edu.pl\/brpm\/wp-json\/wp\/v2\/types\/page"}],"author":[{"embeddable":true,"href":"https:\/\/pb.edu.pl\/brpm\/wp-json\/wp\/v2\/users\/33"}],"replies":[{"embeddable":true,"href":"https:\/\/pb.edu.pl\/brpm\/wp-json\/wp\/v2\/comments?post=810"}],"version-history":[{"count":0,"href":"https:\/\/pb.edu.pl\/brpm\/wp-json\/wp\/v2\/pages\/810\/revisions"}],"up":[{"embeddable":true,"href":"https:\/\/pb.edu.pl\/brpm\/wp-json\/wp\/v2\/pages\/89"}],"wp:attachment":[{"href":"https:\/\/pb.edu.pl\/brpm\/wp-json\/wp\/v2\/media?parent=810"}],"curies":[{"name":"wp","href":"https:\/\/api.w.org\/{rel}","templated":true}]}}