{"id":780,"date":"2019-11-26T23:21:51","date_gmt":"2019-11-26T22:21:51","guid":{"rendered":"https:\/\/pb.edu.pl\/brpm\/?page_id=780"},"modified":"2022-10-06T11:05:43","modified_gmt":"2022-10-06T09:05:43","slug":"mecodia-nowoczesne-kompozyty-o-osnowie-metalicznej-wzmacniane-naturalnymi-okrzemkami","status":"publish","type":"page","link":"https:\/\/pb.edu.pl\/brpm\/projekty-pb\/programy-krajowe\/projekty-zrealizowane\/mecodia-nowoczesne-kompozyty-o-osnowie-metalicznej-wzmacniane-naturalnymi-okrzemkami\/","title":{"rendered":"MECODIA &#8211; Nowoczesne kompozyty o osnowie metalicznej wzmacniane naturalnymi okrzemkami"},"content":{"rendered":"<p><img loading=\"lazy\" decoding=\"async\" class=\"alignleft size-medium wp-image-783\" src=\"https:\/\/pb.edu.pl\/brpm\/wp-content\/uploads\/sites\/6\/2019\/11\/cornet-300x72.jpg\" alt=\"\" width=\"300\" height=\"72\" srcset=\"https:\/\/pb.edu.pl\/brpm\/wp-content\/uploads\/sites\/6\/2019\/11\/cornet-300x72.jpg 300w, https:\/\/pb.edu.pl\/brpm\/wp-content\/uploads\/sites\/6\/2019\/11\/cornet.jpg 456w\" sizes=\"auto, (max-width: 300px) 100vw, 300px\" \/><br \/>\n<img loading=\"lazy\" decoding=\"async\" class=\"alignright wp-image-787\" src=\"https:\/\/pb.edu.pl\/brpm\/wp-content\/uploads\/sites\/6\/2019\/11\/ncbr.png\" alt=\"\" width=\"165\" height=\"100\"><\/p>\n<div style=\"clear: both\">&nbsp;<\/div>\n<h2><strong>MECODIA &#8211; Nowoczesne kompozyty o osnowie metalicznej wzmacniane naturalnymi okrzemkami (<em>New metal matrix composites reinforced with natural diatoms<\/em>)<\/strong> &#8211; projekt naukowy realizowany przez Wydzia\u0142 Mechaniczny Politechniki Bia\u0142ostockiej w konsorcjum naukowo-przemys\u0142owym wsp\u00f3lnie z: Stifterverband Metalle (Niemcy), Fraunhofer IKTS (Niemcy), Klaster Obr\u00f3bki Metali w ramach inicjatywy CORNET, dofinansowany przez Narodowe Centrum Bada\u0144 i Rozwoju.<\/h2>\n<p>Celem projektu jest wytworzenie nowoczesnych materia\u0142\u00f3w hybrydowych\/kompozytowych o osnowie metalicznej z naturalnym wzmocnieniem w postaci pancerzyk\u00f3w okrzemek.<\/p>\n<p>Celem bada\u0144 jest wytworzenie oraz scharakteryzowanie nowoczesnych materia\u0142\u00f3w kompozytowych o osnowie metalicznej (MMC) z naturalnym wzmocnieniem, w postaci pancerzyk\u00f3w okrzemek. Kompozytowe materia\u0142y o osnowie metalicznej stanowi\u0105 stosunkowo du\u017c\u0105 grup\u0119 materia\u0142\u00f3w okre\u015blanych przez rodzaj osnowy metalicznej, a tak\u017ce rodzaj wzmocnienia (wielko\u015b\u0107, morfologi\u0119, orientacj\u0119, rozmieszczenie, udzia\u0142 obj\u0119to\u015bciowy\/fazowy).<\/p>\n<p>Innowacyjno\u015b\u0107 projektu obejmuje wykorzystanie stosunkowo tanich, w por\u00f3wnaniu do dotychczas stosowanych nape\u0142niaczy (np. SiC), pancerzyk\u00f3w okrzemek, kt\u00f3rych zadaniem b\u0119dzie poprawa efektywnych w\u0142a\u015bciwo\u015bci mechanicznych MMC. Nie bez znaczenia pozostaje fakt dost\u0119pno\u015bci okrzemek, wyst\u0119puj\u0105cych zar\u00f3wno w \u015brodowisku naturalnym, jak i mo\u017cliwych do uzyskania w procesie hodowli. Osi\u0105gni\u0119cie wyznaczonego celu, b\u0119dzie wymaga\u0142o okre\u015blenia gatunk\u00f3w okrzemek spe\u0142niaj\u0105cych wymagania (m.in. wielko\u015b\u0107, morfologia), a tak\u017ce zoptymalizowanie procesu wytwarzania kompozyt\u00f3w.<\/p>\n<p>Okrzemki s\u0105 zr\u00f3\u017cnicowan\u0105, pod wzgl\u0119dem wielko\u015bci (od 2 do 5600 \u00b5m), grup\u0105 jednokom\u00f3rkowych, eukariotycznych i fotosyntetycznych mikroorganizm\u00f3w. Kom\u00f3rka okrzemki, tzw. pancerzyk, zbudowana jest z dw\u00f3ch nachodz\u0105cych na siebie okryw otoczonych pasami obwodowymi. Pod wzgl\u0119dem sk\u0142adu chemicznego skorupka okrzemki sk\u0142ada si\u0119 g\u0142\u00f3wnie z biogenicznej krzemionki.<\/p>\n<p>Nowo zaprojektowany materia\u0142 kompozytowy zostanie wytworzony w oparciu o znane techniki wytwarzania (np. metalurgia proszk\u00f3w, odlewanie, wyciskanie) oraz poddany ocenie zar\u00f3wno eksperymentalnej, jak i teoretycznej. Zastosowanie naturalnego nape\u0142niacza, b\u0119dzie wymaga\u0142o optymalizacji poszczeg\u00f3lnych metod. W\u0142a\u015bciwo\u015bci wytworzonego materia\u0142u zostan\u0105 poddane ocenie eksperymentalnej z wykorzystaniem najnowocze\u015bniejszych metod badawczych in\u017cynierii materia\u0142owej, m.in. obrazowanie z wykorzystaniem wysokorozdzielczej skaningowej i transmisyjnej mikroskopii elektronowej (odpowiednio SEM i TEM), komputerowej nanotomografii rentgenowskiej (nanoXCT), a tak\u017ce badaniom w\u0142a\u015bciwo\u015bci mechanicznych (m.in. wytrzyma\u0142o\u015b\u0107, modu\u0142 Younga).<\/p>\n<p>Innowacyjny materia\u0142 kompozytowy zainteresuje bran\u017ce z dziedziny konstrukcji lekkich, w szczeg\u00f3lno\u015bci przemys\u0142 motoryzacyjny, lotniczy, kolejowy, a w przypadku urz\u0105dze\u0144 mobilnych \u2013 elektroniczny.<\/p>\n<p><strong>Warto\u015b\u0107 projektu wynosi:<\/strong> 1 289 994,71 z\u0142, w tym 744 754,98 z\u0142 dla Politechniki Bia\u0142ostockiej.<\/p>\n","protected":false},"excerpt":{"rendered":"<p>&nbsp; MECODIA &#8211; Nowoczesne kompozyty o osnowie metalicznej wzmacniane naturalnymi okrzemkami (New metal matrix composites<\/p>\n","protected":false},"author":33,"featured_media":0,"parent":1575,"menu_order":0,"comment_status":"closed","ping_status":"closed","template":"","meta":{"_acf_changed":false,"ngg_post_thumbnail":0,"footnotes":""},"class_list":["post-780","page","type-page","status-publish","hentry"],"acf":[],"_links":{"self":[{"href":"https:\/\/pb.edu.pl\/brpm\/wp-json\/wp\/v2\/pages\/780","targetHints":{"allow":["GET"]}}],"collection":[{"href":"https:\/\/pb.edu.pl\/brpm\/wp-json\/wp\/v2\/pages"}],"about":[{"href":"https:\/\/pb.edu.pl\/brpm\/wp-json\/wp\/v2\/types\/page"}],"author":[{"embeddable":true,"href":"https:\/\/pb.edu.pl\/brpm\/wp-json\/wp\/v2\/users\/33"}],"replies":[{"embeddable":true,"href":"https:\/\/pb.edu.pl\/brpm\/wp-json\/wp\/v2\/comments?post=780"}],"version-history":[{"count":0,"href":"https:\/\/pb.edu.pl\/brpm\/wp-json\/wp\/v2\/pages\/780\/revisions"}],"up":[{"embeddable":true,"href":"https:\/\/pb.edu.pl\/brpm\/wp-json\/wp\/v2\/pages\/1575"}],"wp:attachment":[{"href":"https:\/\/pb.edu.pl\/brpm\/wp-json\/wp\/v2\/media?parent=780"}],"curies":[{"name":"wp","href":"https:\/\/api.w.org\/{rel}","templated":true}]}}