{"id":752,"date":"2019-09-30T12:27:42","date_gmt":"2019-09-30T10:27:42","guid":{"rendered":"https:\/\/pb.edu.pl\/brpm\/?page_id=752"},"modified":"2022-01-10T10:48:52","modified_gmt":"2022-01-10T09:48:52","slug":"praca-zlecona-przez-firme-klimor-s-a","status":"publish","type":"page","link":"https:\/\/pb.edu.pl\/brpm\/projekty-pb\/programy-ue\/projekty-realizowane\/praca-zlecona-przez-firme-klimor-s-a\/","title":{"rendered":"Praca zlecona przez firm\u0119 Klimor S.A."},"content":{"rendered":"<h2>Praca zlecona przez firm\u0119 Klimor S.A. w ramach projektu: &#8222;Technologia hybrydowych uk\u0142ad\u00f3w ch\u0142odnicznych dla system\u00f3w klimatyzacji&#8221;.<\/h2>\n<p>Finansowanie w ramach: I Osi priorytetowej &#8222;Komercjalizacja wiedzy&#8221; Programu Operacyjnego Wojew\u00f3dztwa Pomorskiego 2014 &#8211; 2020 Dzia\u0142anie 1.1 &#8222;Ekspansja przez innowacje&#8221;.<\/p>\n<p><b>Przedmiot umowy:<\/b> Realizacja zada\u0144 badawczych, obejmuj\u0105cych wykonanie oblicze\u0144 projektowych uk\u0142ad\u00f3w ch\u0142odniczych hybrydowych strumienicowo-spr\u0119\u017carkowych, opracowanie prototypowych rozwi\u0105za\u0144 typoszeregu hybrydowych system\u00f3w ch\u0142odniczych i wst\u0119pn\u0105 ewaluacj\u0119 pracy prototypowego uk\u0142adu hybrydowego.<\/p>\n<p><strong>Instytucja Po\u015brednicz\u0105ca:<\/strong> Agencja Rozwoju Pomorza S.A.<\/p>\n<p><strong>Warto\u015b\u0107 zlecenia:<\/strong> 1&nbsp;500&nbsp;000,00 z\u0142<\/p>\n<p><strong>Okres realizacji pracy:<\/strong> 08.03.2019 r. &#8211; 31.12.2022 r.<\/p>\n<p><strong>Jednostka realizuj\u0105ca:<\/strong> Wydzia\u0142 Mechaniczny Politechniki Bia\u0142ostockiej<\/p>\n<p><strong>Kierownik Pracy:<\/strong> prof. dr hab. in\u017c Dariusz Butrymowicz<\/p>\n","protected":false},"excerpt":{"rendered":"<p>Praca zlecona przez firm\u0119 Klimor S.A. w ramach projektu: &#8222;Technologia hybrydowych uk\u0142ad\u00f3w ch\u0142odnicznych dla system\u00f3w<\/p>\n","protected":false},"author":33,"featured_media":0,"parent":94,"menu_order":0,"comment_status":"closed","ping_status":"closed","template":"","meta":{"_acf_changed":false,"ngg_post_thumbnail":0,"footnotes":""},"class_list":["post-752","page","type-page","status-publish","hentry"],"acf":[],"_links":{"self":[{"href":"https:\/\/pb.edu.pl\/brpm\/wp-json\/wp\/v2\/pages\/752","targetHints":{"allow":["GET"]}}],"collection":[{"href":"https:\/\/pb.edu.pl\/brpm\/wp-json\/wp\/v2\/pages"}],"about":[{"href":"https:\/\/pb.edu.pl\/brpm\/wp-json\/wp\/v2\/types\/page"}],"author":[{"embeddable":true,"href":"https:\/\/pb.edu.pl\/brpm\/wp-json\/wp\/v2\/users\/33"}],"replies":[{"embeddable":true,"href":"https:\/\/pb.edu.pl\/brpm\/wp-json\/wp\/v2\/comments?post=752"}],"version-history":[{"count":0,"href":"https:\/\/pb.edu.pl\/brpm\/wp-json\/wp\/v2\/pages\/752\/revisions"}],"up":[{"embeddable":true,"href":"https:\/\/pb.edu.pl\/brpm\/wp-json\/wp\/v2\/pages\/94"}],"wp:attachment":[{"href":"https:\/\/pb.edu.pl\/brpm\/wp-json\/wp\/v2\/media?parent=752"}],"curies":[{"name":"wp","href":"https:\/\/api.w.org\/{rel}","templated":true}]}}