{"id":732,"date":"2019-05-31T14:38:27","date_gmt":"2019-05-31T12:38:27","guid":{"rendered":"https:\/\/pb.edu.pl\/brpm\/?page_id=732"},"modified":"2022-01-10T09:10:08","modified_gmt":"2022-01-10T08:10:08","slug":"najlepsi-z-najlepszych-3-0-robotyczni-emisariusze-prezentacja-rozwiazan-studenckich","status":"publish","type":"page","link":"https:\/\/pb.edu.pl\/brpm\/projekty-pb\/programy-ue\/projekty-zrealizowane\/najlepsi-z-najlepszych-3-0-robotyczni-emisariusze-prezentacja-rozwiazan-studenckich\/","title":{"rendered":"\u201eNajlepsi z Najlepszych 3.0 \u2013\u00a0Robotyczni emisariusze &#8211; prezentacja rozwi\u0105za\u0144 studenckich&#8221;\u00a0"},"content":{"rendered":"<p><img loading=\"lazy\" decoding=\"async\" class=\"alignnone wp-image-449 size-full\" src=\"https:\/\/pb.edu.pl\/brpm\/wp-content\/uploads\/sites\/6\/2018\/09\/FE_POWER_poziom_pl-1_rgb.jpg\" alt=\"\" width=\"5883\" height=\"756\" srcset=\"https:\/\/pb.edu.pl\/brpm\/wp-content\/uploads\/sites\/6\/2018\/09\/FE_POWER_poziom_pl-1_rgb.jpg 5883w, https:\/\/pb.edu.pl\/brpm\/wp-content\/uploads\/sites\/6\/2018\/09\/FE_POWER_poziom_pl-1_rgb-300x39.jpg 300w, https:\/\/pb.edu.pl\/brpm\/wp-content\/uploads\/sites\/6\/2018\/09\/FE_POWER_poziom_pl-1_rgb-768x99.jpg 768w, https:\/\/pb.edu.pl\/brpm\/wp-content\/uploads\/sites\/6\/2018\/09\/FE_POWER_poziom_pl-1_rgb-1024x132.jpg 1024w\" sizes=\"auto, (max-width: 5883px) 100vw, 5883px\" \/><\/p>\n<h2>Projekt \u201eNajlepsi z Najlepszych 3.0 \u2013&nbsp;Robotyczni emisariusze &#8211; prezentacja rozwi\u0105za\u0144 studenckich&#8221;&nbsp;uzyska\u0142 finansowanie z osi priorytetowej III. Szkolnictwo wy\u017csze dla gospodarki i rozwoju, Dzia\u0142ania 3.3 Umi\u0119dzynarodowianie polskiego&nbsp; szkolnictwa wy\u017cszego &nbsp;Programu Operacyjnego Wiedza Edukacja Rozw\u00f3j 2014-2020 w ramach zaproszenia Ministra Nauki i Szkolnictwa Wy\u017cszego do sk\u0142adania ofert na projekty pozakonkursowe o charakterze koncepcyjnym pt. \u201dNajlepsi z najlepszych!3.0.\u201d<\/h2>\n<p>Celem projektu jest propagowanie w\u015br\u00f3d student\u00f3w tematyki robotyki mobilnej oraz rozw\u00f3j ich umiej\u0119tno\u015bci w samodzielnym tworzeniu konstrukcji robotycznych przeznaczonych do konkretnych zastosowa\u0144 ze szczeg\u00f3lnym uwzgl\u0119dnieniem teleoperacji, oraz ich badaniu i testowaniu.<\/p>\n<p>Celem g\u0142\u00f3wnym projektu jest udzia\u0142 student\u00f3w w kolejnych edycjach presti\u017cowych zawod\u00f3w konstrukcji studenckich, gdzie b\u0119d\u0105 mogli zaprezentowa\u0107 autorskie rozwi\u0105zania z domeny zdalnie sterowanych oraz autonomicznych mobilnych platform robotycznych.<\/p>\n<p>Projekt zak\u0142ada tak\u017ce umo\u017cliwienie studentom zaprezentowania swoich osi\u0105gni\u0119\u0107 na konferencjach zwi\u0105zanych z szeroko poj\u0119t\u0105 tematyk\u0105 robot\u00f3w mobilnych. Planowane jest przygotowanie serii artyku\u0142\u00f3w i ich zaprezentowanie na mi\u0119dzynarodowych konferencjach po\u015bwi\u0119conych zagadnieniom robotyki i mechatroniki oraz wykorzystania do ich sterowania system\u00f3w wizyjnych i algorytm\u00f3w autonomicznych (ICCC 2019, EM 2019, CVC 2019, YEF ECE 2019). W konferencjach udzia\u0142 wezm\u0105 przedstawiciele zespo\u0142u odpowiedzialni za przygotowanie danego artyku\u0142u czy posteru wraz z opiekunem.<\/p>\n<p>W trakcie realizacji projektu opracowane zostan\u0105 systemy zdalnej oraz autonomicznej kontroli robotem mobilnym. Szczeg\u00f3lny nacisk zostanie po\u0142o\u017cony na precyzj\u0119 sterowania, na przyk\u0142ad robotycznym ramieniem oraz niezawodno\u015b\u0107 i bezpiecze\u0144stwo algorytm\u00f3w jazdy. Ogromnym wyzwaniem jakie stawia przed sob\u0105 zesp\u00f3\u0142 studencki jest osi\u0105gni\u0119cie synergii opracowanych rozwi\u0105za\u0144 z konstrukcjami, kt\u00f3re ju\u017c opracowali w celu unowocze\u015bnienia system\u00f3w analog\u00f3w \u0142azik\u00f3w marsja\u0144skich.<\/p>\n<p>Warto\u015b\u0107 &#8211; <strong>157 500 z\u0142<\/strong><\/p>\n<p>Okres realizacji: <strong>01.10.2018 &#8211; 31.05.2019<\/strong><\/p>\n","protected":false},"excerpt":{"rendered":"<p>Projekt \u201eNajlepsi z Najlepszych 3.0 \u2013&nbsp;Robotyczni emisariusze &#8211; prezentacja rozwi\u0105za\u0144 studenckich&#8221;&nbsp;uzyska\u0142 finansowanie z osi priorytetowej<\/p>\n","protected":false},"author":33,"featured_media":0,"parent":89,"menu_order":0,"comment_status":"closed","ping_status":"closed","template":"","meta":{"_acf_changed":false,"ngg_post_thumbnail":0,"footnotes":""},"class_list":["post-732","page","type-page","status-publish","hentry"],"acf":[],"_links":{"self":[{"href":"https:\/\/pb.edu.pl\/brpm\/wp-json\/wp\/v2\/pages\/732","targetHints":{"allow":["GET"]}}],"collection":[{"href":"https:\/\/pb.edu.pl\/brpm\/wp-json\/wp\/v2\/pages"}],"about":[{"href":"https:\/\/pb.edu.pl\/brpm\/wp-json\/wp\/v2\/types\/page"}],"author":[{"embeddable":true,"href":"https:\/\/pb.edu.pl\/brpm\/wp-json\/wp\/v2\/users\/33"}],"replies":[{"embeddable":true,"href":"https:\/\/pb.edu.pl\/brpm\/wp-json\/wp\/v2\/comments?post=732"}],"version-history":[{"count":0,"href":"https:\/\/pb.edu.pl\/brpm\/wp-json\/wp\/v2\/pages\/732\/revisions"}],"up":[{"embeddable":true,"href":"https:\/\/pb.edu.pl\/brpm\/wp-json\/wp\/v2\/pages\/89"}],"wp:attachment":[{"href":"https:\/\/pb.edu.pl\/brpm\/wp-json\/wp\/v2\/media?parent=732"}],"curies":[{"name":"wp","href":"https:\/\/api.w.org\/{rel}","templated":true}]}}