{"id":705,"date":"2019-05-31T10:59:00","date_gmt":"2019-05-31T08:59:00","guid":{"rendered":"https:\/\/pb.edu.pl\/brpm\/?page_id=705"},"modified":"2022-06-23T09:57:57","modified_gmt":"2022-06-23T07:57:57","slug":"e-puszcza","status":"publish","type":"page","link":"https:\/\/pb.edu.pl\/brpm\/projekty-pb\/programy-ue\/projekty-zrealizowane\/e-puszcza\/","title":{"rendered":"e-Puszcza"},"content":{"rendered":"<p><img loading=\"lazy\" decoding=\"async\" class=\"alignnone wp-image-704 size-full\" src=\"https:\/\/pb.edu.pl\/brpm\/wp-content\/uploads\/sites\/6\/2019\/05\/FE_POPC_poziom_pl-1_rgb.jpg\" alt=\"\" width=\"5426\" height=\"756\" srcset=\"https:\/\/pb.edu.pl\/brpm\/wp-content\/uploads\/sites\/6\/2019\/05\/FE_POPC_poziom_pl-1_rgb.jpg 5426w, https:\/\/pb.edu.pl\/brpm\/wp-content\/uploads\/sites\/6\/2019\/05\/FE_POPC_poziom_pl-1_rgb-300x42.jpg 300w, https:\/\/pb.edu.pl\/brpm\/wp-content\/uploads\/sites\/6\/2019\/05\/FE_POPC_poziom_pl-1_rgb-768x107.jpg 768w, https:\/\/pb.edu.pl\/brpm\/wp-content\/uploads\/sites\/6\/2019\/05\/FE_POPC_poziom_pl-1_rgb-1024x143.jpg 1024w\" sizes=\"auto, (max-width: 5426px) 100vw, 5426px\" \/><\/p>\n<h2>\u201ee-Puszcza. Podlaskie cyfrowe repozytorium przyrodniczych danych naukowych\u201d. Projekt realizowany zg. z umow\u0105 dofinansowania nr POPC.02.03.01-00-0063\/18-00 z dn. 28 lutego 2019r., w ramach Dzia\u0142ania 2.3 \u201eCyfrowa dost\u0119pno\u015b\u0107 i u\u017cyteczno\u015b\u0107 sektora publicznego\u201d, Poddzia\u0142ania 2.3.1 \u201eCyfrowe udost\u0119pnienie informacji sektora publicznego ze \u017ar\u00f3de\u0142 administracyjnych i zasob\u00f3w nauki\u201d (typ II projektu: cyfrowe udost\u0119pnienie zasob\u00f3w nauki)\u201d Programu Operacyjnego Polska Cyfrowa.<\/h2>\n<p>Za\u0142o\u017ceniem projektu \u201ee-Puszcza\u201d jest stworzenie platformy wspieraj\u0105cej rozw\u00f3j otwartej i nowoczesnej nauki w oparciu o rozw\u00f3j otwartego oprogramowania z repozytorium do zamieszczania danych przyrodniczych, w tym danych naukowych, z obszaru Puszczy Bia\u0142owieskiej oraz stworzenie dodatkowych narz\u0119dzi informatycznych umo\u017cliwiaj\u0105cych spo\u0142ecze\u0144stwu i naukowcom ponowne wykorzystywanie tych danych. Projekt b\u0119dzie skierowany do grup zwi\u0105zanych ze \u015brodowiskiem naukowym, edukacyjnym, administracyjnym, biznesowym, pozarz\u0105dowym oraz obywateli chc\u0105cych rozszerza\u0107 swoje zainteresowania.<\/p>\n<p>W ramach planowanego projektu powstanie platforma gromadz\u0105ca r\u00f3\u017cnego rodzaju dane dotycz\u0105ce Puszczy Bia\u0142owieskiej i jej regionu. Cz\u0119\u015b\u0107 danych b\u0119dzie wst\u0119pnie przetwarzana dzi\u0119ki narz\u0119dziom GIS (system informacji geograficznej), poprzez uzupe\u0142nienie istniej\u0105cych map pokazuj\u0105cych rozmieszczenie gatunk\u00f3w, czy lesisto\u015b\u0107 itp.<\/p>\n<p>W ramach projektu powstan\u0105 dwie pracownie skanowania z bardzo nowoczesnym sprz\u0119tem \u2013 mi\u0119dzy innymi skanerami 3D i mikrotomografem.<\/p>\n<p>Naukowcy IBS PAN oraz ZWL PB zgromadzili ogromny zas\u00f3b danych, kt\u00f3ry przez wiele lat by\u0142 archiwizowany, g\u0142\u00f3wnie w postaci analogowej. Dost\u0119p do tych informacji &nbsp;jest ograniczony, ta sytuacja ulegnie znacznej poprawie dzi\u0119ki realizacji projektu.<\/p>\n<p>Za\u0142o\u017ceniem jest r\u00f3wnie\u017c upublicznienie cennych danych pochodz\u0105cych od os\u00f3b fizycznych, kt\u00f3re chcia\u0142yby si\u0119 nimi podzieli\u0107 bez utraty posiadanych zasob\u00f3w.<\/p>\n<p>Nowo pozyskiwane dane b\u0119d\u0105 udost\u0119pniane stopniowo, po ich opublikowaniu w tekstach naukowych. W niekt\u00f3rych wypadkach dane pozostan\u0105 zamkni\u0119te lub w wersji prezentacyjnej \u2013 dla og\u00f3\u0142u spo\u0142ecze\u0144stwa uog\u00f3lnione zostan\u0105 dane lokalizacyjne (dotyczy\u0107 to b\u0119dzie g\u0142\u00f3wnie danych wra\u017cliwych przyrodniczo, dotycz\u0105cych gatunk\u00f3w chronionych i miejsc ich bytowania). Takie dane b\u0119d\u0105 udost\u0119pniane, w ramach wsp\u00f3\u0142pracy naukowej, innym o\u015brodkom naukowym lub instytucjom zajmuj\u0105cym si\u0119 ustawowo ochron\u0105 przyrody. Dost\u0119p do tych danych b\u0119dzie wymaga\u0142 weryfikacji odbiorcy.<\/p>\n<p>Platforma internetowa \u201ee-Puszcza\u201d poprawi jako\u015b\u0107 bada\u0144 poprzez dost\u0119p do istniej\u0105cej wiedzy i jej efektywniejsze u\u017cycie. Udost\u0119pnione dane b\u0119d\u0105 dotyczy\u0142y g\u0142\u00f3wnie Puszczy Bia\u0142owieskiej i pozwol\u0105 na lepsze poznanie jedynego polskiego obszaru przyrodniczego wpisanego na list\u0119 \u015bwiatowego dziedzictwa UNESCO.&nbsp; \u015arodowisko naturalne Puszczy Bia\u0142owieskiej ulega obecnie dynamicznym zmianom, kt\u00f3re dotychczas nie wyst\u0119powa\u0142y lub przebiega\u0142y znacznie wolniej, dlatego istotne staje si\u0119 zachowanie wszystkich danych o dotychczasowym stanie funkcjonuj\u0105cych ekosystem\u00f3w.<\/p>\n<p>Portal ten b\u0119dzie r\u00f3wnie\u017c funkcjonowa\u0142 w t\u0142umaczeniu na j\u0119zyk rosyjski i bia\u0142oruski (wersje polska i angielska b\u0119d\u0105 wersjami podstawowymi), dzi\u0119ki czemu w przysz\u0142o\u015bci mo\u017cliwe b\u0119dzie do\u0142\u0105czenie zasob\u00f3w dotycz\u0105cych bia\u0142oruskiej cz\u0119\u015bci Puszczy Bia\u0142owieskiej.<\/p>\n<h3>Repozytorium \u201ee-Puszcza\u201d to:<\/h3>\n<ul>\n<li>otwarte dla wszystkich, specjalistyczne dane naukowe o Puszczy Bia\u0142owieskiej<\/li>\n<li>otwarte oprogramowanie, kt\u00f3re b\u0119dzie mog\u0142o by\u0107 ponownie wykorzystane przez inne jednostki<\/li>\n<li>platforma internetowa w\u0142\u0105czaj\u0105ca pasjonat\u00f3w w badania naukowe<\/li>\n<li>dwie pracownie skanowania, w tym jedna z najnowocze\u015bniejszym mikrotomografem<\/li>\n<li>rozw\u00f3j nauki<\/li>\n<li>rozw\u00f3j bada\u0144 o Puszczy Bia\u0142owieskiej<\/li>\n<\/ul>\n<h3>Projekt realizowany w partnerstwie:<\/h3>\n<ul>\n<li>Instytut Biologii Ssak\u00f3w Polskiej Akademii Nauki (IBS PAN) w Bia\u0142owie\u017cy &#8211; Lider przedsi\u0119wzi\u0119cia<\/li>\n<li>Politechnika Bia\u0142ostocka: Wydzia\u0142 Budownictwa i Nauk o \u015arodowisku, Instytut Nauk Le\u015bnych (dawniej Zamiejscowy Wydzia\u0142 Le\u015bny w Hajn\u00f3wce (ZWL &nbsp;PB)) oraz Centrum Komputerowych Sieci Rozleg\u0142ych (CKSR).<\/li>\n<\/ul>\n<p>Warto\u015b\u0107 dofinansowania projektu wynosi &#8211; <strong>7&nbsp;822&nbsp;628,86 z\u0142<\/strong>, w tym dofinansowanie UE w wysoko\u015bci <strong>6 620 290,80 z\u0142<\/strong><\/p>\n<p>z czego na PB przypada &#8211; <strong>3&nbsp;032 975,06 z\u0142.<\/strong><\/p>\n<p>Okres realizacji: <strong>&nbsp;28 luty 2019 r. \u2013 28 maja 2022 r.<\/strong><\/p>\n","protected":false},"excerpt":{"rendered":"<p>\u201ee-Puszcza. Podlaskie cyfrowe repozytorium przyrodniczych danych naukowych\u201d. Projekt realizowany zg. z umow\u0105 dofinansowania nr POPC.02.03.01-00-0063\/18-00<\/p>\n","protected":false},"author":33,"featured_media":0,"parent":89,"menu_order":0,"comment_status":"closed","ping_status":"closed","template":"","meta":{"_acf_changed":false,"ngg_post_thumbnail":0,"footnotes":""},"class_list":["post-705","page","type-page","status-publish","hentry"],"acf":[],"_links":{"self":[{"href":"https:\/\/pb.edu.pl\/brpm\/wp-json\/wp\/v2\/pages\/705","targetHints":{"allow":["GET"]}}],"collection":[{"href":"https:\/\/pb.edu.pl\/brpm\/wp-json\/wp\/v2\/pages"}],"about":[{"href":"https:\/\/pb.edu.pl\/brpm\/wp-json\/wp\/v2\/types\/page"}],"author":[{"embeddable":true,"href":"https:\/\/pb.edu.pl\/brpm\/wp-json\/wp\/v2\/users\/33"}],"replies":[{"embeddable":true,"href":"https:\/\/pb.edu.pl\/brpm\/wp-json\/wp\/v2\/comments?post=705"}],"version-history":[{"count":0,"href":"https:\/\/pb.edu.pl\/brpm\/wp-json\/wp\/v2\/pages\/705\/revisions"}],"up":[{"embeddable":true,"href":"https:\/\/pb.edu.pl\/brpm\/wp-json\/wp\/v2\/pages\/89"}],"wp:attachment":[{"href":"https:\/\/pb.edu.pl\/brpm\/wp-json\/wp\/v2\/media?parent=705"}],"curies":[{"name":"wp","href":"https:\/\/api.w.org\/{rel}","templated":true}]}}