{"id":689,"date":"2019-05-30T12:57:57","date_gmt":"2019-05-30T10:57:57","guid":{"rendered":"https:\/\/pb.edu.pl\/brpm\/?page_id=689"},"modified":"2023-10-18T15:15:50","modified_gmt":"2023-10-18T13:15:50","slug":"hub-of-talents-2","status":"publish","type":"page","link":"https:\/\/pb.edu.pl\/brpm\/projekty-pb\/programy-ue\/projekty-zrealizowane\/hub-of-talents-2\/","title":{"rendered":"Hub of Talents 2"},"content":{"rendered":"<p><img loading=\"lazy\" decoding=\"async\" class=\"alignnone wp-image-691 size-full\" src=\"https:\/\/pb.edu.pl\/brpm\/wp-content\/uploads\/sites\/6\/2019\/05\/Logo-PW.jpg\" alt=\"\" width=\"3979\" height=\"554\" srcset=\"https:\/\/pb.edu.pl\/brpm\/wp-content\/uploads\/sites\/6\/2019\/05\/Logo-PW.jpg 3979w, https:\/\/pb.edu.pl\/brpm\/wp-content\/uploads\/sites\/6\/2019\/05\/Logo-PW-300x42.jpg 300w, https:\/\/pb.edu.pl\/brpm\/wp-content\/uploads\/sites\/6\/2019\/05\/Logo-PW-768x107.jpg 768w, https:\/\/pb.edu.pl\/brpm\/wp-content\/uploads\/sites\/6\/2019\/05\/Logo-PW-1024x143.jpg 1024w\" sizes=\"auto, (max-width: 3979px) 100vw, 3979px\" \/><\/p>\n<h2>Projekt &#8222;Platforma startowa dla nowych pomys\u0142\u00f3w &#8211; Hub of Talents 2&#8221;&nbsp;realizowany w ramach programu operacyjnego Polska Wschodnia, o\u015b priorytetowa I: Przedsi\u0119biorcza Polska Wschodnia, dzia\u0142anie 1.1. Platformy startowe dla nowych pomys\u0142\u00f3w<strong>.<\/strong><\/h2>\n<p><strong>Cel projektu: <\/strong>stworzenie na obszarze woj. podlaskiego korzystnych warunk\u00f3w dla powstawania i rozwoju innowacyjnych przedsi\u0119biorstw, poprzez realizacj\u0119 profesjonalnego programu inkubacji startup&#8217;\u00f3w.<\/p>\n<p><strong>Bud\u017cet projektu:<\/strong><br \/>\n&#8211; wydatki og\u00f3\u0142em: 22&nbsp;263&nbsp;945,00 z\u0142<\/p>\n<p>&#8211; wydatki kwalifikowane: 21&nbsp;752&nbsp;045,00 z\u0142<\/p>\n<p><strong>Czas trwania projektu:<\/strong> 01.01.19 \u2013 30.09.2023<\/p>\n<h3>Lider Projektu:<\/h3>\n<p>Miasto Bia\u0142ystok &#8211; Bia\u0142ostocki Park Naukowo-Technologiczny<\/p>\n<h3>Partnerzy Projektu:<\/h3>\n<ul>\n<li>Park Przemys\u0142owy \u0141om\u017ca Sp. z o.o.,<\/li>\n<li>Politechnika Bia\u0142ostocka,<\/li>\n<li>Polsko Ameryka\u0144ska Rada Wsp\u00f3\u0142pracy Stowarzyszenie Na Rzecz Wsp\u00f3\u0142pracy Polska USA<br \/>\nw Zakresie Rozwoju Wymiany Gospodarczej Wsp\u00f3\u0142pracy Naukowej i Rozwoju Technologii,<\/li>\n<li>Centrum Promocji Innowacji i Rozwoju,<\/li>\n<li>Effective Sp. z o.o,<\/li>\n<li>Infini Seed Sp. z o.o.,<\/li>\n<li>Kancelaria Radc\u00f3w Prawnych Iwaniuk, Rola-Paw\u0142ow sp. p<\/li>\n<li>Gogler Brzezi\u0144ski, Suszko Sp.j.<\/li>\n<\/ul>\n<p>W ramach &#8222;Hub of Talents 2&#8221; osoby z innowacyjnymi pomys\u0142ami na biznes mog\u0105 skorzysta\u0107 z:<\/p>\n<ul>\n<li>pomocy w stworzeniu fundament\u00f3w biznesowych przedsi\u0119wzi\u0119cia,<\/li>\n<li>specjalistycznych us\u0142ug dopasowanych do Twojego pomys\u0142u,<\/li>\n<li>warsztat\u00f3w i szkole\u0144 z zakresu wyst\u0105pie\u0144 publicznych oraz prezentacji swojego projektu,<\/li>\n<li>mentoringu,<\/li>\n<li>obs\u0142ugi ksi\u0119gowej, podatkowej i prawnej,<\/li>\n<li>pomocy w stworzeniu element\u00f3w identyfikacji korporacyjnej,<\/li>\n<li>powierzchni biurowej do rozwoju startu&#8217;pu.<\/li>\n<\/ul>\n","protected":false},"excerpt":{"rendered":"<p>Projekt &#8222;Platforma startowa dla nowych pomys\u0142\u00f3w &#8211; Hub of Talents 2&#8221;&nbsp;realizowany w ramach programu operacyjnego<\/p>\n","protected":false},"author":33,"featured_media":0,"parent":89,"menu_order":0,"comment_status":"closed","ping_status":"closed","template":"","meta":{"_acf_changed":false,"ngg_post_thumbnail":0,"footnotes":""},"class_list":["post-689","page","type-page","status-publish","hentry"],"acf":[],"_links":{"self":[{"href":"https:\/\/pb.edu.pl\/brpm\/wp-json\/wp\/v2\/pages\/689","targetHints":{"allow":["GET"]}}],"collection":[{"href":"https:\/\/pb.edu.pl\/brpm\/wp-json\/wp\/v2\/pages"}],"about":[{"href":"https:\/\/pb.edu.pl\/brpm\/wp-json\/wp\/v2\/types\/page"}],"author":[{"embeddable":true,"href":"https:\/\/pb.edu.pl\/brpm\/wp-json\/wp\/v2\/users\/33"}],"replies":[{"embeddable":true,"href":"https:\/\/pb.edu.pl\/brpm\/wp-json\/wp\/v2\/comments?post=689"}],"version-history":[{"count":0,"href":"https:\/\/pb.edu.pl\/brpm\/wp-json\/wp\/v2\/pages\/689\/revisions"}],"up":[{"embeddable":true,"href":"https:\/\/pb.edu.pl\/brpm\/wp-json\/wp\/v2\/pages\/89"}],"wp:attachment":[{"href":"https:\/\/pb.edu.pl\/brpm\/wp-json\/wp\/v2\/media?parent=689"}],"curies":[{"name":"wp","href":"https:\/\/api.w.org\/{rel}","templated":true}]}}