{"id":672,"date":"2019-05-30T12:13:53","date_gmt":"2019-05-30T10:13:53","guid":{"rendered":"https:\/\/pb.edu.pl\/brpm\/?page_id=672"},"modified":"2024-01-31T22:37:05","modified_gmt":"2024-01-31T21:37:05","slug":"termomodernizacja-budynkow-politechniki-bialostockiej","status":"publish","type":"page","link":"https:\/\/pb.edu.pl\/brpm\/projekty-pb\/programy-ue\/projekty-zrealizowane\/termomodernizacja-budynkow-politechniki-bialostockiej\/","title":{"rendered":"Termomodernizacja budynk\u00f3w Politechniki Bia\u0142ostockiej"},"content":{"rendered":"<p><img loading=\"lazy\" decoding=\"async\" class=\"alignnone wp-image-673 size-full\" src=\"https:\/\/pb.edu.pl\/brpm\/wp-content\/uploads\/sites\/6\/2019\/05\/logo-POIR-i-NFO\u015aiGW.jpg\" alt=\"\" width=\"5492\" height=\"591\" srcset=\"https:\/\/pb.edu.pl\/brpm\/wp-content\/uploads\/sites\/6\/2019\/05\/logo-POIR-i-NFO\u015aiGW.jpg 5492w, https:\/\/pb.edu.pl\/brpm\/wp-content\/uploads\/sites\/6\/2019\/05\/logo-POIR-i-NFO\u015aiGW-300x32.jpg 300w, https:\/\/pb.edu.pl\/brpm\/wp-content\/uploads\/sites\/6\/2019\/05\/logo-POIR-i-NFO\u015aiGW-768x83.jpg 768w, https:\/\/pb.edu.pl\/brpm\/wp-content\/uploads\/sites\/6\/2019\/05\/logo-POIR-i-NFO\u015aiGW-1024x110.jpg 1024w\" sizes=\"auto, (max-width: 5492px) 100vw, 5492px\" \/><\/p>\n<h2>Projekt \u201eTermomodernizacja budynk\u00f3w Politechniki Bia\u0142ostockiej\u201d realizowany jest w ramach Programu Operacyjnego Infrastruktura i \u015arodowisko 2014-2020, Priorytet: I Zmniejszenie emisyjno\u015bci gospodarki, Dzia\u0142anie: 1.3 Wspieranie efektywno\u015bci energetycznej w budynkach, Poddzia\u0142anie: 1.3.1 Wspieranie efektywno\u015bci energetycznej w budynkach u\u017cyteczno\u015bci publicznej.<\/h2>\n<p><strong>Celem projektu<\/strong> jest kompleksowa termomodernizacja 2 budynk\u00f3w Politechniki Bia\u0142ostockiej: Budynku Og\u00f3lnotechnicznego w cz\u0119\u015bci A, B i C (BO) oraz Budynek Wydzia\u0142u Mechanicznego w cz\u0119\u015bci A i B (WM). W ramach projektu przewidziano dzia\u0142ania maj\u0105ce na celu zwi\u0119kszenie efektywno\u015bci energetycznej modernizowanych budynk\u00f3w zmniejszaj\u0105ce straty ciep\u0142a przez przenikanie i wentylacj\u0119.<\/p>\n<p>W ramach projektu zostan\u0105 przeprowadzone w w\/w budynkach roboty budowlane, polegaj\u0105ce na usprawnieniach termomodernizacyjnych wynikaj\u0105cych z audyt\u00f3w energetycznych (usprawnienia dotycz\u0105ce bry\u0142y budynku zmniejszaj\u0105ce straty ciep\u0142a przez przenikanie i wentylacj\u0119): a) docieplenie \u015bcian zewn\u0119trznych kondygnacji nadziemnych, b) docieplenie strop\u00f3w nad wn\u0119kami przy wej\u015bciach, c) docieplenie stropu pod \u0142\u0105cznikiem mi\u0119dzy cz. \u201eA\u201d i \u201eB\u201d &#8211; BO, d) docieplenie \u015bcian zewn\u0119trznych piwnic, e) docieplenie (dodatkowe) stropodachu nad cz\u0119\u015bci\u0105 \u201eC\u201d &#8211; BO, f) docieplenie (dodatkowe) stropodachu nad cz\u0119\u015bci\u0105 \u201eA\u201d i \u0142\u0105cznikiem \u2013 WM, g) docieplenie stropodachu nad cz\u0119\u015bci\u0105 \u201eA\u201d i \u201eB\u201d (opr\u00f3cz stropodachu Auli B) &#8211; BO, h) docieplenie stropodachu nad cz\u0119\u015bci\u0105 \u201eB\u201d- WM, i) docieplenie strop\u00f3w w loggiach cz. \u201eB\u201d (nad niskim parterem) &#8211; BO, j) docieplenie strop\u00f3w w loggiach i we wn\u0119kach przy wej\u015bciach (nad piwnic\u0105), k) wymiana okien (opr\u00f3cz okien Auli B) \u2013 BO, l) wymiana okien (opr\u00f3cz okien pomieszcze\u0144 dziekanatu i COS \u2013 Centrum Obs\u0142ugi Studenta) &#8211; WM, \u0142) zamurowanie i uzupe\u0142nienie cz\u0119\u015bci otwor\u00f3w okiennych (w Auli Urba\u0144skiego), m) wymiana \u015bwietlik\u00f3w, n) osuszania piwnic i wykonanie drena\u017cu i odprowadzenia w\u00f3d opadowych.<br \/>\n&nbsp;<\/p>\n<p><strong>Czas trwania projektu:<\/strong> 01.01.2019 r. &#8211; 31.08.2023 r.<\/p>\n<p><strong>Ca\u0142kowita warto\u015b\u0107 projektu:<\/strong>&nbsp; 30 737 587,69 z\u0142<\/p>\n<p><strong>Wk\u0142ad w\u0142asny:<\/strong>&nbsp; 14 941 959,60 z\u0142<\/p>\n<p><strong>Wielko\u015b\u0107 dofinansowania: <\/strong>15 795 628,09&nbsp;z\u0142<\/p>\n<h4><strong>PROCEDURA ZG\u0141ASZANIA NIEPRAWID\u0141OWO\u015aCI:<\/strong><\/h4>\n<p>W celu u\u0142atwienia informowania IZ POIi\u015a o potencjalnych nieprawid\u0142owo\u015bciach i nadu\u017cyciach, zosta\u0142 utworzony specjalny mechanizm sygnalizacyjny.<br \/>\nMechanizm umo\u017cliwia zg\u0142aszanie nieprawid\u0142owo\u015bci poprzez:<\/p>\n<ul>\n<li>adres e-mail:&nbsp;<a title=\"Strona otworzy si\u0119 w nowym oknie\" href=\"mailto:naduzycia.POIS@mfipr.gov.pl\" target=\"_blank\" rel=\"noopener\">naduzycia.POIS@mfipr.gov.pl<\/a><\/li>\n<li>lub specjalny formularz znajduj\u0105cy si\u0119 na stronie internetowej:&nbsp;<a title=\"Strona otworzy si\u0119 w nowym oknie\" href=\"http:\/\/www.pois.gov.pl\/nieprawidlowosci\" target=\"_blank\" rel=\"noopener\">www.pois.gov.pl\/nieprawidlowosci<\/a>&nbsp;lub&nbsp;<a title=\"Strona otworzy si\u0119 w nowym oknie\" href=\"http:\/\/www.pois.gov.pl\/strony\/zglaszanie-nieprawidlowosci\/\" target=\"_blank\" rel=\"noopener\">www.pois.gov.pl\/strony\/zglaszanie-nieprawidlowosci\/<\/a><\/li>\n<\/ul>\n","protected":false},"excerpt":{"rendered":"<p>Projekt \u201eTermomodernizacja budynk\u00f3w Politechniki Bia\u0142ostockiej\u201d realizowany jest w ramach Programu Operacyjnego Infrastruktura i \u015arodowisko 2014-2020,<\/p>\n","protected":false},"author":33,"featured_media":0,"parent":89,"menu_order":0,"comment_status":"closed","ping_status":"closed","template":"","meta":{"_acf_changed":false,"ngg_post_thumbnail":0,"footnotes":""},"class_list":["post-672","page","type-page","status-publish","hentry"],"acf":[],"_links":{"self":[{"href":"https:\/\/pb.edu.pl\/brpm\/wp-json\/wp\/v2\/pages\/672","targetHints":{"allow":["GET"]}}],"collection":[{"href":"https:\/\/pb.edu.pl\/brpm\/wp-json\/wp\/v2\/pages"}],"about":[{"href":"https:\/\/pb.edu.pl\/brpm\/wp-json\/wp\/v2\/types\/page"}],"author":[{"embeddable":true,"href":"https:\/\/pb.edu.pl\/brpm\/wp-json\/wp\/v2\/users\/33"}],"replies":[{"embeddable":true,"href":"https:\/\/pb.edu.pl\/brpm\/wp-json\/wp\/v2\/comments?post=672"}],"version-history":[{"count":0,"href":"https:\/\/pb.edu.pl\/brpm\/wp-json\/wp\/v2\/pages\/672\/revisions"}],"up":[{"embeddable":true,"href":"https:\/\/pb.edu.pl\/brpm\/wp-json\/wp\/v2\/pages\/89"}],"wp:attachment":[{"href":"https:\/\/pb.edu.pl\/brpm\/wp-json\/wp\/v2\/media?parent=672"}],"curies":[{"name":"wp","href":"https:\/\/api.w.org\/{rel}","templated":true}]}}