{"id":663,"date":"2019-04-17T10:54:29","date_gmt":"2019-04-17T08:54:29","guid":{"rendered":"https:\/\/pb.edu.pl\/brpm\/?page_id=663"},"modified":"2022-01-10T09:30:29","modified_gmt":"2022-01-10T08:30:29","slug":"praca-zlecona-przez-firme-zaklad-produkcji-drzewnej-panbah-marek-janowski","status":"publish","type":"page","link":"https:\/\/pb.edu.pl\/brpm\/projekty-pb\/programy-ue\/projekty-zrealizowane\/praca-zlecona-przez-firme-zaklad-produkcji-drzewnej-panbah-marek-janowski\/","title":{"rendered":"Praca zlecona przez firm\u0119 Zak\u0142ad Produkcji Drzewnej PANBAH Marek Janowski"},"content":{"rendered":"<h2>Praca zlecona przez firm\u0119 Zak\u0142ad Produkcji Drzewnej PANBAH Marek Janowski w ramach projektu: \u201eWdro\u017cenie nowej technologii produkcji peletu opa\u0142owego\u201d.<\/h2>\n<p><strong>Przedmiot umowy:<\/strong> Nadz\u00f3r we w\u0142a\u015bciwym wdro\u017ceniu przez&nbsp; Zamawiaj\u0105cego opracowanej technologii produkcji peletu, z wykorzystaniem dodatk\u00f3w lepiszczowych.<\/p>\n<p><strong>Finansowanie w ramach<\/strong>: O\u015b Priorytetowa III: WSPARCIE INNOWACJI W PRZEDSI\u0118BIORSTWACH Dzia\u0142anie 3.2: Wsparcie wdro\u017ce\u0144 wynik\u00f3w prac B+R Poddzia\u0142ania 3.2.2, Kredyt na innowacje technologiczne, Programu Operacyjnego Inteligentny Rozw\u00f3j 2014-2020.<\/p>\n<p><strong>Instytucja Po\u015brednicz\u0105ca:<\/strong> Bank Gospodarstwa Krajowego<\/p>\n<p><b>Warto\u015b\u0107<\/b><strong>&nbsp;zlecenia:<\/strong> 3&nbsp;075,00 z\u0142<\/p>\n<p><strong>Okres realizacji pracy:<\/strong> 17.09.2018 r. \u2013 31.10.2018 r.<\/p>\n<p><b>Jednostka realizuj\u0105ca:<\/b> Wydzia\u0142 Budownictwa i In\u017cynierii \u015arodowiska Politechniki Bia\u0142ostockiej<\/p>\n<p><strong>Kierownik Pracy:<\/strong> dr hab. in\u017c S\u0142awomir Obidzi\u0144ski.<\/p>\n","protected":false},"excerpt":{"rendered":"<p>Praca zlecona przez firm\u0119 Zak\u0142ad Produkcji Drzewnej PANBAH Marek Janowski w ramach projektu: \u201eWdro\u017cenie nowej<\/p>\n","protected":false},"author":33,"featured_media":0,"parent":89,"menu_order":0,"comment_status":"closed","ping_status":"closed","template":"","meta":{"_acf_changed":false,"ngg_post_thumbnail":0,"footnotes":""},"class_list":["post-663","page","type-page","status-publish","hentry"],"acf":[],"_links":{"self":[{"href":"https:\/\/pb.edu.pl\/brpm\/wp-json\/wp\/v2\/pages\/663","targetHints":{"allow":["GET"]}}],"collection":[{"href":"https:\/\/pb.edu.pl\/brpm\/wp-json\/wp\/v2\/pages"}],"about":[{"href":"https:\/\/pb.edu.pl\/brpm\/wp-json\/wp\/v2\/types\/page"}],"author":[{"embeddable":true,"href":"https:\/\/pb.edu.pl\/brpm\/wp-json\/wp\/v2\/users\/33"}],"replies":[{"embeddable":true,"href":"https:\/\/pb.edu.pl\/brpm\/wp-json\/wp\/v2\/comments?post=663"}],"version-history":[{"count":0,"href":"https:\/\/pb.edu.pl\/brpm\/wp-json\/wp\/v2\/pages\/663\/revisions"}],"up":[{"embeddable":true,"href":"https:\/\/pb.edu.pl\/brpm\/wp-json\/wp\/v2\/pages\/89"}],"wp:attachment":[{"href":"https:\/\/pb.edu.pl\/brpm\/wp-json\/wp\/v2\/media?parent=663"}],"curies":[{"name":"wp","href":"https:\/\/api.w.org\/{rel}","templated":true}]}}