{"id":660,"date":"2019-04-17T10:51:40","date_gmt":"2019-04-17T08:51:40","guid":{"rendered":"https:\/\/pb.edu.pl\/brpm\/?page_id=660"},"modified":"2024-01-31T22:50:05","modified_gmt":"2024-01-31T21:50:05","slug":"praca-zlecona-przez-firme-marani-sp-z-o-o","status":"publish","type":"page","link":"https:\/\/pb.edu.pl\/brpm\/projekty-pb\/programy-ue\/projekty-zrealizowane\/praca-zlecona-przez-firme-marani-sp-z-o-o\/","title":{"rendered":"Praca zlecona przez firm\u0119 Marani Sp. z o.o."},"content":{"rendered":"<h2>Praca zlecona przez firm\u0119 Marani Sp. z o.o. w ramach projektu: \u201eOpracowanie dw\u00f3ch prototyp\u00f3w uk\u0142ad\u00f3w ch\u0142odniczych wykorzystuj\u0105cych ciep\u0142o odpadowe o mocy cieplnej napedowej 600 kW i 200 kW dostosowanych do temperatury wody lodowej i ch\u0142odzenia wysokotemperaturowego\u201c.<\/h2>\n<p><strong>Przedmiot umowy:<\/strong> Podwykonawstwo cz\u0119\u015bci prac merytorycznych obejmuj\u0105cych badania przemys\u0142owe i prace rozwojowe w zakresie obejmuj\u0105cym obliczenia projektowe uk\u0142ad\u00f3w ch\u0142odniczych strumienicowych, opracowanie prototypowych rozwi\u0105za\u0144 dw\u00f3ch uk\u0142ad\u00f3w ch\u0142odniczych oraz ewaluacj\u0119 pracy dw\u00f3ch prototypowych uk\u0142ad\u00f3w w instalacji Marani Sp. z&nbsp;o.o.<\/p>\n<p><strong>Finansowanie w ramach<\/strong>: I Osi priorytetowej \u201eWsparcie prowadzenia prac B+R przez przedsi\u0119biorstwa\u201c Programu Operacyjnego Inteligentny Rozw\u00f3j 2014 \u2013 2020 Dzia\u0142anie 1.1 \u201eProjekty B+R przedsi\u0119biorstw\u201c, Poddzia\u0142anie 1.1.1. \u201eBadania przemys\u0142owe i prace rozwojowe realizowane przez przedsi\u0119biorstwa\u201c.<\/p>\n<p><strong>Instytucja Po\u015brednicz\u0105ca:<\/strong> Narodowe Centrum Bada\u0144 i Rozwoju<\/p>\n<p><strong>Warto\u015b\u0107 zlecenia:<\/strong> 1&nbsp;476&nbsp;000,00 z\u0142<\/p>\n<p><strong>Okres realizacji pracy: <\/strong>01.01.2019 r. \u2013 30.11.2022 r.<\/p>\n<p><strong>Jednostka realizuj\u0105ca:<\/strong> Wydzia\u0142 Mechaniczny Politechniki Bia\u0142ostockiej<\/p>\n<p><strong>Kierownik Pracy:<\/strong> prof. dr hab. in\u017c Dariusz Butrymowicz<\/p>\n","protected":false},"excerpt":{"rendered":"<p>Praca zlecona przez firm\u0119 Marani Sp. z o.o. w ramach projektu: \u201eOpracowanie dw\u00f3ch prototyp\u00f3w uk\u0142ad\u00f3w<\/p>\n","protected":false},"author":33,"featured_media":0,"parent":89,"menu_order":0,"comment_status":"closed","ping_status":"closed","template":"","meta":{"_acf_changed":false,"ngg_post_thumbnail":0,"footnotes":""},"class_list":["post-660","page","type-page","status-publish","hentry"],"acf":[],"_links":{"self":[{"href":"https:\/\/pb.edu.pl\/brpm\/wp-json\/wp\/v2\/pages\/660","targetHints":{"allow":["GET"]}}],"collection":[{"href":"https:\/\/pb.edu.pl\/brpm\/wp-json\/wp\/v2\/pages"}],"about":[{"href":"https:\/\/pb.edu.pl\/brpm\/wp-json\/wp\/v2\/types\/page"}],"author":[{"embeddable":true,"href":"https:\/\/pb.edu.pl\/brpm\/wp-json\/wp\/v2\/users\/33"}],"replies":[{"embeddable":true,"href":"https:\/\/pb.edu.pl\/brpm\/wp-json\/wp\/v2\/comments?post=660"}],"version-history":[{"count":0,"href":"https:\/\/pb.edu.pl\/brpm\/wp-json\/wp\/v2\/pages\/660\/revisions"}],"up":[{"embeddable":true,"href":"https:\/\/pb.edu.pl\/brpm\/wp-json\/wp\/v2\/pages\/89"}],"wp:attachment":[{"href":"https:\/\/pb.edu.pl\/brpm\/wp-json\/wp\/v2\/media?parent=660"}],"curies":[{"name":"wp","href":"https:\/\/api.w.org\/{rel}","templated":true}]}}