{"id":639,"date":"2019-04-17T10:20:33","date_gmt":"2019-04-17T08:20:33","guid":{"rendered":"https:\/\/pb.edu.pl\/brpm\/?page_id=639"},"modified":"2022-01-10T09:10:34","modified_gmt":"2022-01-10T08:10:34","slug":"najlepsi-z-najlepszych-3-0-2","status":"publish","type":"page","link":"https:\/\/pb.edu.pl\/brpm\/projekty-pb\/programy-ue\/projekty-zrealizowane\/najlepsi-z-najlepszych-3-0-2\/","title":{"rendered":"Najlepsi z Najlepszych 3.0"},"content":{"rendered":"<p><img loading=\"lazy\" decoding=\"async\" class=\"wp-image-568 size-large aligncenter\" src=\"https:\/\/pb.edu.pl\/brpm\/wp-content\/uploads\/sites\/6\/2018\/09\/FE_POWER_poziom_pl-jpg-1024x132.jpg\" alt=\"\" width=\"1024\" height=\"132\" srcset=\"https:\/\/pb.edu.pl\/brpm\/wp-content\/uploads\/sites\/6\/2018\/09\/FE_POWER_poziom_pl-jpg-1024x132.jpg 1024w, https:\/\/pb.edu.pl\/brpm\/wp-content\/uploads\/sites\/6\/2018\/09\/FE_POWER_poziom_pl-jpg-300x39.jpg 300w, https:\/\/pb.edu.pl\/brpm\/wp-content\/uploads\/sites\/6\/2018\/09\/FE_POWER_poziom_pl-jpg-768x99.jpg 768w\" sizes=\"auto, (max-width: 1024px) 100vw, 1024px\" \/><\/p>\n<h2>\u201eNajlepsi z Najlepszych 3.0 &#8211; Doskonalenie kompetencji naukowych i zawodowych student\u00f3w zespo\u0142u Cerber Motorsport poprzez udzia\u0142 w mi\u0119dzynarodowych zawodach Formula Student i konferencjach naukowych\u201d. Projekt uzyska\u0142 finansowanie z osi priorytetowej III. Szkolnictwo wy\u017csze dla gospodarki i rozwoju, Dzia\u0142ania 3.3 Umi\u0119dzynarodowianie polskiego&nbsp; szkolnictwa wy\u017cszego &nbsp;Programu Operacyjnego Wiedza Edukacja Rozw\u00f3j 2014-2020 w ramach zaproszenia Ministra Nauki i Szkolnictwa Wy\u017cszego do sk\u0142adania ofert na projekty pozakonkursowe o charakterze koncepcyjnym pt. \u201dNajlepsi z najlepszych!3.0.\u201d<\/h2>\n<p><strong>Celem projektu<\/strong>&nbsp;jest uczestnictwo student\u00f3w zespo\u0142u Cerber Motorsport w 3 presti\u017cowych zawodach Formula Student organizowanych w sezonie 2018 oraz prezentacja autorskich rozwi\u0105za\u0144 konstrukcyjnych na konferencjach naukowych.<\/p>\n<p>Uczestnictwo w zawodach pozwoli na wymian\u0119 do\u015bwiadcze\u0144 i wiedzy w mi\u0119dzynarodowym \u015brodowisku in\u017cynierskim, co przyczyni si\u0119 do poszerzenia kompetencji przysz\u0142ych polskich in\u017cynier\u00f3w w zakresie wielu dziedzin nauki i techniki. Przetestowanie konstrukcji samono\u015bnej w wy\u015bcigach pozwoli na dokonanie jej optymalizacji oraz zastosowanie w nast\u0119pnym bolidzie CMS-06. Projekt zak\u0142ada tak\u017ce umo\u017cliwienie studentom zaprezentowania swoich osi\u0105gni\u0119\u0107 na mi\u0119dzynarodowych konferencjach z zakresu nauk technicznych. W konferencjach udzia\u0142 wezm\u0105 przedstawiciele zespo\u0142u odpowiedzialni za przygotowanie danego artyku\u0142u czy posteru.<\/p>\n<p><strong>Czas trwania projektu:<\/strong> od: 2018-06-01 do: 2019-05-31<\/p>\n<p><strong>Ca\u0142kowita warto\u015b\u0107 projektu:<\/strong> 200&nbsp;000,00 z\u0142<\/p>\n<p><strong>Charakterystyka projektu:<\/strong><br \/>\nProjekt ma za zadanie umo\u017cliwi\u0107 studentom Wydzia\u0142u Mechanicznego Politechniki Bia\u0142ostockiej udzia\u0142 w najbardziej presti\u017cowych zawodach. W sk\u0142ad zespo\u0142u projektowego wchodzi 27 student\u00f3w oraz opiekun. Ca\u0142y projekt zak\u0142ada 4 zadania:<br \/>\n<strong>Zadanie nr 1<\/strong>: Wyjazd i udzia\u0142 w mi\u0119dzynarodowych zawodach Formula Student:<br \/>\n11-15 lipiec 2018 r. \u2013 Formula SAE ITALY,<br \/>\n18-22 lipiec 2018 r. \u2013 FS EAST \u2013 Hungary.<\/p>\n<p><strong>Zadanie nr 2:<\/strong> Wyjazd i udzia\u0142 w mi\u0119dzynarodowych zawodach Formula Student&nbsp; Czech Republic, 31 lipiec -4 sierpie\u0144 2018 r.<\/p>\n<p><strong>Zadanie nr 3:<\/strong> Wyjazd i udzia\u0142 w Mi\u0119dzynarodowym Seminarium K\u00f3\u0142 Naukowych w Olsztynie, kwiecie\u0144 2019 r.<\/p>\n<p><strong>Zadanie nr 4:<\/strong> Wyjazd i udzia\u0142 w XXXVIII Seminarium K\u00f3\u0142 Naukowych Mechanik\u00f3w w Wojskowej Akademii Technicznej w Warszawie, maj 2019 r.<\/p>\n<p>Zdobyte podczas realizacji projektu do\u015bwiadczenie pozwali studentom na realizacj\u0119 zaawansowanych projekt\u00f3w w kolejnych latach.<\/p>\n","protected":false},"excerpt":{"rendered":"<p>\u201eNajlepsi z Najlepszych 3.0 &#8211; Doskonalenie kompetencji naukowych i zawodowych student\u00f3w zespo\u0142u Cerber Motorsport poprzez<\/p>\n","protected":false},"author":33,"featured_media":0,"parent":89,"menu_order":0,"comment_status":"closed","ping_status":"closed","template":"","meta":{"_acf_changed":false,"ngg_post_thumbnail":0,"footnotes":""},"class_list":["post-639","page","type-page","status-publish","hentry"],"acf":[],"_links":{"self":[{"href":"https:\/\/pb.edu.pl\/brpm\/wp-json\/wp\/v2\/pages\/639","targetHints":{"allow":["GET"]}}],"collection":[{"href":"https:\/\/pb.edu.pl\/brpm\/wp-json\/wp\/v2\/pages"}],"about":[{"href":"https:\/\/pb.edu.pl\/brpm\/wp-json\/wp\/v2\/types\/page"}],"author":[{"embeddable":true,"href":"https:\/\/pb.edu.pl\/brpm\/wp-json\/wp\/v2\/users\/33"}],"replies":[{"embeddable":true,"href":"https:\/\/pb.edu.pl\/brpm\/wp-json\/wp\/v2\/comments?post=639"}],"version-history":[{"count":0,"href":"https:\/\/pb.edu.pl\/brpm\/wp-json\/wp\/v2\/pages\/639\/revisions"}],"up":[{"embeddable":true,"href":"https:\/\/pb.edu.pl\/brpm\/wp-json\/wp\/v2\/pages\/89"}],"wp:attachment":[{"href":"https:\/\/pb.edu.pl\/brpm\/wp-json\/wp\/v2\/media?parent=639"}],"curies":[{"name":"wp","href":"https:\/\/api.w.org\/{rel}","templated":true}]}}