{"id":633,"date":"2019-04-17T09:40:33","date_gmt":"2019-04-17T07:40:33","guid":{"rendered":"https:\/\/pb.edu.pl\/brpm\/?page_id=633"},"modified":"2022-01-10T09:09:33","modified_gmt":"2022-01-10T08:09:33","slug":"najlepsi-z-najlepszych-3-0","status":"publish","type":"page","link":"https:\/\/pb.edu.pl\/brpm\/projekty-pb\/programy-ue\/projekty-zrealizowane\/najlepsi-z-najlepszych-3-0\/","title":{"rendered":"Najlepsi z Najlepszych! 3.0"},"content":{"rendered":"<p><img loading=\"lazy\" decoding=\"async\" class=\"wp-image-568 size-large aligncenter\" src=\"https:\/\/pb.edu.pl\/brpm\/wp-content\/uploads\/sites\/6\/2018\/09\/FE_POWER_poziom_pl-jpg-1024x132.jpg\" alt=\"\" width=\"1024\" height=\"132\" srcset=\"https:\/\/pb.edu.pl\/brpm\/wp-content\/uploads\/sites\/6\/2018\/09\/FE_POWER_poziom_pl-jpg-1024x132.jpg 1024w, https:\/\/pb.edu.pl\/brpm\/wp-content\/uploads\/sites\/6\/2018\/09\/FE_POWER_poziom_pl-jpg-300x39.jpg 300w, https:\/\/pb.edu.pl\/brpm\/wp-content\/uploads\/sites\/6\/2018\/09\/FE_POWER_poziom_pl-jpg-768x99.jpg 768w\" sizes=\"auto, (max-width: 1024px) 100vw, 1024px\" \/><\/p>\n<h2>Najlepsi z Najlepszych 3.0 &#8211; \u201eSumoMasters 3.0 -rozw\u00f3j innowacyjno\u015bci robot\u00f3w Mega Sumo, MiniSumo oraz NanoSumo poprzez udzia\u0142 w mi\u0119dzynarodowych zawodach robotycznych i konferencjach naukowych\u201d. Projekt uzyska\u0142 finansowanie z osi priorytetowej III. Szkolnictwo wy\u017csze dla gospodarki i rozwoju, Dzia\u0142ania 3.3 Umi\u0119dzynarodowianie polskiego&nbsp; szkolnictwa wy\u017cszego &nbsp;Programu Operacyjnego Wiedza Edukacja Rozw\u00f3j 2014-2020 w ramach zaproszenia Ministra Nauki i Szkolnictwa Wy\u017cszego do sk\u0142adania ofert na projekty pozakonkursowe o charakterze koncepcyjnym pt. \u201dNajlepsi z najlepszych!3.0.\u201d<\/h2>\n<p><strong>Cel projektu:<\/strong> G\u0142\u00f3wnym celem projektu jest udzia\u0142 w 30 edycji najwa\u017cniejszych zawod\u00f3w robot\u00f3w MegaSumo, International All Japan Robot-Sumo Tournament, kt\u00f3re odbywaj\u0105 si\u0119 pod koniec ka\u017cdego roku w Tokio.<\/p>\n<p>Dodatkowo w ramach projektu planowane jest zwi\u0119kszenie wiedzy i do\u015bwiadczenia oraz wykrycie s\u0142abych punkt\u00f3w konstrukcji w\u0142asnej i przeciwnik\u00f3w, a przy tym zdobycie zaprosze\u0144 umo\u017cliwiaj\u0105cych udzia\u0142 w zawodach w Japonii.<\/p>\n<p><strong>Czas trwania projektu:<\/strong> od: 2018-06-01 do: 2019-05-31.<\/p>\n<p><strong>Ca\u0142kowita warto\u015b\u0107 projektu:<\/strong> 154&nbsp;192,50 z\u0142.<\/p>\n<p><strong>Charakterystyka projektu:<\/strong><br \/>\nProjekt ma za zadanie umo\u017cliwi\u0107 studentom Wydzia\u0142u Mechanicznego Politechniki Bia\u0142ostockiej udzia\u0142 w najbardziej presti\u017cowych zawodach o tematyce robotycznej w kategorii MegaSumo, MiniSumo i NanoSumo. W sk\u0142ad zespo\u0142u projektowego wchodzi 7 student\u00f3w I stopnia Automatyki i Robotyki, cz\u0142onk\u00f3w Ko\u0142a Naukowego Robotyk\u00f3w oraz opiekun. Ca\u0142y projekt zak\u0142ada 5 zada\u0144: 4 zawod\u00f3w i 1 konferencji. S\u0105 to:<\/p>\n<ol>\n<li>Mi\u0119dzynarodowe zawody robotyczne RobotChallenge 2018, Pekin, Chiny<\/li>\n<li>Mi\u0119dzynarodowe zawody robotyczne RoboChallenge 2018, Bukareszt, Rumunia<\/li>\n<li>Zawody Robotex 2018, Tallin, \u0141otwa<\/li>\n<li>Mi\u0119dzynarodowe zawody robotyczne International All Japan Robot-Sumo Tournament 2018, Tokio, Japonia<\/li>\n<li>Mi\u0119dzynarodowa konferencja: 20th International Carpathian Control Conference 2019<\/li>\n<\/ol>\n<p>Dzi\u0119ki dzia\u0142aniom zaplanowanym w projekcie zesp\u00f3\u0142 projektowy rozwinie swoj\u0105 wiedz\u0119 na temat konstruowania i programowania autonomicznych robot\u00f3w, oraz b\u0119dzie mia\u0142 mo\u017cliwo\u015b\u0107 zaprezentowania nabytych do\u015bwiadcze\u0144 podczas konferencji naukowych.<\/p>\n","protected":false},"excerpt":{"rendered":"<p>Najlepsi z Najlepszych 3.0 &#8211; \u201eSumoMasters 3.0 -rozw\u00f3j innowacyjno\u015bci robot\u00f3w Mega Sumo, MiniSumo oraz NanoSumo<\/p>\n","protected":false},"author":33,"featured_media":0,"parent":89,"menu_order":0,"comment_status":"closed","ping_status":"closed","template":"","meta":{"_acf_changed":false,"ngg_post_thumbnail":0,"footnotes":""},"class_list":["post-633","page","type-page","status-publish","hentry"],"acf":[],"_links":{"self":[{"href":"https:\/\/pb.edu.pl\/brpm\/wp-json\/wp\/v2\/pages\/633","targetHints":{"allow":["GET"]}}],"collection":[{"href":"https:\/\/pb.edu.pl\/brpm\/wp-json\/wp\/v2\/pages"}],"about":[{"href":"https:\/\/pb.edu.pl\/brpm\/wp-json\/wp\/v2\/types\/page"}],"author":[{"embeddable":true,"href":"https:\/\/pb.edu.pl\/brpm\/wp-json\/wp\/v2\/users\/33"}],"replies":[{"embeddable":true,"href":"https:\/\/pb.edu.pl\/brpm\/wp-json\/wp\/v2\/comments?post=633"}],"version-history":[{"count":0,"href":"https:\/\/pb.edu.pl\/brpm\/wp-json\/wp\/v2\/pages\/633\/revisions"}],"up":[{"embeddable":true,"href":"https:\/\/pb.edu.pl\/brpm\/wp-json\/wp\/v2\/pages\/89"}],"wp:attachment":[{"href":"https:\/\/pb.edu.pl\/brpm\/wp-json\/wp\/v2\/media?parent=633"}],"curies":[{"name":"wp","href":"https:\/\/api.w.org\/{rel}","templated":true}]}}