{"id":621,"date":"2018-11-14T11:33:47","date_gmt":"2018-11-14T10:33:47","guid":{"rendered":"https:\/\/pb.edu.pl\/brpm\/?page_id=621"},"modified":"2022-06-22T10:35:10","modified_gmt":"2022-06-22T08:35:10","slug":"desire","status":"publish","type":"page","link":"https:\/\/pb.edu.pl\/brpm\/projekty-pb\/programy-ue\/projekty-zrealizowane\/desire\/","title":{"rendered":"DESIRE &#8211; Development of Sustainable (adaptive) peatland management by Restoration and paludiculture"},"content":{"rendered":"<p><img loading=\"lazy\" decoding=\"async\" class=\"aligncenter wp-image-1238 size-medium\" src=\"https:\/\/pb.edu.pl\/brpm\/wp-content\/uploads\/sites\/6\/2021\/04\/DESIRE-300x109.jpg\" alt=\"\" width=\"300\" height=\"109\" srcset=\"https:\/\/pb.edu.pl\/brpm\/wp-content\/uploads\/sites\/6\/2021\/04\/DESIRE-300x109.jpg 300w, https:\/\/pb.edu.pl\/brpm\/wp-content\/uploads\/sites\/6\/2021\/04\/DESIRE.jpg 601w\" sizes=\"auto, (max-width: 300px) 100vw, 300px\" \/><\/p>\n<h2 style=\"text-align: left\">,,DESIRE &#8211; Development of Sustainable (adaptive) peatland management by Restoration and paludiculture for nutrient retention and other ecosystem services in the Neman river catchment\u201d jest realizowany w ramach Interreg Baltic Sea Region 2014-2020, (Interreg Region Morza Ba\u0142tyckiego 2014-2020), Priorytet 2. Efektywne gospodarowanie zasobami naturalnymi, Dzia\u0142anie 3.1 Czyste wody.<\/h2>\n<p style=\"text-align: left\">DESIRE otrzyma\u0142 status projektu flagowego z punktu widzenia realizacji Strategii Unii Europejskiej dla Regionu Morza Ba\u0142tyckiego i jest jednym z 31 wniosk\u00f3w zakwalifikowanych do finansowania w trzecim konkursie Interreg Baltic Sea Region.<\/p>\n<p style=\"text-align: left\">Projekt DESIRE ma na celu zwi\u0119kszenie wydajno\u015bci zarz\u0105dzania torfowiskami w zlewni Niemna w taki spos\u00f3b, aby ograniczy\u0107 uwalnianie sk\u0142adnik\u00f3w pokarmowych do jego w\u00f3d i Morza Ba\u0142tyckiego.<\/p>\n<p style=\"text-align: left\">Projekt dotyczy efektywnego gospodarowania zasobami naturalnymi, a jego celem jest poprawa efektywno\u015bci zarz\u0105dzania mokrad\u0142ami w zlewni Niemna na obszarze Bia\u0142orusi, Litwy, Rosji oraz Polski, a tak\u017ce opracowanie plan\u00f3w strategicznych i operacyjnych prowadz\u0105cych do zmniejszenia \u0142adunku zwi\u0105zk\u00f3w biogenicznych nap\u0142ywaj\u0105cych ze zlewni Niemna do Ba\u0142tyku. Planowaniem zajmie si\u0119 mi\u0119dzynarodowa grupa odpowiedzialna za program zarz\u0105dzania zlewni\u0105. Zesp\u00f3\u0142 specjalist\u00f3w z pi\u0119ciu kraj\u00f3w, w tym pracownicy WBiIS pod kierunkiem prof. Piotra Banaszuka, opracuje koncepcj\u0119 renaturyzacji mokrade\u0142 w zlewni Niemna, oraz stadium wykonalno\u015bci wdro\u017cenia idei paludikultury, polegaj\u0105cej na ekonomicznym wykorzystaniu biomasy pozyskiwanej z odtworzonych mokrade\u0142. Wypracowane rozwi\u0105zania b\u0119d\u0105 przetestowane w dzia\u0142aniach pilota\u017cowych. Dla cel\u00f3w demonstracyjnych planuje si\u0119 m.in. renaturyzacj\u0119 wybranych torfowisk w krajach bior\u0105cych udzia\u0142 w projekcie.<\/p>\n<p style=\"text-align: left\"><strong>Projekt realizowany jest w partnerstwie:<\/strong><\/p>\n<ul style=\"text-align: left\">\n<li>Uniwersytet w Greifswaldzie (Niemcy) &#8211; Lider<\/li>\n<li>Politechnika Bia\u0142ostocka (Polska) &#8211; Partner&nbsp;<\/li>\n<li>Szko\u0142a G\u0142\u00f3wna Gospodarstwa Wiejskiego w Warszawie (Polska) &#8211; Partner&nbsp;<\/li>\n<li>Uniwersytet Aleksandrasa Stulginskisa (Litwa) &#8211; Partner&nbsp;<\/li>\n<li>Uniwersytet Witolda Wielkiego (Litwa) &#8211; Partner&nbsp;<\/li>\n<li>Fundacja Michaela Succowa (Niemcy) &#8211; Partner&nbsp;<\/li>\n<li>Og\u00f3lnopolskie Towarzystwo Ochrony Ptak\u00f3w (Polska) &#8211; Partner&nbsp;<\/li>\n<li>Litewski Fundusz na Rzecz Przyrody (Litwa) &#8211; Partner&nbsp;<\/li>\n<li>Park Przyrody \u201eWisztynecki\u201d (Rosja) &#8211; Partner&nbsp;<\/li>\n<\/ul>\n<p style=\"text-align: left\"><strong>Kierownik Projektu na PB:<\/strong> prof. dr hab. Piotr Banaszuk<\/p>\n<p style=\"text-align: left\"><strong>\u0179r\u00f3d\u0142o finansowania:<\/strong>&nbsp;Interreg Baltic Sea Region 2014-2020, (Interreg Region Morza Ba\u0142tyckiego 2014-2020).<\/p>\n<p style=\"text-align: left\"><strong>Czas trwania projektu: <\/strong>01.01.2019 \u2013 31.03.2022<\/p>\n<p style=\"text-align: left\"><strong>Ca\u0142kowita warto\u015b\u0107 projektu:<\/strong> 2&nbsp;170&nbsp;526,35 \u20ac<\/p>\n<p style=\"text-align: left\"><strong>Udzia\u0142 PB:<\/strong> 150&nbsp;042,25 \u20ac<\/p>\n<p>&nbsp;<\/p>\n<p>&nbsp;<\/p>\n<p>&nbsp;<\/p>\n<p>&nbsp;<\/p>\n<p>&nbsp;<\/p>\n","protected":false},"excerpt":{"rendered":"<p>,,DESIRE &#8211; Development of Sustainable (adaptive) peatland management by Restoration and paludiculture for nutrient retention<\/p>\n","protected":false},"author":33,"featured_media":0,"parent":89,"menu_order":0,"comment_status":"closed","ping_status":"closed","template":"","meta":{"_acf_changed":false,"ngg_post_thumbnail":0,"footnotes":""},"class_list":["post-621","page","type-page","status-publish","hentry"],"acf":[],"_links":{"self":[{"href":"https:\/\/pb.edu.pl\/brpm\/wp-json\/wp\/v2\/pages\/621","targetHints":{"allow":["GET"]}}],"collection":[{"href":"https:\/\/pb.edu.pl\/brpm\/wp-json\/wp\/v2\/pages"}],"about":[{"href":"https:\/\/pb.edu.pl\/brpm\/wp-json\/wp\/v2\/types\/page"}],"author":[{"embeddable":true,"href":"https:\/\/pb.edu.pl\/brpm\/wp-json\/wp\/v2\/users\/33"}],"replies":[{"embeddable":true,"href":"https:\/\/pb.edu.pl\/brpm\/wp-json\/wp\/v2\/comments?post=621"}],"version-history":[{"count":0,"href":"https:\/\/pb.edu.pl\/brpm\/wp-json\/wp\/v2\/pages\/621\/revisions"}],"up":[{"embeddable":true,"href":"https:\/\/pb.edu.pl\/brpm\/wp-json\/wp\/v2\/pages\/89"}],"wp:attachment":[{"href":"https:\/\/pb.edu.pl\/brpm\/wp-json\/wp\/v2\/media?parent=621"}],"curies":[{"name":"wp","href":"https:\/\/api.w.org\/{rel}","templated":true}]}}