{"id":618,"date":"2018-11-14T11:31:14","date_gmt":"2018-11-14T10:31:14","guid":{"rendered":"https:\/\/pb.edu.pl\/brpm\/?page_id=618"},"modified":"2022-01-10T09:28:13","modified_gmt":"2022-01-10T08:28:13","slug":"mara","status":"publish","type":"page","link":"https:\/\/pb.edu.pl\/brpm\/projekty-pb\/programy-ue\/projekty-zrealizowane\/mara\/","title":{"rendered":"MARA &#8211; Mobility and Accesibility in Rural Areas"},"content":{"rendered":"<p><img loading=\"lazy\" decoding=\"async\" class=\"aligncenter wp-image-757 size-full\" src=\"https:\/\/pb.edu.pl\/brpm\/wp-content\/uploads\/sites\/6\/2019\/09\/Logo-mara.png\" alt=\"\" width=\"1009\" height=\"202\" srcset=\"https:\/\/pb.edu.pl\/brpm\/wp-content\/uploads\/sites\/6\/2019\/09\/Logo-mara.png 1009w, https:\/\/pb.edu.pl\/brpm\/wp-content\/uploads\/sites\/6\/2019\/09\/Logo-mara-300x60.png 300w, https:\/\/pb.edu.pl\/brpm\/wp-content\/uploads\/sites\/6\/2019\/09\/Logo-mara-768x154.png 768w\" sizes=\"auto, (max-width: 1009px) 100vw, 1009px\" \/><\/p>\n<h2><strong>\u201eMARA &#8211; <\/strong><strong>Mobility and Accessibility in Rural Areas &#8211; New approaches for developing mobility concepts in remote areas\u201d <\/strong>jest realizowany w ramach Interreg Baltic Sea Region 2014-2020, (Interreg Region Morza Ba\u0142tyckiego 2014-2020), Priorytet 3. Zr\u00f3wnowa\u017cony transport, Dzia\u0142anie 3.2 Dost\u0119pno\u015b\u0107 obszar\u00f3w odleg\u0142ych i dotkni\u0119tych zmianami demograficznymi.<\/h2>\n<p>Projekt MARA (\u201eMobilno\u015b\u0107 i dost\u0119pno\u015b\u0107 na obszarach wiejskich &#8211; nowe podej\u015bcia do opracowywania koncepcji mobilno\u015bci na odleg\u0142ych obszarach\u201d) dotyczy dok\u0142adnie takich obszar\u00f3w. Ma na celu popraw\u0119 dost\u0119pno\u015bci i mobilno\u015bci na turystyczne odleg\u0142ych obszary Morza Ba\u0142tyckiego poprzez zwi\u0119kszenie zdolno\u015bci podmiot\u00f3w transportowych. MARA ma na celu sprawdzenie rzeczywistego zapotrzebowania mieszka\u0144c\u00f3w i turyst\u00f3w na mobilno\u015b\u0107 dzi\u0119ki aktualnym badaniom w tym zakresie.<\/p>\n<p>Politechnika Bia\u0142ostocka jest g\u0142\u00f3wnym partnerem projektu natomiast Liderem &#8211; Ministerstwo Energii, Infrastruktury i Cyfryzacji Meklemburgia-Pomorze Przednie.<\/p>\n<p><strong>Kierownik Projektu:<\/strong> dr hab. El\u017cbieta Szyma\u0144ska, prof. PB.<\/p>\n<p><strong>\u0179r\u00f3d\u0142o finansowania:<\/strong>&nbsp;Interreg Baltic Sea Region 2014-2020, (Interreg Region Morza Ba\u0142tyckiego 2014-2020).<br \/>\n<strong>Czas trwania projektu:<\/strong> 01.01.2019 \u2013 31.12.2021<\/p>\n<p><strong>Ca\u0142kowita warto\u015b\u0107 projektu:<\/strong> 2&nbsp;366&nbsp;651,90 \u20ac<\/p>\n<p><strong>Udzia\u0142 PB:<\/strong> 190&nbsp;250,00 \u20ac<\/p>\n","protected":false},"excerpt":{"rendered":"<p>\u201eMARA &#8211; Mobility and Accessibility in Rural Areas &#8211; New approaches for developing mobility concepts<\/p>\n","protected":false},"author":33,"featured_media":0,"parent":89,"menu_order":0,"comment_status":"closed","ping_status":"closed","template":"","meta":{"_acf_changed":false,"ngg_post_thumbnail":0,"footnotes":""},"class_list":["post-618","page","type-page","status-publish","hentry"],"acf":[],"_links":{"self":[{"href":"https:\/\/pb.edu.pl\/brpm\/wp-json\/wp\/v2\/pages\/618","targetHints":{"allow":["GET"]}}],"collection":[{"href":"https:\/\/pb.edu.pl\/brpm\/wp-json\/wp\/v2\/pages"}],"about":[{"href":"https:\/\/pb.edu.pl\/brpm\/wp-json\/wp\/v2\/types\/page"}],"author":[{"embeddable":true,"href":"https:\/\/pb.edu.pl\/brpm\/wp-json\/wp\/v2\/users\/33"}],"replies":[{"embeddable":true,"href":"https:\/\/pb.edu.pl\/brpm\/wp-json\/wp\/v2\/comments?post=618"}],"version-history":[{"count":0,"href":"https:\/\/pb.edu.pl\/brpm\/wp-json\/wp\/v2\/pages\/618\/revisions"}],"up":[{"embeddable":true,"href":"https:\/\/pb.edu.pl\/brpm\/wp-json\/wp\/v2\/pages\/89"}],"wp:attachment":[{"href":"https:\/\/pb.edu.pl\/brpm\/wp-json\/wp\/v2\/media?parent=618"}],"curies":[{"name":"wp","href":"https:\/\/api.w.org\/{rel}","templated":true}]}}