{"id":571,"date":"2018-09-07T14:19:30","date_gmt":"2018-09-07T12:19:30","guid":{"rendered":"https:\/\/pb.edu.pl\/brpm\/?page_id=571"},"modified":"2022-01-10T09:06:39","modified_gmt":"2022-01-10T08:06:39","slug":"najlepsi-z-najlepszych-2-0-laziki","status":"publish","type":"page","link":"https:\/\/pb.edu.pl\/brpm\/projekty-pb\/programy-ue\/projekty-zrealizowane\/najlepsi-z-najlepszych-2-0-laziki\/","title":{"rendered":"Najlepsi z Najlepszych! 2.0"},"content":{"rendered":"<p><img loading=\"lazy\" decoding=\"async\" class=\"wp-image-262 size-full aligncenter\" src=\"https:\/\/pb.edu.pl\/brpm\/wp-content\/uploads\/sites\/6\/2018\/05\/UE-fundusze-wiedza-edukacja.jpg\" alt=\"UE\" width=\"1190\" height=\"150\" srcset=\"https:\/\/pb.edu.pl\/brpm\/wp-content\/uploads\/sites\/6\/2018\/05\/UE-fundusze-wiedza-edukacja.jpg 1190w, https:\/\/pb.edu.pl\/brpm\/wp-content\/uploads\/sites\/6\/2018\/05\/UE-fundusze-wiedza-edukacja-300x38.jpg 300w, https:\/\/pb.edu.pl\/brpm\/wp-content\/uploads\/sites\/6\/2018\/05\/UE-fundusze-wiedza-edukacja-768x97.jpg 768w, https:\/\/pb.edu.pl\/brpm\/wp-content\/uploads\/sites\/6\/2018\/05\/UE-fundusze-wiedza-edukacja-1024x129.jpg 1024w\" sizes=\"auto, (max-width: 1190px) 100vw, 1190px\" \/><\/p>\n<h2>&#8222;Rozw\u00f3j kompetencji naukowych i zawodowych student\u00f3w Wydzia\u0142u Mechanicznego w zakresie robotyki mobilnej, poprzez udzia\u0142 w zawodach i konferencjach mi\u0119dzynarodowych.&#8221;. Projekt uzyska\u0142 finansowanie z osi priorytetowej III. Szkolnictwo wy\u017csze dla gospodarki i rozwoju, Dzia\u0142ania 3.3 Umi\u0119dzynarodowianie polskiego&nbsp; szkolnictwa wy\u017cszego &nbsp;Programu Operacyjnego Wiedza Edukacja Rozw\u00f3j 2014-2020 w ramach zaproszenia Ministra Nauki i Szkolnictwa Wy\u017cszego do sk\u0142adania ofert na projekty pozakonkursowe o charakterze koncepcyjnym pt. \u201dNajlepsi z najlepszych!2.0.\u201d<\/h2>\n<p><strong>Celem projektu<\/strong> jest propagowanie w\u015br\u00f3d student\u00f3w tematyki kosmicznej oraz rozw\u00f3j ich umiej\u0119tno\u015bci w samodzielnym tworzeniu konstrukcji robotycznych przeznaczonych do konkretnych zastosowa\u0144 oraz ich badaniu i testowaniu.<\/p>\n<p>Projekt uzyska\u0142 finansowanie z osi priorytetowej III. Szkolnictwo wy\u017csze dla gospodarki i rozwoju, Dzia\u0142ania 3.3 Umi\u0119dzynarodowianie polskiego szkolnictwa wy\u017cszego Programu Operacyjnego Wiedza Edukacja Rozw\u00f3j 2014-2020 w ramach zaproszenia Ministra Nauki i Szkolnictwa Wy\u017cszego do sk\u0142adania ofert na projekty pozakonkursowe o charakterze koncepcyjnym pt. &#8222;Najlepsi z najlepszych!2.0.<\/p>\n<p>Celem g\u0142\u00f3wnym projektu jest udzia\u0142 student\u00f3w w drugiej edycji presti\u017cowych zawod\u00f3w Canada International Rover Challenge 2018 w Drumheller w Kanadzie. Poza tym studenci z \u0142azikiem wezm\u0105 udzia\u0142 w trzech zawodach z zakresu robotyki mobilnej (Robotic Day 2018 w Pradze, RoboChallenge 2017 w Bukareszcie oraz European Rover Challenge 2018).<\/p>\n<p>Projekt zak\u0142ada tak\u017ce umo\u017cliwienie studentom zaprezentowania swoich osi\u0105gni\u0119\u0107 na konferencjach zwi\u0105zanych z tematyk\u0105 robot\u00f3w mobilnych. Planowane jest zwi\u0119kszenie nacisku na aspekt naukowy projektu poprzez przygotowanie serii artyku\u0142\u00f3w i ich zaprezentowanie na mi\u0119dzynarodowych konferencji po\u015bwi\u0119conych zagadnieniom robotyki i mechatroniki (ICCC 2018, EM 2018, MMAR 2018, Biomdlore 2018). W konferencjach udzia\u0142 wezm\u0105 przedstawiciele zespo\u0142u odpowiedzialni za przygotowanie danego artyku\u0142u czy posteru wraz z opiekunem.<\/p>\n<p>Projekt nowego robota b\u0119dzie rozwini\u0119ciem poprzednich projekt\u00f3w (\u0142aziki: Hyperion i Hyperion 2, #next oraz RED), kt\u00f3ry ma sprosta\u0107 stale rosn\u0105cemu poziomowi trudno\u015bci zawod\u00f3w URC. Nowym elementem w zawodach URC jest przejazd w pe\u0142ni autonomiczny.<\/p>\n<p><strong>Okres realizacji projektu:<\/strong>&nbsp;od 2017-10-01 do:2018-09-30<\/p>\n<p><strong>Ca\u0142kowita warto\u015b\u0107 projektu:<\/strong> 250 000,00 z\u0142<\/p>\n<p><strong>Kwota dofinansowania z UE:<\/strong> 212 500,00 z\u0142<\/p>\n<p><strong>Kwota dofinansowania ze \u015brodk\u00f3w bud\u017cetu pa\u0144stwa:<\/strong> 37 500,00 z\u0142<\/p>\n","protected":false},"excerpt":{"rendered":"<p>&#8222;Rozw\u00f3j kompetencji naukowych i zawodowych student\u00f3w Wydzia\u0142u Mechanicznego w zakresie robotyki mobilnej, poprzez udzia\u0142 w<\/p>\n","protected":false},"author":33,"featured_media":0,"parent":89,"menu_order":0,"comment_status":"closed","ping_status":"closed","template":"","meta":{"_acf_changed":false,"ngg_post_thumbnail":0,"footnotes":""},"class_list":["post-571","page","type-page","status-publish","hentry"],"acf":[],"_links":{"self":[{"href":"https:\/\/pb.edu.pl\/brpm\/wp-json\/wp\/v2\/pages\/571","targetHints":{"allow":["GET"]}}],"collection":[{"href":"https:\/\/pb.edu.pl\/brpm\/wp-json\/wp\/v2\/pages"}],"about":[{"href":"https:\/\/pb.edu.pl\/brpm\/wp-json\/wp\/v2\/types\/page"}],"author":[{"embeddable":true,"href":"https:\/\/pb.edu.pl\/brpm\/wp-json\/wp\/v2\/users\/33"}],"replies":[{"embeddable":true,"href":"https:\/\/pb.edu.pl\/brpm\/wp-json\/wp\/v2\/comments?post=571"}],"version-history":[{"count":0,"href":"https:\/\/pb.edu.pl\/brpm\/wp-json\/wp\/v2\/pages\/571\/revisions"}],"up":[{"embeddable":true,"href":"https:\/\/pb.edu.pl\/brpm\/wp-json\/wp\/v2\/pages\/89"}],"wp:attachment":[{"href":"https:\/\/pb.edu.pl\/brpm\/wp-json\/wp\/v2\/media?parent=571"}],"curies":[{"name":"wp","href":"https:\/\/api.w.org\/{rel}","templated":true}]}}