{"id":522,"date":"2018-09-05T15:30:34","date_gmt":"2018-09-05T13:30:34","guid":{"rendered":"https:\/\/pb.edu.pl\/brpm\/?page_id=522"},"modified":"2022-01-10T09:08:27","modified_gmt":"2022-01-10T08:08:27","slug":"pami","status":"publish","type":"page","link":"https:\/\/pb.edu.pl\/brpm\/projekty-pb\/programy-ue\/projekty-zrealizowane\/pami\/","title":{"rendered":"PAMI &#8211; Podlaska Akademia M\u0142odego In\u017cyniera&#8221;"},"content":{"rendered":"<p><img loading=\"lazy\" decoding=\"async\" class=\"alignnone wp-image-568 size-full\" src=\"https:\/\/pb.edu.pl\/brpm\/wp-content\/uploads\/sites\/6\/2018\/09\/FE_POWER_poziom_pl-jpg.jpg\" alt=\"\" width=\"5883\" height=\"756\" srcset=\"https:\/\/pb.edu.pl\/brpm\/wp-content\/uploads\/sites\/6\/2018\/09\/FE_POWER_poziom_pl-jpg.jpg 5883w, https:\/\/pb.edu.pl\/brpm\/wp-content\/uploads\/sites\/6\/2018\/09\/FE_POWER_poziom_pl-jpg-300x39.jpg 300w, https:\/\/pb.edu.pl\/brpm\/wp-content\/uploads\/sites\/6\/2018\/09\/FE_POWER_poziom_pl-jpg-768x99.jpg 768w, https:\/\/pb.edu.pl\/brpm\/wp-content\/uploads\/sites\/6\/2018\/09\/FE_POWER_poziom_pl-jpg-1024x132.jpg 1024w\" sizes=\"auto, (max-width: 5883px) 100vw, 5883px\" \/><\/p>\n<h2>Projekt &#8222;PAMI &#8211; Podlaska Akademia M\u0142odego In\u017cyniera&#8221;, uzyska\u0142 dofinansowanie w ramach Dzia\u0142ania 3.1 Kompetencje w&nbsp;szkolnictwie wy\u017cszym, Osi&nbsp;priorytetowej III. Szkolnictwo wy\u017csze dla&nbsp;gospodarki i&nbsp;rozwoju&nbsp; Programu Operacyjnego Wiedza Edukacja Rozw\u00f3j 2014-2020, w ramach konkursu nr&nbsp;POWR.03.01.00-IP.08-00-UMO\/17 programie \u201eUniwersytet M\u0142odego Odkrywcy\u201d dotycz\u0105cym rozwoju oferty uczelni w zakresie realizacji trzeciej misji.<\/h2>\n<p><strong>Nr umowy:<\/strong> WND-POWR.03.01.00-00-U104\/17-00<\/p>\n<p><strong>Cel <\/strong><strong>projektu: <\/strong>podniesienie poziomu kompetencji kluczowych oraz umiej\u0119tno\u015bci uniwersalnych niezb\u0119dnych na rynku pracy, poprzez realizacj\u0119 cyklu niekonwencjonalnych zaj\u0119\u0107 skierowanych do m\u0142odzie\u017cy.<\/p>\n<p><strong>Charakterystyka&nbsp;projektu:<\/strong><br \/>\nW ramach Podlaskiej Akademii M\u0142odego In\u017cyniera(PAMI) zaplanowano opracowanie i zrealizowanie cyklu 25 modu\u0142\u00f3w zaj\u0119\u0107 \u0107wiczeniowych i warsztatowych prowadzonych przez pracownik\u00f3w PB,&nbsp; skierowanych do 320 uczni\u00f3w szk\u00f3\u0142 podstawowych (klasy VII-VIII) oraz zrealizowanie 3 modu\u0142\u00f3w zaj\u0119\u0107 dla rodzic\u00f3w (40os.),dot. rozwijania ich kompetencji wychowawczo-spo\u0142ecznych oraz zasad bezpiecze\u0144stwa w sieci.<\/p>\n<p>W ramach realizacji projektu PAMI planowane jest podpisanie porozumie\u0144 o wsp\u00f3\u0142pracy PB z samorz\u0105dami: m. Bia\u0142ystok, Bielsk Podlaski, Hajn\u00f3wka i Siemiatycze.<\/p>\n<p>Wsparciem obj\u0119tych zostanie 320 uczni\u00f3w szk\u00f3\u0142 podstawowych i 40 rodzic\u00f3w.<\/p>\n<p>Zaplanowano stworzenie i przeprowadzenie 25 niekonwencjonalnych modu\u0142\u00f3w zaj\u0119\u0107 dla m\u0142odzie\u017cy obejmuj\u0105cych dzia\u0142ania dydaktyczne s\u0142u\u017c\u0105ce rozwijaniu kompetencji uczestnik\u00f3w, zak\u0142adaj\u0105cych zapoznanie ze \u015brodowiskiem akademickim i uczelni\u0105 \u2013 Politechnik\u0105 Bia\u0142ostock\u0105, jako miejscem naukowego ogl\u0105du rzeczywisto\u015bci, przybli\u017caj\u0105cych uczestnikom r\u00f3\u017cne dziedziny nauki, rozbudzanie ciekawo\u015bci ch\u0119\u0107 poznawania, inspirowanie do tw\u00f3rczego my\u015blenia, rozwijania zainteresowa\u0144 i pasji oraz rozbudzanie ciekawo\u015bci poznawczej m\u0142odzie\u017cy, propagowanie kultury innowacyjno\u015bci, inspirowanie. do tw\u00f3rczego my\u015blenia.<\/p>\n<p>Uko\u0144czenie cyklu szkole\u0144 przez uczestnik\u00f3w \u2013 m\u0142odzie\u017c szkoln\u0105 przyczyni si\u0119 do rozbudzenia w nich pasji i ch\u0119ci poznawania. Pozwoli im to na podniesienie szeregu kompetencji kluczowych i umiej\u0119tno\u015bci uniwersalnych niezb\u0119dnych na rynku pracy, znalezienie odpowiedzi na r\u00f3\u017cne pytania dotycz\u0105ce zjawisk i proces\u00f3w zachodz\u0105cych w ich otoczeniu oraz w\u0142asnor\u0119czne udowodnienie przy pomocy naukowych narz\u0119dzi, informacji dotychczas znanych z medi\u00f3w.<\/p>\n<p>Zakres tematyczny zaj\u0119\u0107 dla rodzic\u00f3w pozwoli na podniesienie kompetencji wychowawczych, spo\u0142ecznych jak r\u00f3wnie\u017c podniesie \u015bwiadomo\u015b\u0107 na temat bezpiecznego korzystania z Internetu. Rodzice usystematyzuj\u0105 wiedz\u0119 na temat rodzaj\u00f3w zagro\u017ce\u0144 i zabezpiecze\u0144 zwi\u0105zanych z korzystaniem z sieci. Dodatkowo rodzice poznaj\u0105 psychologiczne aspekty wieku dojrzewania oraz poszerz\u0105 umiej\u0119tno\u015bci odczytywania uczu\u0107 i emocji, Ponadto podczas warsztat\u00f3w z gier, rodzice naucz\u0105 si\u0119 jak w alternatywny spos\u00f3b mo\u017cna sp\u0119dzi\u0107 czas z dzieckiem, jednocze\u015bnie buduj\u0105c tak wa\u017cne relacje rodzinne.<\/p>\n<p>Dzia\u0142ania realizowane w ramach zaj\u0119\u0107 umo\u017cliwia rozw\u00f3j kompetencji i umiej\u0119tno\u015bci spo\u0142ecznych, wychowawczych oraz umiej\u0119tno\u015bci ICT.<\/p>\n<p>Rezultatem projektu b\u0119d\u0105 r\u00f3wnie\u017c modu\u0142y zaj\u0119\u0107 mo\u017cliwe do zaimplementowania przez inne instytucje, organizacje pozarz\u0105dowe i podmioty zajmuj\u0105ce si\u0119 edukacj\u0105, popularyzacj\u0105 nauki.<\/p>\n<p><strong>Okres realizacji projektu:<\/strong>&nbsp;01.06.2018 r. &#8211; 31.08.2019 r.<\/p>\n<p><strong>Ca\u0142kowita&nbsp;warto\u015b\u0107&nbsp;projektu:<\/strong>&nbsp;449 953,75 z\u0142<\/p>\n<p><strong>Dofinansowanie projektu ze \u015brodk\u00f3w europejskich: <\/strong>379 221,02 z\u0142<\/p>\n<p><strong>Kwota dofinansowania ze&nbsp;\u015brodk\u00f3w dotacji celowej:<\/strong>&nbsp;57 233,73 z\u0142<\/p>\n<p><strong>Wk\u0142ad&nbsp;w\u0142asny:<\/strong>&nbsp;13&nbsp;499,00 z\u0142<\/p>\n<p>Wi\u0119cej informacji na <a title=\"Strona otworzy si\u0119 w nowym oknie.\" href=\"http:\/\/www.pami.pb.edu.pl\" target=\"_blank\" rel=\"noopener\">stronie projektu.<\/a><\/p>\n","protected":false},"excerpt":{"rendered":"<p>Projekt &#8222;PAMI &#8211; Podlaska Akademia M\u0142odego In\u017cyniera&#8221;, uzyska\u0142 dofinansowanie w ramach Dzia\u0142ania 3.1 Kompetencje w&nbsp;szkolnictwie<\/p>\n","protected":false},"author":33,"featured_media":0,"parent":89,"menu_order":0,"comment_status":"closed","ping_status":"closed","template":"","meta":{"_acf_changed":false,"ngg_post_thumbnail":0,"footnotes":""},"class_list":["post-522","page","type-page","status-publish","hentry"],"acf":[],"_links":{"self":[{"href":"https:\/\/pb.edu.pl\/brpm\/wp-json\/wp\/v2\/pages\/522","targetHints":{"allow":["GET"]}}],"collection":[{"href":"https:\/\/pb.edu.pl\/brpm\/wp-json\/wp\/v2\/pages"}],"about":[{"href":"https:\/\/pb.edu.pl\/brpm\/wp-json\/wp\/v2\/types\/page"}],"author":[{"embeddable":true,"href":"https:\/\/pb.edu.pl\/brpm\/wp-json\/wp\/v2\/users\/33"}],"replies":[{"embeddable":true,"href":"https:\/\/pb.edu.pl\/brpm\/wp-json\/wp\/v2\/comments?post=522"}],"version-history":[{"count":0,"href":"https:\/\/pb.edu.pl\/brpm\/wp-json\/wp\/v2\/pages\/522\/revisions"}],"up":[{"embeddable":true,"href":"https:\/\/pb.edu.pl\/brpm\/wp-json\/wp\/v2\/pages\/89"}],"wp:attachment":[{"href":"https:\/\/pb.edu.pl\/brpm\/wp-json\/wp\/v2\/media?parent=522"}],"curies":[{"name":"wp","href":"https:\/\/api.w.org\/{rel}","templated":true}]}}