{"id":515,"date":"2018-09-05T15:14:11","date_gmt":"2018-09-05T13:14:11","guid":{"rendered":"https:\/\/pb.edu.pl\/brpm\/?page_id=515"},"modified":"2022-01-10T09:29:40","modified_gmt":"2022-01-10T08:29:40","slug":"palisander","status":"publish","type":"page","link":"https:\/\/pb.edu.pl\/brpm\/projekty-pb\/programy-ue\/projekty-zrealizowane\/palisander\/","title":{"rendered":"Praca zlecona przez firm\u0119 PPU Palisander sp. z o.o."},"content":{"rendered":"<h2>Praca zlecona przez firm\u0119 PPU Palisander sp. z o.o. w ramach projektu: \u201eOpracowanie nowego produktu w zakresie opracowania systemu szalunkowego do wykonania strop\u00f3w \u017celbetowych.\u201d nr projektu: POIR.02.03.02-20-0001\/17.<\/h2>\n<p><strong>Finansowane w ramach:<\/strong> Dzia\u0142ania 2.3 \u201eProinnowacyjne us\u0142ugi dla przedsi\u0119biorstw\u201d Poddzia\u0142ania 2.3.2 \u201eBony na innowacje dla M\u015aP\u201d w ramach II osi priorytetowej: \u201eWsparcie otoczenia i potencja\u0142u przedsi\u0119biorstw do prowadzenia dzia\u0142alno\u015bci B+R+I\u201d realizowanego w ramach Programu Operacyjnego Inteligentny Rozw\u00f3j.<\/p>\n<p><strong>Przedmiot umowy:<\/strong> opracowanie nowego produktu w zakresie opracowania systemu szalunkowego do wykonywania strop\u00f3w \u017celbetowych.<\/p>\n<p><strong>Instytucja Po\u015brednicz\u0105ca:<\/strong> Polska Agencja Rozwoju Przedsi\u0119biorczo\u015bci<\/p>\n<p><strong>Warto\u015b\u0107 zlecenia:<\/strong> 297&nbsp;660,00 z\u0142<\/p>\n<p><strong>Okres realizacji pracy:<\/strong> 01.06.2017 r. &#8211; 28.02.2018 r.<\/p>\n<p><strong>Jednostka realizuj\u0105ca:<\/strong> Wydzia\u0142 Budownictwa i In\u017cynierii \u015arodowiska Politechniki Bia\u0142ostockiej<\/p>\n<p><strong>Kierownik Pracy:<\/strong> dr hab. Miros\u0142aw Broniewicz<\/p>\n<p><strong>Zakres bada\u0144 badawczo-rozwojowych obejmuje:<\/strong><\/p>\n<ol>\n<li>Prace projektowe.<\/li>\n<li>Wykonanie prototypu i przeprowadzenie bada\u0144.<\/li>\n<li>Wykonanie ko\u0144cowej dokumentacji technicznej i instrukcji u\u017cytkowania.<\/li>\n<\/ol>\n","protected":false},"excerpt":{"rendered":"<p>Praca zlecona przez firm\u0119 PPU Palisander sp. z o.o. w ramach projektu: \u201eOpracowanie nowego produktu<\/p>\n","protected":false},"author":33,"featured_media":0,"parent":89,"menu_order":0,"comment_status":"closed","ping_status":"closed","template":"","meta":{"_acf_changed":false,"ngg_post_thumbnail":0,"footnotes":""},"class_list":["post-515","page","type-page","status-publish","hentry"],"acf":[],"_links":{"self":[{"href":"https:\/\/pb.edu.pl\/brpm\/wp-json\/wp\/v2\/pages\/515","targetHints":{"allow":["GET"]}}],"collection":[{"href":"https:\/\/pb.edu.pl\/brpm\/wp-json\/wp\/v2\/pages"}],"about":[{"href":"https:\/\/pb.edu.pl\/brpm\/wp-json\/wp\/v2\/types\/page"}],"author":[{"embeddable":true,"href":"https:\/\/pb.edu.pl\/brpm\/wp-json\/wp\/v2\/users\/33"}],"replies":[{"embeddable":true,"href":"https:\/\/pb.edu.pl\/brpm\/wp-json\/wp\/v2\/comments?post=515"}],"version-history":[{"count":0,"href":"https:\/\/pb.edu.pl\/brpm\/wp-json\/wp\/v2\/pages\/515\/revisions"}],"up":[{"embeddable":true,"href":"https:\/\/pb.edu.pl\/brpm\/wp-json\/wp\/v2\/pages\/89"}],"wp:attachment":[{"href":"https:\/\/pb.edu.pl\/brpm\/wp-json\/wp\/v2\/media?parent=515"}],"curies":[{"name":"wp","href":"https:\/\/api.w.org\/{rel}","templated":true}]}}