{"id":512,"date":"2018-09-05T15:11:16","date_gmt":"2018-09-05T13:11:16","guid":{"rendered":"https:\/\/pb.edu.pl\/brpm\/?page_id=512"},"modified":"2022-01-10T09:29:52","modified_gmt":"2022-01-10T08:29:52","slug":"zukowo","status":"publish","type":"page","link":"https:\/\/pb.edu.pl\/brpm\/projekty-pb\/programy-ue\/projekty-zrealizowane\/zukowo\/","title":{"rendered":"Praca zlecona przez firm\u0119 \u017bukowo sp. z o.o."},"content":{"rendered":"<h2>Praca zlecona przez firm\u0119 \u017bukowo sp. z o.o. w ramach projektu: \u201ePrzeprowadzenie bada\u0144 rozwojowych trzech innowacyjnych produkt\u00f3w i jednego innowacyjnego znacz\u0105co ulepszonego wyrobu w rusztowaniach stosowanych w budownictwie w ramach bonu na innowacje\u201d nr projektu: RPMA.01.02.00-14-8004\/17.<\/h2>\n<p><strong>Finansowane w ramach:<\/strong> Dzia\u0142anie 1.2 Dzia\u0142alno\u015b\u0107 badawczo-rozwojowa przedsi\u0119biorstw, Typ projekt\u00f3w: Bon na innowacje realizowanego w ramach Regionalnego Programu Operacyjnego Wojew\u00f3dztwa Mazowieckiego na lata 2014-2020.<\/p>\n<p><strong>Przedmiot umowy:<\/strong> Wykonanie bada\u0144 do\u015bwiadczalnych w warunkach obci\u0105\u017ce\u0144 laboratoryjnych wg norm PN-EN 12810 oraz PN-EN 12811.<\/p>\n<p><strong>Instytucja Po\u015brednicz\u0105ca:<\/strong> Mazowiecka Jednostka Wdra\u017cania Program\u00f3w Unijnych<\/p>\n<p><strong>Warto\u015b\u0107 zlecenia:<\/strong>&nbsp;116&nbsp;850,00 z\u0142<\/p>\n<p><strong>Okres realizacji pracy:<\/strong> 01.06.2018 r.- 22.06.2018 r.<\/p>\n<p><strong>Jednostka realizuj\u0105ca:<\/strong> Wydzia\u0142 Budownictwa i In\u017cynierii \u015arodowiska Politechniki Bia\u0142ostockiej<\/p>\n<p><strong>Kierownik Pracy:<\/strong> dr hab. Miros\u0142aw Broniewicz<\/p>\n<p><strong>Zakres prac badawczo-rozwojowych obejmuje 3 innowacyjne produkty:<\/strong><\/p>\n<ol>\n<li>Ramy aluminiowe do rusztowa\u0144.<\/li>\n<li>Trzyp\u0142ytowe podesty aluminiowe do rusztowa\u0144.<\/li>\n<li>Stojak aluminiowy do modelu.<\/li>\n<li>1 innowacyjny ulepszony produkt: znacz\u0105ce ulepszenie podest\u00f3w stalowych.<\/li>\n<\/ol>\n<p>Badania wszystkich produkt\u00f3w polega\u0107 b\u0119d\u0105 na pomiarach wytrzyma\u0142o\u015bciowych, badaniach sztywno\u015bci oraz badaniach jako\u015bciowych.<\/p>\n","protected":false},"excerpt":{"rendered":"<p>Praca zlecona przez firm\u0119 \u017bukowo sp. z o.o. w ramach projektu: \u201ePrzeprowadzenie bada\u0144 rozwojowych trzech<\/p>\n","protected":false},"author":33,"featured_media":0,"parent":89,"menu_order":0,"comment_status":"closed","ping_status":"closed","template":"","meta":{"_acf_changed":false,"ngg_post_thumbnail":0,"footnotes":""},"class_list":["post-512","page","type-page","status-publish","hentry"],"acf":[],"_links":{"self":[{"href":"https:\/\/pb.edu.pl\/brpm\/wp-json\/wp\/v2\/pages\/512","targetHints":{"allow":["GET"]}}],"collection":[{"href":"https:\/\/pb.edu.pl\/brpm\/wp-json\/wp\/v2\/pages"}],"about":[{"href":"https:\/\/pb.edu.pl\/brpm\/wp-json\/wp\/v2\/types\/page"}],"author":[{"embeddable":true,"href":"https:\/\/pb.edu.pl\/brpm\/wp-json\/wp\/v2\/users\/33"}],"replies":[{"embeddable":true,"href":"https:\/\/pb.edu.pl\/brpm\/wp-json\/wp\/v2\/comments?post=512"}],"version-history":[{"count":0,"href":"https:\/\/pb.edu.pl\/brpm\/wp-json\/wp\/v2\/pages\/512\/revisions"}],"up":[{"embeddable":true,"href":"https:\/\/pb.edu.pl\/brpm\/wp-json\/wp\/v2\/pages\/89"}],"wp:attachment":[{"href":"https:\/\/pb.edu.pl\/brpm\/wp-json\/wp\/v2\/media?parent=512"}],"curies":[{"name":"wp","href":"https:\/\/api.w.org\/{rel}","templated":true}]}}