{"id":503,"date":"2018-09-05T14:58:11","date_gmt":"2018-09-05T12:58:11","guid":{"rendered":"https:\/\/pb.edu.pl\/brpm\/?page_id=503"},"modified":"2022-01-10T09:30:41","modified_gmt":"2022-01-10T08:30:41","slug":"triffid","status":"publish","type":"page","link":"https:\/\/pb.edu.pl\/brpm\/projekty-pb\/programy-ue\/projekty-zrealizowane\/triffid\/","title":{"rendered":"Praca zlecona przez firm\u0119 White Hill Sp. z o.o. SK"},"content":{"rendered":"<h2>Praca zlecona przez firm\u0119 White Hill Sp. z o.o. SK&nbsp; w ramach projektu:&nbsp;\u201eTriffid-produkt przysz\u0142o\u015bci Klastra Obr\u00f3bki Metali KKK. White Hill synergia kooperacji w obszarze B + R.\u201d nr projektu: POIR.01.01.01-00-1911\/15.<\/h2>\n<p><strong>Finansowane w ramach:<\/strong> Dzia\u0142ania 1.1 Projekty B+R przedsi\u0119biorstw, Poddzia\u0142anie 1.1.1 Badania przemys\u0142owe i prace rozwojowe realizowane przez przedsi\u0119biorstwa realizowanego w ramach Programu Operacyjnego Inteligentny Rozw\u00f3j.<\/p>\n<p><strong>Przedmiot umowy:<\/strong> Wsp\u00f3\u0142praca przy badaniu podwozia pt. Optymalizacja konstrukcji, badania eksploatacyjne i technologiczne platformy \u201eTriffid\u201d<\/p>\n<p><strong>Instytucja Po\u015brednicz\u0105ca:<\/strong> Narodowe Centrum Bada\u0144 i Rozwoju<\/p>\n<p><strong>Warto\u015b\u0107 zlecenia:<\/strong> 485 850,00 z\u0142<\/p>\n<p><strong>Okres realizacji pracy:<\/strong> 28.10.2016 r.- 31.03.2019 r.<\/p>\n<p><strong>Jednostka realizuj\u0105ca:<\/strong> Wydzia\u0142 Mechaniczny Politechniki Bia\u0142ostockiej<\/p>\n<p><strong>Kierownik Pracy:<\/strong> dr hab. in\u017c. Roman Kaczy\u0144ski<\/p>\n<p><strong>Cel projektu:<\/strong><br \/>\nCelem szczeg\u00f3\u0142owym projektu jest doprowadzenie do stworzenia nowego produktu: automatycznego systemu do zbierania danych i wspierania decyzji w uprawach ro\u015blin szklarniowych.<\/p>\n<p>Poprzez wykorzystanie nowatorskiej metody pozyskiwania i analizy informacji o stanie ro\u015blin uprawianych w szklarniach oraz stosowanie autonomicznej platformy do poruszania si\u0119 robot\u00f3w po szklarni powstanie innowacyjne rozwi\u0105zanie na skal\u0119 \u015bwiatow\u0105.<\/p>\n<p>Zastosowanie systemu b\u0119dzie prze\u0142omowym przej\u015bciem od analizowania ro\u015blin przez ekspert\u00f3w w szklarniach (cz\u0142owieka) do obserwacji i pomiaru ro\u015blin przez roboty.<\/p>\n","protected":false},"excerpt":{"rendered":"<p>Praca zlecona przez firm\u0119 White Hill Sp. z o.o. SK&nbsp; w ramach projektu:&nbsp;\u201eTriffid-produkt przysz\u0142o\u015bci Klastra<\/p>\n","protected":false},"author":33,"featured_media":0,"parent":89,"menu_order":0,"comment_status":"closed","ping_status":"closed","template":"","meta":{"_acf_changed":false,"ngg_post_thumbnail":0,"footnotes":""},"class_list":["post-503","page","type-page","status-publish","hentry"],"acf":[],"_links":{"self":[{"href":"https:\/\/pb.edu.pl\/brpm\/wp-json\/wp\/v2\/pages\/503","targetHints":{"allow":["GET"]}}],"collection":[{"href":"https:\/\/pb.edu.pl\/brpm\/wp-json\/wp\/v2\/pages"}],"about":[{"href":"https:\/\/pb.edu.pl\/brpm\/wp-json\/wp\/v2\/types\/page"}],"author":[{"embeddable":true,"href":"https:\/\/pb.edu.pl\/brpm\/wp-json\/wp\/v2\/users\/33"}],"replies":[{"embeddable":true,"href":"https:\/\/pb.edu.pl\/brpm\/wp-json\/wp\/v2\/comments?post=503"}],"version-history":[{"count":0,"href":"https:\/\/pb.edu.pl\/brpm\/wp-json\/wp\/v2\/pages\/503\/revisions"}],"up":[{"embeddable":true,"href":"https:\/\/pb.edu.pl\/brpm\/wp-json\/wp\/v2\/pages\/89"}],"wp:attachment":[{"href":"https:\/\/pb.edu.pl\/brpm\/wp-json\/wp\/v2\/media?parent=503"}],"curies":[{"name":"wp","href":"https:\/\/api.w.org\/{rel}","templated":true}]}}