{"id":501,"date":"2018-09-05T14:55:48","date_gmt":"2018-09-05T12:55:48","guid":{"rendered":"https:\/\/pb.edu.pl\/brpm\/?page_id=501"},"modified":"2022-01-10T09:31:13","modified_gmt":"2022-01-10T08:31:13","slug":"moose","status":"publish","type":"page","link":"https:\/\/pb.edu.pl\/brpm\/projekty-pb\/programy-ue\/projekty-zrealizowane\/moose\/","title":{"rendered":"Praca zlecona przez firm\u0119 MOOSE Sp. z o.o."},"content":{"rendered":"<h2>Praca zlecona przez firm\u0119 MOOSE Sp. z o.o. w ramach projektu:&nbsp;\u201eModularny system obserwacyjno-inspekcyjny oparty na lataj\u0105cej platformie wielowirnikowej zasilanej ze stacji naziemnej.\u201d nr projektu: POIR.01.02.00-00-0072\/16.<\/h2>\n<p><strong>Finansowane w ramach:<\/strong> Dzia\u0142ania 1.2. Sektorowe programy B+R realizowanego w ramach Programu Operacyjnego Inteligentny Rozw\u00f3j.<\/p>\n<p><strong>Przedmiot umowy:<\/strong> wykonanie prac merytorycznych w zakresie us\u0142ug badawczych i rozwojowych polegaj\u0105cych na opracowaniu koncepcji, przeprowadzeniu analiz, bada\u0144 symulacyjnych oraz wytworzeniu dokumentacji, prototyp\u00f3w oraz produktu ko\u0144cowego w zakresie: systemu nawijania-odwijania przewodu zasilaj\u0105cego z automatyczn\u0105 kontrol\u0105 naci\u0105gu, uk\u0142adu zasilania bezza\u0142ogowego statku powietrznego, systemu wizyjnego oraz rozpoznawania obraz\u00f3w, systemu rejestracji sk\u0142adu chemicznego, bezza\u0142ogowego statku powietrznego, integracja poszczeg\u00f3lnych modu\u0142\u00f3w systemu.<\/p>\n<p><strong>Instytucja Po\u015brednicz\u0105ca:<\/strong> Narodowe Centrum Bada\u0144 i Rozwoju<\/p>\n<p><strong>Warto\u015b\u0107 zlecenia:&nbsp;<\/strong> 861&nbsp;013,79 z\u0142<\/p>\n<p><strong>Okres realizacji pracy:<\/strong> 27.03.2017 r.- 30.12.2019 r.<\/p>\n<p><strong>Jednostka realizuj\u0105ca:<\/strong> Wydzia\u0142 Elektryczny Politechniki Bia\u0142ostockiej<\/p>\n<p><strong>Kierownik Pracy:<\/strong> dr in\u017c. Wojciech Walendziuk<\/p>\n<p><strong>Cel projektu:<\/strong><br \/>\nCelem projektu jest opracowanie oraz implementacja modularnego systemu obserwacyjno-inspekcyjnego opartego na lataj\u0105cej platformie wielowirnikowej zasilanej ze stacji naziemnej. Innowacj\u0105 jest uproszczona obs\u0142uga przez u\u017cytkownika ko\u0144cowego, wymienne g\u0142owice obserwacyjno-inspekcyjne oraz zwi\u0119kszony czas lotu poprzez zastosowanie przewodu zasilaj\u0105cego. Planowanym wyposa\u017ceniem bezza\u0142ogowego statku powietrznego b\u0119d\u0105 kamery \u015bwiat\u0142a widzialnego, termowizyjnego oraz inna aparatura a opracowany pakiet symulacyjno-treningowy umo\u017cliwi przeprowadzenie szkole\u0144 i trening\u00f3w z obs\u0142ugi systemu.<\/p>\n","protected":false},"excerpt":{"rendered":"<p>Praca zlecona przez firm\u0119 MOOSE Sp. z o.o. w ramach projektu:&nbsp;\u201eModularny system obserwacyjno-inspekcyjny oparty na<\/p>\n","protected":false},"author":33,"featured_media":0,"parent":89,"menu_order":0,"comment_status":"closed","ping_status":"closed","template":"","meta":{"_acf_changed":false,"ngg_post_thumbnail":0,"footnotes":""},"class_list":["post-501","page","type-page","status-publish","hentry"],"acf":[],"_links":{"self":[{"href":"https:\/\/pb.edu.pl\/brpm\/wp-json\/wp\/v2\/pages\/501","targetHints":{"allow":["GET"]}}],"collection":[{"href":"https:\/\/pb.edu.pl\/brpm\/wp-json\/wp\/v2\/pages"}],"about":[{"href":"https:\/\/pb.edu.pl\/brpm\/wp-json\/wp\/v2\/types\/page"}],"author":[{"embeddable":true,"href":"https:\/\/pb.edu.pl\/brpm\/wp-json\/wp\/v2\/users\/33"}],"replies":[{"embeddable":true,"href":"https:\/\/pb.edu.pl\/brpm\/wp-json\/wp\/v2\/comments?post=501"}],"version-history":[{"count":0,"href":"https:\/\/pb.edu.pl\/brpm\/wp-json\/wp\/v2\/pages\/501\/revisions"}],"up":[{"embeddable":true,"href":"https:\/\/pb.edu.pl\/brpm\/wp-json\/wp\/v2\/pages\/89"}],"wp:attachment":[{"href":"https:\/\/pb.edu.pl\/brpm\/wp-json\/wp\/v2\/media?parent=501"}],"curies":[{"name":"wp","href":"https:\/\/api.w.org\/{rel}","templated":true}]}}