{"id":499,"date":"2018-09-05T14:54:08","date_gmt":"2018-09-05T12:54:08","guid":{"rendered":"https:\/\/pb.edu.pl\/brpm\/?page_id=499"},"modified":"2022-10-06T10:36:28","modified_gmt":"2022-10-06T08:36:28","slug":"marine","status":"publish","type":"page","link":"https:\/\/pb.edu.pl\/brpm\/projekty-pb\/programy-ue\/projekty-realizowane\/marine\/","title":{"rendered":"Praca zlecona przez firm\u0119 Marine Projects LTD Sp. z o.o."},"content":{"rendered":"<h2>Praca zlecona przez firm\u0119 Marine Projects LTD Sp. z o.o. w ramach projektu:&nbsp;\u201eStworzenie innowacyjnego uk\u0142adu do produkcji ch\u0142odu z uk\u0142adu odzysku ciep\u0142a na jednostkach p\u0142ywaj\u0105cych\u201d nr projektu: RPPM.01.01.01-22-0067\/16-00.<\/h2>\n<p><strong>Finansowane w ramach:<\/strong> Dzia\u0142ania 1.1. Ekspansja przez innowacje, Poddzia\u0142ania 1.1.1. Ekspansja przez innowacje \u2013 wsparcie dotacyjne RPO WP 2014-2020<\/p>\n<p><strong>Przedmiot umowy:<\/strong> Wykonanie us\u0142ug badawczych.<\/p>\n<p><strong>Instytucja Po\u015brednicz\u0105ca:<\/strong> Polska Agencja Rozwoju Przedsi\u0119biorczo\u015bci<\/p>\n<p><strong>Warto\u015b\u0107 zlecenia:&nbsp;<\/strong>1&nbsp;230&nbsp;000,00 z\u0142<\/p>\n<p><strong>Okres realizacji pracy: <\/strong>01.08.2017 r.- 31.12.2022 r.<\/p>\n<p><strong>Jednostka realizuj\u0105ca:<\/strong> Wydzia\u0142 Mechaniczny Politechniki Bia\u0142ostockiej<\/p>\n<p><strong>Kierownik Pracy:<\/strong> prof. dr hab. in\u017c. Dariusz Butrymowicz<\/p>\n<p><strong>Cel projektu:<\/strong><br \/>\nCelem projektu jest przeprowadzenie prac badawczych nad&nbsp;stworzeniem prototypu uk\u0142adu do&nbsp;produkcji ch\u0142odu z&nbsp;uk\u0142adu odzysku ciep\u0142a na&nbsp;jednostkach p\u0142ywaj\u0105cych.<\/p>\n<p>Projekt stanowi doskona\u0142y przyk\u0142ad zastosowania przemys\u0142owego o&nbsp;silnym potencjale wdro\u017ceniowym. \u0141\u0105czy w&nbsp;sobie jednocze\u015bnie wszelkie pozytywne aspekty bezpiecznego dla \u015brodowiska wytwarzania ch\u0142odu z&nbsp;wykorzystaniem czystej technologii oraz&nbsp;spe\u0142nienia wszelkie normy w&nbsp;zakresie zastosowania ekologicznych czynnik\u00f3w roboczych.<\/p>\n<p>Do&nbsp;g\u0142\u00f3wnych atut\u00f3w Projektu mo\u017cna zaliczy\u0107:<\/p>\n<ul>\n<li>innowacyjno\u015b\u0107 rozwi\u0105zania w&nbsp;skali \u015bwiatowej: zastosowanie ciep\u0142a odpadowego do&nbsp;nap\u0119du uk\u0142adu klimatyzacji na&nbsp;jednostkach p\u0142ywaj\u0105cych,<\/li>\n<li>rozwi\u0105zanie oparte na&nbsp;wynikach prac badawczych,<\/li>\n<li>praktyczna implementacja dyrektyw europejskich \u2013 brak F-gaz\u00f3w; racjonalne wykorzystanie ciep\u0142a odpadowego, racjonalizacja gospodarki paliwowej,<\/li>\n<li>mo\u017cliwo\u015b\u0107 bardzo szerokiego rozwoju technologii.<\/li>\n<\/ul>\n","protected":false},"excerpt":{"rendered":"<p>Praca zlecona przez firm\u0119 Marine Projects LTD Sp. z o.o. w ramach projektu:&nbsp;\u201eStworzenie innowacyjnego uk\u0142adu<\/p>\n","protected":false},"author":33,"featured_media":0,"parent":94,"menu_order":0,"comment_status":"closed","ping_status":"closed","template":"","meta":{"_acf_changed":false,"ngg_post_thumbnail":0,"footnotes":""},"class_list":["post-499","page","type-page","status-publish","hentry"],"acf":[],"_links":{"self":[{"href":"https:\/\/pb.edu.pl\/brpm\/wp-json\/wp\/v2\/pages\/499","targetHints":{"allow":["GET"]}}],"collection":[{"href":"https:\/\/pb.edu.pl\/brpm\/wp-json\/wp\/v2\/pages"}],"about":[{"href":"https:\/\/pb.edu.pl\/brpm\/wp-json\/wp\/v2\/types\/page"}],"author":[{"embeddable":true,"href":"https:\/\/pb.edu.pl\/brpm\/wp-json\/wp\/v2\/users\/33"}],"replies":[{"embeddable":true,"href":"https:\/\/pb.edu.pl\/brpm\/wp-json\/wp\/v2\/comments?post=499"}],"version-history":[{"count":0,"href":"https:\/\/pb.edu.pl\/brpm\/wp-json\/wp\/v2\/pages\/499\/revisions"}],"up":[{"embeddable":true,"href":"https:\/\/pb.edu.pl\/brpm\/wp-json\/wp\/v2\/pages\/94"}],"wp:attachment":[{"href":"https:\/\/pb.edu.pl\/brpm\/wp-json\/wp\/v2\/media?parent=499"}],"curies":[{"name":"wp","href":"https:\/\/api.w.org\/{rel}","templated":true}]}}