{"id":497,"date":"2018-09-05T14:52:06","date_gmt":"2018-09-05T12:52:06","guid":{"rendered":"https:\/\/pb.edu.pl\/brpm\/?page_id=497"},"modified":"2022-01-10T09:31:28","modified_gmt":"2022-01-10T08:31:28","slug":"ibet","status":"publish","type":"page","link":"https:\/\/pb.edu.pl\/brpm\/projekty-pb\/programy-ue\/projekty-zrealizowane\/ibet\/","title":{"rendered":"Praca zlecona przez firm\u0119 Ibet sp. z o.o."},"content":{"rendered":"<h2>Praca zlecona przez firm\u0119 <strong>Ibet sp. z o.o. <\/strong>w ramach projektu:&nbsp;\u201eWykonanie prac badawczych w zakresie opracowania innowacyjnych&nbsp; drobnowymiarowych wyrob\u00f3w betonowo-geopolimerowych wykonywanych w technologii wibroprasowania.\u201d nr projektu: POIR.02.03.02-22-0002\/18.<\/h2>\n<p><strong>Finansowanie w ramach:<\/strong> Dzia\u0142ania 2.3 \u201eProinnowacyjne us\u0142ugi dla przedsi\u0119biorstw\u201d Poddzia\u0142ania 2.3.2 \u201eBony na innowacje dla M\u015aP\u201d w ramach II osi priorytetowej: \u201eWsparcie otoczenia i potencja\u0142u przedsi\u0119biorstw do prowadzenia dzia\u0142alno\u015bci B+R+I\u201d realizowanego w ramach Programu Operacyjnego Inteligentny Rozw\u00f3j.<\/p>\n<p><strong>Przedmiot umowy: <\/strong>Wykonanie prac badawczo-rozwojowych.<\/p>\n<p><strong>Instytucja Po\u015brednicz\u0105ca:<\/strong> Polska Agencja Rozwoju Przedsi\u0119biorczo\u015bci<\/p>\n<p><strong>Warto\u015b\u0107 zlecenia:<\/strong>&nbsp; 309&nbsp;960,00 z\u0142<\/p>\n<p><strong>Okres realizacji pracy: <\/strong>11.06.2018 r.- 30.09.2019 r.<\/p>\n<p><strong>Jednostka realizuj\u0105ca:<\/strong> Wydzia\u0142 Budownictwa i In\u017cynierii \u015arodowiska Politechniki Bia\u0142ostockiej<\/p>\n<p><strong>Kierownik Pracy:<\/strong> prof. dr hab. in\u017c. Micha\u0142 Bo\u0142tryk<\/p>\n<p><strong>Zakres wykonywanych prac obejmowa\u0142 b\u0119dzie:<\/strong><\/p>\n<ol>\n<li>Uzyskanie sk\u0142adu mieszanki betonowej warstwy konstrukcyjnej.<\/li>\n<li>Uzyskanie sk\u0142adu mieszanki warstwy ochronnej wykonanej z geopolimeru.<\/li>\n<li>Zbadanie trwa\u0142o\u015bci barwnika w geopolimerze.<\/li>\n<li>Uzyskanie sposobu po\u0142\u0105czenia obu warstw wraz z opracowaniem technologii wibroprasowania drobnowymiarowych wyrob\u00f3w betonowo-geopolimerowych.<\/li>\n<li>Zbadanie w\u0142a\u015bciwo\u015bci elementu dwuwarstwowego.<\/li>\n<li>Sprawdzenie uzyskanego produktu w produkcji p\u00f3\u0142przemys\u0142owej (w warunkach rzeczywistych na odbiorcach ko\u0144cowych).<\/li>\n<li>Stworzenie raportu z ko\u0144cowymi wnioskami i zaleceniami dla funkcjonalno\u015bci produktu.<\/li>\n<\/ol>\n","protected":false},"excerpt":{"rendered":"<p>Praca zlecona przez firm\u0119 Ibet sp. z o.o. w ramach projektu:&nbsp;\u201eWykonanie prac badawczych w zakresie<\/p>\n","protected":false},"author":33,"featured_media":0,"parent":89,"menu_order":0,"comment_status":"closed","ping_status":"closed","template":"","meta":{"_acf_changed":false,"ngg_post_thumbnail":0,"footnotes":""},"class_list":["post-497","page","type-page","status-publish","hentry"],"acf":[],"_links":{"self":[{"href":"https:\/\/pb.edu.pl\/brpm\/wp-json\/wp\/v2\/pages\/497","targetHints":{"allow":["GET"]}}],"collection":[{"href":"https:\/\/pb.edu.pl\/brpm\/wp-json\/wp\/v2\/pages"}],"about":[{"href":"https:\/\/pb.edu.pl\/brpm\/wp-json\/wp\/v2\/types\/page"}],"author":[{"embeddable":true,"href":"https:\/\/pb.edu.pl\/brpm\/wp-json\/wp\/v2\/users\/33"}],"replies":[{"embeddable":true,"href":"https:\/\/pb.edu.pl\/brpm\/wp-json\/wp\/v2\/comments?post=497"}],"version-history":[{"count":0,"href":"https:\/\/pb.edu.pl\/brpm\/wp-json\/wp\/v2\/pages\/497\/revisions"}],"up":[{"embeddable":true,"href":"https:\/\/pb.edu.pl\/brpm\/wp-json\/wp\/v2\/pages\/89"}],"wp:attachment":[{"href":"https:\/\/pb.edu.pl\/brpm\/wp-json\/wp\/v2\/media?parent=497"}],"curies":[{"name":"wp","href":"https:\/\/api.w.org\/{rel}","templated":true}]}}