{"id":493,"date":"2018-09-05T14:47:37","date_gmt":"2018-09-05T12:47:37","guid":{"rendered":"https:\/\/pb.edu.pl\/brpm\/?page_id=493"},"modified":"2022-01-10T09:30:05","modified_gmt":"2022-01-10T08:30:05","slug":"drabent","status":"publish","type":"page","link":"https:\/\/pb.edu.pl\/brpm\/projekty-pb\/programy-ue\/projekty-zrealizowane\/drabent\/","title":{"rendered":"Praca zlecona przez firm\u0119 PPU Drabent Maria Drabent i Jacek Drabent sp. j."},"content":{"rendered":"<h2>Praca zlecona przez firm\u0119 PPU Drabent Maria Drabent i Jacek Drabent sp. j. w ramach projektu:&nbsp;\u201eOpracowania metodyki szybkiej kontroli jako\u015bci zasypek wykop\u00f3w w\u0105skoprzestrzennych i zasypek budowli infrastruktury podziemnej, wykonywanych z grunt\u00f3w spoistych, zag\u0119szczanych za pomoc\u0105 zag\u0119szczarek hydraulicznych MTS.\u201d<\/h2>\n<p><strong>Finansowanie w ramach:<\/strong> Granty na badania i innowacje w ramach Dzia\u0142ania 1.2.2 Bon na us\u0142ugi badawcze Regionalnego Programu Operacyjnego Wojew\u00f3dztwa Podlaskiego<\/p>\n<p><strong>Przedmiot umowy: <\/strong>Wykonanie us\u0142ugi badawczej i sporz\u0105dzenie raportu z przeprowadzonych bada\u0144 przemys\u0142owych i eksperymentalnych prac rozwojowych zawieraj\u0105cy zalecenia dotycz\u0105ce metodyki przeprowadzania odbioru technicznego rob\u00f3t ziemnych w zakresie spe\u0142nienia kryteri\u00f3w zag\u0119szczenia lub no\u015bno\u015bci grunt\u00f3w spoistych.<\/p>\n<p><strong>Instytucja Po\u015brednicz\u0105ca: <\/strong>Podlaska Fundacja Rozwoju Regionalnego<\/p>\n<p><strong>Warto\u015b\u0107 zlecenia:&nbsp; <\/strong>154&nbsp;010,75 z\u0142<\/p>\n<p><strong>Okres realizacji pracy:<\/strong> 24.05.2018 r.- 24.10.2018 r.<\/p>\n<p><strong>Jednostka realizuj\u0105ca:<\/strong> Wydzia\u0142 Budownictwa i In\u017cynierii \u015arodowiska Politechniki Bia\u0142ostockiej<\/p>\n<p><strong>Kierownik Pracy:<\/strong> dr in\u017c. Wojciech Gosk<\/p>\n<p><strong>Zakres bada\u0144 w szczeg\u00f3lno\u015bci obejmuje przeprowadzenie prac badawczych maj\u0105cych na celu:<\/strong><br \/>\nopracowanie metodyki szybkiej kontroli jako\u015bci zasypek wykop\u00f3w w\u0105skoprzestrzennych i zasypek budowli infrastruktury podziemnej, wykonywanych z grunt\u00f3w spoistych, zag\u0119szczanych za pomoc\u0105 zag\u0119szczarek hydraulicznych MTS.<\/p>\n<p><strong>Szczeg\u00f3\u0142owy zakres bada\u0144 obejmuje:<\/strong><\/p>\n<ul>\n<li>zag\u0119szczalno\u015b\u0107 wyst\u0119puj\u0105cych lokalnie grunt\u00f3w spoistych (glina, i\u0142y),<\/li>\n<li>wyb\u00f3r metody ich kontroli po ich wbudowaniu, mo\u017cliwej do zastosowania w danych warunkach.<\/li>\n<\/ul>\n","protected":false},"excerpt":{"rendered":"<p>Praca zlecona przez firm\u0119 PPU Drabent Maria Drabent i Jacek Drabent sp. j. w ramach<\/p>\n","protected":false},"author":33,"featured_media":0,"parent":89,"menu_order":0,"comment_status":"closed","ping_status":"closed","template":"","meta":{"_acf_changed":false,"ngg_post_thumbnail":0,"footnotes":""},"class_list":["post-493","page","type-page","status-publish","hentry"],"acf":[],"_links":{"self":[{"href":"https:\/\/pb.edu.pl\/brpm\/wp-json\/wp\/v2\/pages\/493","targetHints":{"allow":["GET"]}}],"collection":[{"href":"https:\/\/pb.edu.pl\/brpm\/wp-json\/wp\/v2\/pages"}],"about":[{"href":"https:\/\/pb.edu.pl\/brpm\/wp-json\/wp\/v2\/types\/page"}],"author":[{"embeddable":true,"href":"https:\/\/pb.edu.pl\/brpm\/wp-json\/wp\/v2\/users\/33"}],"replies":[{"embeddable":true,"href":"https:\/\/pb.edu.pl\/brpm\/wp-json\/wp\/v2\/comments?post=493"}],"version-history":[{"count":0,"href":"https:\/\/pb.edu.pl\/brpm\/wp-json\/wp\/v2\/pages\/493\/revisions"}],"up":[{"embeddable":true,"href":"https:\/\/pb.edu.pl\/brpm\/wp-json\/wp\/v2\/pages\/89"}],"wp:attachment":[{"href":"https:\/\/pb.edu.pl\/brpm\/wp-json\/wp\/v2\/media?parent=493"}],"curies":[{"name":"wp","href":"https:\/\/api.w.org\/{rel}","templated":true}]}}