{"id":482,"date":"2018-09-05T14:09:46","date_gmt":"2018-09-05T12:09:46","guid":{"rendered":"https:\/\/pb.edu.pl\/brpm\/?page_id=482"},"modified":"2022-01-10T09:27:15","modified_gmt":"2022-01-10T08:27:15","slug":"autizm","status":"publish","type":"page","link":"https:\/\/pb.edu.pl\/brpm\/projekty-pb\/programy-ue\/projekty-zrealizowane\/autizm\/","title":{"rendered":"AUTIZM"},"content":{"rendered":"<p><img loading=\"lazy\" decoding=\"async\" class=\"wp-image-218 aligncenter\" src=\"https:\/\/pb.edu.pl\/brpm\/wp-content\/uploads\/sites\/6\/2018\/04\/Interreg-logo.jpg\" alt=\"logo programu operacyjnego UE\" width=\"317\" height=\"120\" srcset=\"https:\/\/pb.edu.pl\/brpm\/wp-content\/uploads\/sites\/6\/2018\/04\/Interreg-logo.jpg 1024w, https:\/\/pb.edu.pl\/brpm\/wp-content\/uploads\/sites\/6\/2018\/04\/Interreg-logo-300x114.jpg 300w, https:\/\/pb.edu.pl\/brpm\/wp-content\/uploads\/sites\/6\/2018\/04\/Interreg-logo-768x291.jpg 768w\" sizes=\"auto, (max-width: 317px) 100vw, 317px\" \/><\/p>\n<h2>Projekt <strong>&#8222;Rozw\u00f3j wsp\u00f3\u0142pracy transgranicznej w zakresie pomocy osobom ze spektrum autyzmu na pograniczu polsko-litewskim&#8221;&nbsp;<\/strong>realizowany w ramach<strong>&nbsp;<\/strong>INTERREG LT-PL, Priorytet 3 &#8211; promowanie w\u0142\u0105czenia spo\u0142ecznego, walka z ub\u00f3stwem i wszelk\u0105 dyskryminacj\u0105), 3.1. Zwalczanie wykluczenia spo\u0142ecznego i ub\u00f3stwa poprzez poprawienie dost\u0119pu do \u015bwiadcze\u0144 socjalnych i zdrowotnych dla mieszka\u0144c\u00f3w strefy przygranicznej).<\/h2>\n<p><strong>Celem projektu<\/strong> jest realizacja dzia\u0142a\u0144 maj\u0105cych na celu przeciwdzia\u0142anie wykluczeniu spo\u0142ecznemu os\u00f3b z autyzmem poprzez szerok\u0105 kampani\u0119 informacyjn\u0105 oraz wsp\u00f3lne szkolenia i warsztaty specjalistyczne.<\/p>\n<p><strong>Zakres projektu obejmuje:<\/strong><\/p>\n<ul>\n<li>organizacj\u0119 1 konferencji,<\/li>\n<li>organizacj\u0119 4 warsztat\u00f3w specjalistycznych dla terapeut\u00f3w,<\/li>\n<li>organizacj\u0119 4 szkole\u0144 dla rodzic\u00f3w, pedagog\u00f3w i student\u00f3w,<\/li>\n<li>opracowanie strony internetowej w 3 j\u0119zykach,<\/li>\n<li>opracowanie platformy e-learningowej z 4 modu\u0142ami szkole\u0144,<\/li>\n<li>2 wizyty studyjne,<\/li>\n<li>wydanie 2 ksi\u0105\u017cek.<\/li>\n<\/ul>\n<p>Cel projektu odpowiada aktualnej polityce zdrowotnej Komisji Europejskiej (KE) i jest zgodny z celami przeciwdzia\u0142ania wykluczenia spo\u0142ecznego m.in. os\u00f3b z deficytami poznawczymi. Komunikat KE z 29.06.2011 r. \u201eBud\u017cet z perspektywy Europy 2020\u201d promuje dobre zdrowie ludzkie jako nieod\u0142\u0105czny element cel\u00f3w w zakresie inteligentnego wzrostu gospodarczego sprzyjaj\u0105cego w\u0142\u0105czeniu spo\u0142ecznemu. Wskazuje tak\u017ce pozytywny wp\u0142yw utrzymania spo\u0142ecze\u0144stwa w zdrowiu i aktywno\u015bci na wydajno\u015b\u0107 i konkurencyjno\u015b\u0107. Projekt osadzony jest w nurcie polskiej prezydencji w Unii Europejskiej \u201eZdrowa staro\u015b\u0107 zaczyna si\u0119 w dzieci\u0144stwie\u201d, podkre\u015blaj\u0105cej znaczenie profilaktyki i promocji zdrowia.<\/p>\n<p><strong>Partnerzy projektu:<\/strong><\/p>\n<ul>\n<li>Krajowe Towarzystwo Autyzmu Oddzia\u0142 w Bia\u0142ymstoku \u2013<strong> koordynator projektu<\/strong>,<\/li>\n<li>Kaunas Pranas Daunys Center for Education of the Blind and Visually Impaired \u2013 <strong>partner projektu<\/strong>,<\/li>\n<li>Politechnika Bia\u0142ostocka \u2013 <strong>partner projektu.<\/strong><\/li>\n<\/ul>\n<p><strong>Czas trwania projektu:<\/strong> 01.02.2018 \u2013 31.01.2019<br \/>\n<strong>Ca\u0142kowita warto\u015b\u0107 projektu:<\/strong>&nbsp; 45&nbsp;320,46 \u20ac<br \/>\n<strong>Wk\u0142ad w\u0142asny:<\/strong> 6&nbsp;798,08 \u20ac<br \/>\n<strong>Udzia\u0142 PB:<\/strong> 13&nbsp;473,86 \u20ac<\/p>\n","protected":false},"excerpt":{"rendered":"<p>Projekt &#8222;Rozw\u00f3j wsp\u00f3\u0142pracy transgranicznej w zakresie pomocy osobom ze spektrum autyzmu na pograniczu polsko-litewskim&#8221;&nbsp;realizowany w<\/p>\n","protected":false},"author":33,"featured_media":0,"parent":89,"menu_order":0,"comment_status":"closed","ping_status":"closed","template":"","meta":{"_acf_changed":false,"ngg_post_thumbnail":0,"footnotes":""},"class_list":["post-482","page","type-page","status-publish","hentry"],"acf":[],"_links":{"self":[{"href":"https:\/\/pb.edu.pl\/brpm\/wp-json\/wp\/v2\/pages\/482","targetHints":{"allow":["GET"]}}],"collection":[{"href":"https:\/\/pb.edu.pl\/brpm\/wp-json\/wp\/v2\/pages"}],"about":[{"href":"https:\/\/pb.edu.pl\/brpm\/wp-json\/wp\/v2\/types\/page"}],"author":[{"embeddable":true,"href":"https:\/\/pb.edu.pl\/brpm\/wp-json\/wp\/v2\/users\/33"}],"replies":[{"embeddable":true,"href":"https:\/\/pb.edu.pl\/brpm\/wp-json\/wp\/v2\/comments?post=482"}],"version-history":[{"count":0,"href":"https:\/\/pb.edu.pl\/brpm\/wp-json\/wp\/v2\/pages\/482\/revisions"}],"up":[{"embeddable":true,"href":"https:\/\/pb.edu.pl\/brpm\/wp-json\/wp\/v2\/pages\/89"}],"wp:attachment":[{"href":"https:\/\/pb.edu.pl\/brpm\/wp-json\/wp\/v2\/media?parent=482"}],"curies":[{"name":"wp","href":"https:\/\/api.w.org\/{rel}","templated":true}]}}