{"id":436,"date":"2018-09-05T13:14:24","date_gmt":"2018-09-05T11:14:24","guid":{"rendered":"https:\/\/pb.edu.pl\/brpm\/?page_id=436"},"modified":"2022-10-06T11:06:06","modified_gmt":"2022-10-06T09:06:06","slug":"santander-universidades","status":"publish","type":"page","link":"https:\/\/pb.edu.pl\/brpm\/projekty-pb\/programy-krajowe\/projekty-zrealizowane\/santander-universidades\/","title":{"rendered":"Santander Universidades"},"content":{"rendered":"<p><img loading=\"lazy\" decoding=\"async\" class=\"size-medium wp-image-439 aligncenter\" src=\"https:\/\/pb.edu.pl\/brpm\/wp-content\/uploads\/sites\/6\/2018\/09\/logo-santander-300x116.jpg\" alt=\"\" width=\"300\" height=\"116\" srcset=\"https:\/\/pb.edu.pl\/brpm\/wp-content\/uploads\/sites\/6\/2018\/09\/logo-santander-300x116.jpg 300w, https:\/\/pb.edu.pl\/brpm\/wp-content\/uploads\/sites\/6\/2018\/09\/logo-santander.jpg 362w\" sizes=\"auto, (max-width: 300px) 100vw, 300px\" \/><\/p>\n<h2>Santander Universidades 2018 &#8211; projekt ufundowany przez Fundacj\u0119 Banku Zachodniego WBK S.A. im Stefana Bry\u0142y.<\/h2>\n<p>Projekt ma na celu umo\u017cliwienie realizacji stypendi\u00f3w i nagr\u00f3d pracownikom i studentom Wydzia\u0142u In\u017cynierii Zarz\u0105dzania.<\/p>\n<p>W ramach projektu b\u0119d\u0105 zrealizowane:<\/p>\n<ol>\n<li>Stypendia dla student\u00f3w i pracownik\u00f3w Politechniki Bia\u0142ostockiej (\u0142\u0105cznie 25 stypendi\u00f3w, w tym co najmniej 5 wspieraj\u0105cych mobilno\u015b\u0107 i wymian\u0119 mi\u0119dzynarodow\u0105). Stypendia zostan\u0105 przyznane min. 20 studentom i min. 5 pracownikom uczelni.<\/li>\n<li>\u201eNagroda Santander Universidades\u201d dla najlepszego studenta WIZ.<\/li>\n<\/ol>\n<p><strong>\u0179r\u00f3d\u0142o finansowania:<\/strong> umowa darowizny&nbsp;Fundacji Banku Zachodniego WBK S.A. im Stefana Bry\u0142y<\/p>\n<p><strong>Okres realizacji projektu:<\/strong> 24\/01\/2018 &#8211; 31\/12\/2018<\/p>\n<p><strong>Ca\u0142kowita warto\u015b\u0107 projektu:<\/strong> 50 000,00 PLN<\/p>\n","protected":false},"excerpt":{"rendered":"<p>Santander Universidades 2018 &#8211; projekt ufundowany przez Fundacj\u0119 Banku Zachodniego WBK S.A. im Stefana Bry\u0142y.<\/p>\n","protected":false},"author":33,"featured_media":0,"parent":1575,"menu_order":0,"comment_status":"closed","ping_status":"closed","template":"","meta":{"_acf_changed":false,"ngg_post_thumbnail":0,"footnotes":""},"class_list":["post-436","page","type-page","status-publish","hentry"],"acf":[],"_links":{"self":[{"href":"https:\/\/pb.edu.pl\/brpm\/wp-json\/wp\/v2\/pages\/436","targetHints":{"allow":["GET"]}}],"collection":[{"href":"https:\/\/pb.edu.pl\/brpm\/wp-json\/wp\/v2\/pages"}],"about":[{"href":"https:\/\/pb.edu.pl\/brpm\/wp-json\/wp\/v2\/types\/page"}],"author":[{"embeddable":true,"href":"https:\/\/pb.edu.pl\/brpm\/wp-json\/wp\/v2\/users\/33"}],"replies":[{"embeddable":true,"href":"https:\/\/pb.edu.pl\/brpm\/wp-json\/wp\/v2\/comments?post=436"}],"version-history":[{"count":0,"href":"https:\/\/pb.edu.pl\/brpm\/wp-json\/wp\/v2\/pages\/436\/revisions"}],"up":[{"embeddable":true,"href":"https:\/\/pb.edu.pl\/brpm\/wp-json\/wp\/v2\/pages\/1575"}],"wp:attachment":[{"href":"https:\/\/pb.edu.pl\/brpm\/wp-json\/wp\/v2\/media?parent=436"}],"curies":[{"name":"wp","href":"https:\/\/api.w.org\/{rel}","templated":true}]}}