{"id":383,"date":"2018-09-05T11:13:20","date_gmt":"2018-09-05T09:13:20","guid":{"rendered":"https:\/\/pb.edu.pl\/brpm\/?page_id=383"},"modified":"2022-01-10T09:27:36","modified_gmt":"2022-01-10T08:27:36","slug":"gosmart-bsr","status":"publish","type":"page","link":"https:\/\/pb.edu.pl\/brpm\/projekty-pb\/programy-ue\/projekty-zrealizowane\/gosmart-bsr\/","title":{"rendered":"GoSmart BSR"},"content":{"rendered":"<p><img loading=\"lazy\" decoding=\"async\" class=\"size-medium wp-image-384 aligncenter\" src=\"https:\/\/pb.edu.pl\/brpm\/wp-content\/uploads\/sites\/6\/2018\/09\/logoGS-300x109.jpg\" alt=\"\" width=\"300\" height=\"109\" srcset=\"https:\/\/pb.edu.pl\/brpm\/wp-content\/uploads\/sites\/6\/2018\/09\/logoGS-300x109.jpg 300w, https:\/\/pb.edu.pl\/brpm\/wp-content\/uploads\/sites\/6\/2018\/09\/logoGS-768x280.jpg 768w, https:\/\/pb.edu.pl\/brpm\/wp-content\/uploads\/sites\/6\/2018\/09\/logoGS-1024x373.jpg 1024w\" sizes=\"auto, (max-width: 300px) 100vw, 300px\" \/><\/p>\n<h2>&#8222;Strengthening smart specialisation by fostering transnational cooperation &#8211; GoSmart BSR\u201d jest realizowany w ramach Interreg Baltic Sea Region 2014-2020, (Interreg Region Morza Ba\u0142tyckiego 2014-2020), Priorytet 1. Potencja\u0142 dla innowacji, Dzia\u0142anie 1.2. Inteligentna specjalizacja.<\/h2>\n<p><strong>Celem projektu jest rozwijanie strategii inteligentnych specjalizacji <\/strong>(ang. Smart Specialisation Strategies\u2013 3S) w uk\u0142adzie mi\u0119dzyregionalnym, przede wszystkim poprzez zwi\u0119kszenie umi\u0119dzynarodowienia biznesu, mi\u0119dzynarodowy przep\u0142yw innowacji oraz wspieranie efektywnej mi\u0119dzynarodowej wsp\u00f3\u0142pracy podmiot\u00f3w z poczw\u00f3rnej helisy \u2013 jednostek badawczych, rozwojowych, przemys\u0142u i administracji.<\/p>\n<p><strong>Opis projektu<\/strong><br \/>\nProjekt GoSmart BSR jest realizowany w ramach programu Interreg Region Morza Ba\u0142tyckiego (Interreg Baltic Sea Region), priorytet 1. Potencja\u0142 dla innowacji, dzia\u0142anie 1.2. Inteligentna specjalizacja: zwi\u0119kszenie mo\u017cliwo\u015bci wzrostu w oparciu o zwi\u0119kszon\u0105 zdolno\u015b\u0107 podmiot\u00f3w zajmuj\u0105cych si\u0119 innowacj\u0105 do zastosowania podej\u015bcia opartego na inteligentnych specjalizacjach.<br \/>\nIde\u0105 projektu jest integracja pa\u0144stw o niskim potencjale innowacyjnym ze s\u0142abiej rozwini\u0119tych region\u00f3w Morza Ba\u0142tyckiego z pa\u0144stwami z lepiej rozwini\u0119tych region\u00f3w, poprzez wzajemne uczenie si\u0119, wdra\u017canie 3S, realizacj\u0119 wsp\u00f3lnych dzia\u0142a\u0144 pomi\u0119dzy przedsi\u0119biorstwami z sektora M\u015aP i dzielenie si\u0119 najlepszymi praktykami. Projekt stanowi wa\u017cny krok prowadz\u0105cy do komercjalizacji prac naukowych na potrzeby rozwoju gospodarki w skali mi\u0119dzynarodowej. Po fazie badawczej, dzi\u0119ki kt\u00f3rej maj\u0105 zosta\u0107 okre\u015blone inteligentne specjalizacje i kierunki biznesowe, zaplanowano faz\u0119 praktyczn\u0105, polegaj\u0105c\u0105 na nawi\u0105zaniu i realizacji praktycznej wsp\u00f3\u0142pracy z przedsi\u0119biorcami i instytucjami badawczo-rozwojowymi.<\/p>\n<p>Projekt jest realizowany w partnerstwie instytucji z siedmiu kraj\u00f3w, spo\u015br\u00f3d kt\u00f3rych Politechnika Bia\u0142ostocka jest liderem projektu i jednocze\u015bnie jedynym partnerem naukowym. Pozostali partnerzy to:<br \/>\n<strong> \u2022 Podlaska Fundacja Rozwoju Regionalnego \u2013 partner regionalny (Polska),<\/strong><br \/>\n<strong> \u2022 Vidzeme Planning Region (\u0141otwa),<\/strong><br \/>\n<strong> \u2022 Valga Town (Estonia),<\/strong><br \/>\n<strong> \u2022 Lithuanian Innovation Center (Litwa),<\/strong><br \/>\n<strong> \u2022 Kouvola Innovation (Finlandia),<\/strong><br \/>\n<strong> \u2022 Hamburg Institute of International Economics (HWWI) (Niemcy),<\/strong><br \/>\n<strong> \u2022 Business Aabenraa (Dania).<\/strong><\/p>\n<p>Projekt wpisuje si\u0119 w ide\u0119 praktycznego wykorzystania wiedzy naukowej i wynik\u00f3w bada\u0144 naukowych na potrzeby rozwoju gospodarek regionalnych w uk\u0142adzie mi\u0119dzynarodowym.<\/p>\n<p><strong>Oczekiwane rezultaty<\/strong><br \/>\nProwadzenie skoordynowanych dzia\u0142a\u0144 mi\u0119dzynarodowych, opartych na wzmacnianiu wiedzy, kompetencji i wsp\u00f3\u0142pracy pomi\u0119dzy partnerami projektu GoSmart BSR, pozwoli na:<\/p>\n<ul>\n<li>dostosowanie sektora bada\u0144 i rozwoju\/bada\u0144 do potrzeb biznesowych, w tym wsp\u00f3\u0142pracy ponadnarodowej,<\/li>\n<li>stworzenie sieci wsp\u00f3\u0142pracy, integruj\u0105cej podmioty ze strefy biznesu, administracji i bada\u0144 naukowych w kierunku budowania trwa\u0142ych powi\u0105za\u0144 mi\u0119dzynarodowych,<\/li>\n<li>popraw\u0119 dost\u0119pu M\u015aP do r\u00f3\u017cnych form kooperacji mi\u0119dzynarodowe w po\u0142\u0105czeniu z innowacjami, transferem technologii i know-how oraz szczeg\u00f3lnie w zakresie bada\u0144 i rozwoju,<\/li>\n<li>przeprowadzenie bada\u0144 nad nowymi modelami internacjonalizacji i kierunkami rozwojowymi przedsi\u0119biorstw, inteligentnymi specjalizacjami w uk\u0142adzie transregionalnym oraz nad narz\u0119dziami wspierania internacjonalizacji przedsi\u0119biorstw, kt\u00f3re nast\u0119pnie b\u0119d\u0105 przedmiotem pilota\u017cowych dzia\u0142a\u0144 wdro\u017ceniowych,<\/li>\n<li>popraw\u0119 zrozumienia i skuteczno\u015bci w\u0142adz publicznych we wspieraniu innowacji i internacjonalizacji przez przedsi\u0119biorstwa i podmioty badawczo-rozwojowe,<\/li>\n<li>opracowanie strategii inteligentnych specjalizacji w uk\u0142adzie transregionalnym i transnarodowym realizowanych w partnerskich regionach.<\/li>\n<\/ul>\n<p><strong>Kierownik Projektu:<\/strong> dr hab. in\u017c. Wies\u0142aw Urban, prof. nzw.<br \/>\n<strong>\u0179r\u00f3d\u0142o finansowania:<\/strong> Interreg Baltic Sea Region 2014-2020, (Interreg Region Morza Ba\u0142tyckiego 2014-2020), Priorytet 1. Potencja\u0142 dla innowacji, Dzia\u0142anie 1.2. Inteligentna specjalizacja<br \/>\n<strong>Czas trwania projektu:<\/strong> 01.10.2017 \u2013 30.06.2021<br \/>\n<strong>Ca\u0142kowita warto\u015b\u0107 projektu:<\/strong> 1 759 767,50 \u20ac<br \/>\n<strong>Wk\u0142ad w\u0142asny:<\/strong> 341 569,63 \u20ac<br \/>\n<strong>Udzia\u0142 PB:<\/strong> 327 877,50 \u20ac<\/p>\n<p>Link do strony projektu: <a title=\"Strona otworzy si\u0119 w nowym oknie.\" href=\"https:\/\/gosmartbsr.eu\/\" target=\"_blank\" rel=\"noopener\">www.gosmartbsr.eu<\/a><\/p>\n","protected":false},"excerpt":{"rendered":"<p>&#8222;Strengthening smart specialisation by fostering transnational cooperation &#8211; GoSmart BSR\u201d jest realizowany w ramach Interreg<\/p>\n","protected":false},"author":33,"featured_media":0,"parent":89,"menu_order":0,"comment_status":"closed","ping_status":"closed","template":"","meta":{"_acf_changed":false,"ngg_post_thumbnail":0,"footnotes":""},"class_list":["post-383","page","type-page","status-publish","hentry"],"acf":[],"_links":{"self":[{"href":"https:\/\/pb.edu.pl\/brpm\/wp-json\/wp\/v2\/pages\/383","targetHints":{"allow":["GET"]}}],"collection":[{"href":"https:\/\/pb.edu.pl\/brpm\/wp-json\/wp\/v2\/pages"}],"about":[{"href":"https:\/\/pb.edu.pl\/brpm\/wp-json\/wp\/v2\/types\/page"}],"author":[{"embeddable":true,"href":"https:\/\/pb.edu.pl\/brpm\/wp-json\/wp\/v2\/users\/33"}],"replies":[{"embeddable":true,"href":"https:\/\/pb.edu.pl\/brpm\/wp-json\/wp\/v2\/comments?post=383"}],"version-history":[{"count":0,"href":"https:\/\/pb.edu.pl\/brpm\/wp-json\/wp\/v2\/pages\/383\/revisions"}],"up":[{"embeddable":true,"href":"https:\/\/pb.edu.pl\/brpm\/wp-json\/wp\/v2\/pages\/89"}],"wp:attachment":[{"href":"https:\/\/pb.edu.pl\/brpm\/wp-json\/wp\/v2\/media?parent=383"}],"curies":[{"name":"wp","href":"https:\/\/api.w.org\/{rel}","templated":true}]}}