{"id":367,"date":"2018-05-08T22:13:37","date_gmt":"2018-05-08T20:13:37","guid":{"rendered":"https:\/\/pb.edu.pl\/brpm\/?page_id=367"},"modified":"2024-01-31T22:54:39","modified_gmt":"2024-01-31T21:54:39","slug":"akredytacje-zagraniczne","status":"publish","type":"page","link":"https:\/\/pb.edu.pl\/brpm\/projekty-pb\/programy-ue\/projekty-zrealizowane\/akredytacje-zagraniczne\/","title":{"rendered":"Akredytacje zagraniczne"},"content":{"rendered":"<p><img loading=\"lazy\" decoding=\"async\" width=\"1190\" height=\"150\" class=\"aligncenter size-full wp-image-368\" src=\"https:\/\/pb.edu.pl\/brpm\/wp-content\/uploads\/sites\/6\/2018\/05\/UE-fundusze-wiedza-edukacja-faga-pl.jpg\" alt=\"UE\" srcset=\"https:\/\/pb.edu.pl\/brpm\/wp-content\/uploads\/sites\/6\/2018\/05\/UE-fundusze-wiedza-edukacja-faga-pl.jpg 1190w, https:\/\/pb.edu.pl\/brpm\/wp-content\/uploads\/sites\/6\/2018\/05\/UE-fundusze-wiedza-edukacja-faga-pl-300x38.jpg 300w, https:\/\/pb.edu.pl\/brpm\/wp-content\/uploads\/sites\/6\/2018\/05\/UE-fundusze-wiedza-edukacja-faga-pl-768x97.jpg 768w, https:\/\/pb.edu.pl\/brpm\/wp-content\/uploads\/sites\/6\/2018\/05\/UE-fundusze-wiedza-edukacja-faga-pl-1024x129.jpg 1024w\" sizes=\"auto, (max-width: 1190px) 100vw, 1190px\" \/><\/p>\n<h2>Wnioski Politechniki Bia\u0142ostockiej zatwierdzone do finansowania w projekcie \u201eAkredytacje zagraniczne\u201d w ramach Programu Operacyjnego Wiedza Edukacja Rozw\u00f3j wsp\u00f3\u0142finansowanego ze \u015brodk\u00f3w Europejskiego Funduszu Spo\u0142ecznego, dot. zlecenia zada\u0144 do realizacji przez Ministra Nauki i&nbsp;Szkolnictwa Wy\u017cszego.<\/h2>\n<p><strong>Okres realizacji<\/strong>: od 2018 r.<\/p>\n<p>Na li\u015bcie zatwierdzonej przez MNiSW znalaz\u0142o si\u0119 8 wniosk\u00f3w z\u0142o\u017conych przez: WE, WIZ, WM i WI, dotycz\u0105cych uzyskania zagranicznych akredytacji <strong>EUR-ACE\u00ae Label <\/strong><strong>ENAEE European Network for Accreditation of Engineering Education Komisja Akredytacyjna Uczelni Technicznych<\/strong> nast\u0119puj\u0105cych kierunk\u00f3w:<\/p>\n<ul>\n<li>elektrotechnika I i II st.;<\/li>\n<li>elektronika i telekomunikacja I i II st.;<\/li>\n<li>ekoenergetyka I st.;<\/li>\n<li>zarz\u0105dzanie i in\u017cynieria produkcji I i II st.;<\/li>\n<li>logistyka I st.;<\/li>\n<li>mechanika i budowa maszyn I i II st.;<\/li>\n<li>automatyka i robotyka I i II st.;<\/li>\n<li>informatyka I st.<\/li>\n<\/ul>\n<p>Ka\u017cdy z ww. wniosk\u00f3w opiewa\u0142 na kwot\u0119 <strong>14 700 PLN (z czego: 12389,16 PLN to dofinansowanie ze \u015brodk\u00f3w europejskich, a 2310,84 PLN to dofinansowanie ze \u015brodk\u00f3w bud\u017cetu pa\u0144stwa)<\/strong><\/p>\n<p><strong>\u0141\u0105czna warto\u015b\u0107 dofinansowania wszystkich ww. wniosk\u00f3w to 117&nbsp;600 PLN<\/strong><\/p>\n<p><strong>(z czego: 99113,28 PLN to dofinansowanie pochodz\u0105ce ze \u015brodk\u00f3w europejskich, a 18486,72 PLN to dofinansowanie ze \u015brodk\u00f3w bud\u017cetu pa\u0144stwa)<\/strong><\/p>\n<p>Dostrzegaj\u0105c potrzeb\u0119 wi\u0119kszego umi\u0119dzynarodowienia oraz zwi\u0119kszenia atrakcyjno\u015bci studi\u00f3w w oczach student\u00f3w krajowych i zagranicznych, w strategii rozwoju Wydzia\u0142\u00f3w zapisano podj\u0119cie dzia\u0142a\u0144 s\u0142u\u017c\u0105cych uzyskaniu akredytacji wybranych kierunk\u00f3w studi\u00f3w. Uzyskanie certyfikatu <strong>EUR-ACE\u00ae Label <\/strong>wpisuje si\u0119 w t\u0105 strategi\u0119 i stanowi punkt wyj\u015bcia do podj\u0119cia stosownych dzia\u0142a\u0144. Jest to tak\u017ce zgodne z og\u00f3lnym kierunkiem dzia\u0142a\u0144 strategicznych Uczelni, zwi\u0105zanych z promocj\u0105 studi\u00f3w i pracy naukowej na Politechnice Bia\u0142ostockiej na arenie krajowej, jak i mi\u0119dzynarodowej.<\/p>\n<p>Zdobycie akredytacji <strong>EUR-ACE\u00ae Label <\/strong>na ww. kierunkach pozwoli na podniesienie presti\u017cu, poziomu umi\u0119dzynarodowienia oraz zwi\u0119kszenia rozpoznawalno\u015bci Uczelni oraz Wydzia\u0142\u00f3w w innych krajach \u015bwiata. B\u0119dzie stanowi\u0142o r\u00f3wnie\u017c certyfikat jako\u015bci, potwierdzaj\u0105cy spe\u0142nienie przez Wydzia\u0142y Politechniki Bia\u0142ostockiej mi\u0119dzynarodowych, uznawanych w \u015brodowiskach bran\u017cowych w obszarze nauk technicznych, czytelnych dla otoczenia wymog\u00f3w dotycz\u0105cych wysokiego poziomu jako\u015bci kszta\u0142cenia na ww. kierunkach.<\/p>\n<p>Dzi\u0119ki akredytacji <strong>EUR-ACE\u00ae Label <\/strong>uczelnia uzyska dodatkow\u0105 weryfikacj\u0119 i potwierdzenie wysokiej jako\u015bci kszta\u0142cenia in\u017cynier\u00f3w oraz potwierdzenie tego, \u017ce kszta\u0142cenie jest prowadzone zgodnie ze standardami ustanowionymi przez organizacje zawodowe. Jest to tak\u017ce dobra informacja o jako\u015bci uko\u0144czonych studi\u00f3w na I stopniu przy kandydowaniu na studia II stopnia.<\/p>\n<p>Zakres korzy\u015bci z akredytacji wykracza r\u00f3wnie\u017c poza obszar Uczelni. Pracodawcy uzyskuj\u0105 zapewnienie, \u017ce kompetencje kandydata w zakresie wiedzy, rozumienia i umiej\u0119tno\u015bci praktycznych s\u0105 zgodne ze mi\u0119dzynarodowymi standardami w zakresie kszta\u0142cenia in\u017cynier\u00f3w. Za\u015b studenci uzyskuj\u0105 zapewnienie, \u017ce programy posiadaj\u0105ce akredytacje <strong>EUR-ACE\u00ae Label <\/strong>spe\u0142niaj\u0105 mi\u0119dzynarodowe standardy i s\u0105 rozpoznawane przez pracodawc\u00f3w w Europie. W krajach o regulowanych zawodach in\u017cynierskich programy posiadaj\u0105ce <strong>EUR-ACE\u00ae Label <\/strong>spe\u0142niaj\u0105 warunki niezb\u0119dne do uzyskania tytu\u0142u Registered lub Chartered Engineer (CEng), a FEANI automatycznie zalicza programy posiadaj\u0105ce <strong>EUR-ACE\u00ae Label <\/strong>jako uprawnione do uzyskania tytu\u0142u In\u017cyniera Europejskiego (Eur Ing).<\/p>\n<p style=\"text-align: justify\">Akredytowanie ww. kierunk\u00f3w studi\u00f3w w ramach <strong>EUR-ACE\u00ae Label <\/strong>pozwoli zatem naszym absolwentom ubiega\u0107 si\u0119 o ten presti\u017cowy tytu\u0142 zawodowy.<\/p>\n<p>Uzyskanie certyfikatu <strong>EUR-ACE\u00ae Label <\/strong>zwi\u0119kszy tak\u017ce atrakcyjno\u015b\u0107 kierunk\u00f3w w oczach potencjalnych student\u00f3w zagranicznych. Stanowi\u0107 b\u0119dzie potwierdzenie, \u017ce studia na tym kierunku prowadzone s\u0105 zgodnie z najwy\u017cszymi standardami europejskimi i \u015bwiatowymi oraz to, \u017ce po ich uko\u0144czeniu absolwenci b\u0119d\u0105 mogli swobodnie poszukiwa\u0107 pracy w dowolnych przedsi\u0119biorstwach polskich i mi\u0119dzynarodowych, tak\u017ce w takich, kt\u00f3re wymagaj\u0105 dodatkowych certyfikat\u00f3w jako\u015bci kszta\u0142cenia.<\/p>\n<p>W przypadku zwi\u0119kszenia si\u0119 liczby student\u00f3w zagranicznych przyje\u017cd\u017caj\u0105cych na studia oraz liczby student\u00f3w polskich wyje\u017cd\u017caj\u0105cych na sta\u017ce i praktyki do uczelni i przedsi\u0119biorstw zagranicznych mo\u017cna oczekiwa\u0107, \u017ce rozszerzeniu ulegnie zakres prowadzonej wsp\u00f3\u0142pracy pracownik\u00f3w Wydzia\u0142\u00f3w z zagranicznymi instytucjami naukowymi oraz firmami. Szersza wymiana student\u00f3w wymaga\u0107 b\u0119dzie wi\u0119kszej&nbsp; mobilno\u015bci&nbsp; nauczycieli&nbsp; akademickich,&nbsp; utrzymywania&nbsp; sta\u0142ych kontakt\u00f3w z naukowcami z zagranicy, w\u0142\u0105czenia si\u0119 do mi\u0119dzynarodowych grup badawczych w celu prowadzenia wsp\u00f3lnych bada\u0144, poszukiwania mi\u0119dzynarodowych zespo\u0142\u00f3w do realizacji projekt\u00f3w badawczych i grant\u00f3w, uczestniczenia w mi\u0119dzynarodowych seminariach i konferencjach naukowych. Je\u015bli powy\u017csze zadania zostan\u0105 zrealizowane, to niew\u0105tpliwie mo\u017cna b\u0119dzie m\u00f3wi\u0107 o zwi\u0119kszeniu umi\u0119dzynarodowienia Uczelni.<\/p>\n","protected":false},"excerpt":{"rendered":"<p>Wnioski Politechniki Bia\u0142ostockiej zatwierdzone do finansowania w projekcie \u201eAkredytacje zagraniczne\u201d w ramach Programu Operacyjnego Wiedza<\/p>\n","protected":false},"author":2,"featured_media":0,"parent":89,"menu_order":25,"comment_status":"closed","ping_status":"closed","template":"","meta":{"_acf_changed":false,"ngg_post_thumbnail":0,"footnotes":""},"class_list":["post-367","page","type-page","status-publish","hentry"],"acf":[],"_links":{"self":[{"href":"https:\/\/pb.edu.pl\/brpm\/wp-json\/wp\/v2\/pages\/367","targetHints":{"allow":["GET"]}}],"collection":[{"href":"https:\/\/pb.edu.pl\/brpm\/wp-json\/wp\/v2\/pages"}],"about":[{"href":"https:\/\/pb.edu.pl\/brpm\/wp-json\/wp\/v2\/types\/page"}],"author":[{"embeddable":true,"href":"https:\/\/pb.edu.pl\/brpm\/wp-json\/wp\/v2\/users\/2"}],"replies":[{"embeddable":true,"href":"https:\/\/pb.edu.pl\/brpm\/wp-json\/wp\/v2\/comments?post=367"}],"version-history":[{"count":0,"href":"https:\/\/pb.edu.pl\/brpm\/wp-json\/wp\/v2\/pages\/367\/revisions"}],"up":[{"embeddable":true,"href":"https:\/\/pb.edu.pl\/brpm\/wp-json\/wp\/v2\/pages\/89"}],"wp:attachment":[{"href":"https:\/\/pb.edu.pl\/brpm\/wp-json\/wp\/v2\/media?parent=367"}],"curies":[{"name":"wp","href":"https:\/\/api.w.org\/{rel}","templated":true}]}}