{"id":343,"date":"2018-05-08T00:05:52","date_gmt":"2018-05-07T22:05:52","guid":{"rendered":"https:\/\/pb.edu.pl\/brpm\/?page_id=343"},"modified":"2022-01-10T09:21:49","modified_gmt":"2022-01-10T08:21:49","slug":"practical-work","status":"publish","type":"page","link":"https:\/\/pb.edu.pl\/brpm\/projekty-pb\/programy-ue\/projekty-zrealizowane\/practical-work\/","title":{"rendered":"PRACTICAL WORK"},"content":{"rendered":"<p style=\"text-align: justify\"><img loading=\"lazy\" decoding=\"async\" class=\"alignnone wp-image-568 size-full\" src=\"https:\/\/pb.edu.pl\/brpm\/wp-content\/uploads\/sites\/6\/2018\/09\/FE_POWER_poziom_pl-jpg.jpg\" alt=\"\" width=\"5883\" height=\"756\" srcset=\"https:\/\/pb.edu.pl\/brpm\/wp-content\/uploads\/sites\/6\/2018\/09\/FE_POWER_poziom_pl-jpg.jpg 5883w, https:\/\/pb.edu.pl\/brpm\/wp-content\/uploads\/sites\/6\/2018\/09\/FE_POWER_poziom_pl-jpg-300x39.jpg 300w, https:\/\/pb.edu.pl\/brpm\/wp-content\/uploads\/sites\/6\/2018\/09\/FE_POWER_poziom_pl-jpg-768x99.jpg 768w, https:\/\/pb.edu.pl\/brpm\/wp-content\/uploads\/sites\/6\/2018\/09\/FE_POWER_poziom_pl-jpg-1024x132.jpg 1024w\" sizes=\"auto, (max-width: 5883px) 100vw, 5883px\" \/><\/p>\n<h2 style=\"text-align: left\">\u201ePRACTICAL WORK_Program sta\u017cowy dla student\u00f3w Wydzia\u0142u Budownictwa i In\u017cynierii \u015arodowiska Politechniki Bia\u0142ostockiej\u201d. Projekt uzyska\u0142 finansowanie z osi priorytetowej III. Szkolnictwo wy\u017csze dla gospodarki i rozwoju, Dzia\u0142ania 3.1 Kompetencje w szkolnictwie wy\u017cszym Programu Operacyjnego Wiedza Edukacja Rozw\u00f3j 2014-2020 w ramach konkursu nr POWR.03.01.00-IP.08-00-SP2\/17.<\/h2>\n<p style=\"text-align: left\">Umowa nr POWR.03.01.00-00-S111\/17-00 z dnia 06.11.2017<\/p>\n<p style=\"text-align: left\"><strong>Cel <\/strong><strong>projektu: <\/strong>podniesienie kompetencji student\u00f3w Wydzia\u0142u Budownictwa i In\u017cynierii \u015arodowiska PB w zakresie nabycia praktycznych umiej\u0119tno\u015bci niezb\u0119dnych na rynku pracy.<\/p>\n<p style=\"text-align: left\"><strong>Czas&nbsp;trwania&nbsp;projektu:<\/strong>&nbsp;01.03.2018 r. &#8211; 31.12.2019 r.<\/p>\n<p style=\"text-align: left\"><strong>Ca\u0142kowita&nbsp;warto\u015b\u0107&nbsp;projektu:<\/strong>&nbsp;1&nbsp;652&nbsp;495,04 z\u0142<\/p>\n<p style=\"text-align: left\"><strong>Dofinansowanie projektu ze \u015brodk\u00f3w europejskich: <\/strong>1&nbsp;392&nbsp;722,82 z\u0142<\/p>\n<p style=\"text-align: left\"><strong>Kwota dofinansowania ze&nbsp;\u015brodk\u00f3w dotacji celowej:<\/strong>&nbsp;210&nbsp;197,36 z\u0142<\/p>\n<p style=\"text-align: left\"><strong>Wk\u0142ad&nbsp;w\u0142asny:<\/strong>&nbsp;49 574,86 z\u0142<\/p>\n<p style=\"text-align: left\"><strong>Charakterystyka&nbsp;projektu<\/strong><br \/>\nProjekt przewiduje realizacj\u0119&nbsp;wysokiej&nbsp;jako\u015bci&nbsp;sta\u017cy trwaj\u0105cych 320 godz. (160 godz.\/m-c) &#8211; po 40 godz. tygodniowo (tj. 8 tyg.\/2m-ce). Bezpo\u015brednim wsparciem obj\u0119tych zostanie 178 najlepszych, nie pracuj\u0105cych student\u00f3w poni\u017cej 26 roku \u017cycia z 4 ostatnich semestr\u00f3w studi\u00f3w stacjonarnych II stopnia WBiI\u015a PB tj. w 2018r. &#8211; 112os. i w 2019r. &#8211; 66os.<\/p>\n<p style=\"text-align: left\">Realizacja wysokiej jako\u015bci program\u00f3w sta\u017cowych pozwoli uczestnikom na pozyskanie najbardziej aktualnej wiedzy specjalistycznej, b\u0119dzie okazj\u0105 do korzystania z innowacji technologii udost\u0119pnianych przez przedsi\u0119biorc\u00f3w oraz umo\u017cliwi zdobycie praktycznych umiej\u0119tno\u015bci, tak poszukiwanych i po\u017c\u0105danych na rynku pracy.<\/p>\n<p style=\"text-align: left\"><strong>W projekcie przewiduje si\u0119&nbsp;dwa&nbsp;terminy rekrutacji na&nbsp;sta\u017ce:<\/strong> w roku 2018 i w 2019 (dla student\u00f3w I semestr II stopnia studi\u00f3w stacjonarnych kierunk\u00f3w: budownictwo, in\u017cynieria \u015brodowiska, in\u017cynieria rolno-spo\u017cywcza i le\u015bna; III semestr&nbsp;II stopnia studi\u00f3w stacjonarnych kierunk\u00f3w:&nbsp;budownictwo, architektura krajobrazu i in\u017cynieria \u015brodowiska.<\/p>\n","protected":false},"excerpt":{"rendered":"<p>\u201ePRACTICAL WORK_Program sta\u017cowy dla student\u00f3w Wydzia\u0142u Budownictwa i In\u017cynierii \u015arodowiska Politechniki Bia\u0142ostockiej\u201d. Projekt uzyska\u0142 finansowanie<\/p>\n","protected":false},"author":2,"featured_media":0,"parent":89,"menu_order":22,"comment_status":"closed","ping_status":"closed","template":"","meta":{"_acf_changed":false,"ngg_post_thumbnail":0,"footnotes":""},"class_list":["post-343","page","type-page","status-publish","hentry"],"acf":[],"_links":{"self":[{"href":"https:\/\/pb.edu.pl\/brpm\/wp-json\/wp\/v2\/pages\/343","targetHints":{"allow":["GET"]}}],"collection":[{"href":"https:\/\/pb.edu.pl\/brpm\/wp-json\/wp\/v2\/pages"}],"about":[{"href":"https:\/\/pb.edu.pl\/brpm\/wp-json\/wp\/v2\/types\/page"}],"author":[{"embeddable":true,"href":"https:\/\/pb.edu.pl\/brpm\/wp-json\/wp\/v2\/users\/2"}],"replies":[{"embeddable":true,"href":"https:\/\/pb.edu.pl\/brpm\/wp-json\/wp\/v2\/comments?post=343"}],"version-history":[{"count":0,"href":"https:\/\/pb.edu.pl\/brpm\/wp-json\/wp\/v2\/pages\/343\/revisions"}],"up":[{"embeddable":true,"href":"https:\/\/pb.edu.pl\/brpm\/wp-json\/wp\/v2\/pages\/89"}],"wp:attachment":[{"href":"https:\/\/pb.edu.pl\/brpm\/wp-json\/wp\/v2\/media?parent=343"}],"curies":[{"name":"wp","href":"https:\/\/api.w.org\/{rel}","templated":true}]}}