{"id":332,"date":"2018-05-06T22:43:12","date_gmt":"2018-05-06T20:43:12","guid":{"rendered":"https:\/\/pb.edu.pl\/brpm\/?page_id=332"},"modified":"2024-01-31T22:14:15","modified_gmt":"2024-01-31T21:14:15","slug":"emc-labnet-polska-siec-laboratoriow-emc","status":"publish","type":"page","link":"https:\/\/pb.edu.pl\/brpm\/projekty-pb\/programy-ue\/projekty-zrealizowane\/emc-labnet-polska-siec-laboratoriow-emc\/","title":{"rendered":"EMC-LabNet &#8211; Polska Sie\u0107 Laboratori\u00f3w EMC"},"content":{"rendered":"<p><img loading=\"lazy\" decoding=\"async\" class=\"alignnone size-full wp-image-1525\" src=\"https:\/\/pb.edu.pl\/brpm\/wp-content\/uploads\/sites\/6\/2022\/10\/belka-POIR_pl.jpg\" alt=\"\" width=\"1778\" height=\"181\" srcset=\"https:\/\/pb.edu.pl\/brpm\/wp-content\/uploads\/sites\/6\/2022\/10\/belka-POIR_pl.jpg 1778w, https:\/\/pb.edu.pl\/brpm\/wp-content\/uploads\/sites\/6\/2022\/10\/belka-POIR_pl-300x31.jpg 300w, https:\/\/pb.edu.pl\/brpm\/wp-content\/uploads\/sites\/6\/2022\/10\/belka-POIR_pl-1024x104.jpg 1024w, https:\/\/pb.edu.pl\/brpm\/wp-content\/uploads\/sites\/6\/2022\/10\/belka-POIR_pl-768x78.jpg 768w, https:\/\/pb.edu.pl\/brpm\/wp-content\/uploads\/sites\/6\/2022\/10\/belka-POIR_pl-1536x156.jpg 1536w\" sizes=\"auto, (max-width: 1778px) 100vw, 1778px\" \/><\/p>\n<h2>EMC-LabNet &#8211; Polska Sie\u0107 Laboratori\u00f3w EMC. Projekt realizowany w ramach Polskiej Mapy Drogowej Infrastruktury Badawczej (obecnie Strategiczna Infrastruktura Badawcza SIB).<\/h2>\n<p>EMC &#8211; LabNet jest wsp\u00f3lnym przedsi\u0119wzi\u0119ciem jednostek naukowo-badawczych i wy\u017cszych uczelni dzia\u0142aj\u0105cych w r\u00f3\u017cnych regionach Polski, kt\u00f3re posiadaj\u0105 znacz\u0105c\u0105 infrastruktur\u0119 badawcz\u0105 oraz najwi\u0119kszy potencja\u0142 naukowy i do\u015bwiadczenie w badaniach z zakresu kompatybilno\u015bci elektromagnetycznej (EMC), w tym w\u0142asno\u015bci urz\u0105dze\u0144, system\u00f3w i instalacji: wojskowych, lotniczych, morskich, telekomunikacyjnych, teleinformatycznych, elektroenergetycznych, powszechnego u\u017cytku, a tak\u017ce z zakresu ochrony przed zjawiskami elektromagnetycznymi i ulotem informacji poprzez emisj\u0119 zaburze\u0144 elektromagnetycznych<\/p>\n<p><strong>Planowana realizacja projektu:<\/strong> 1 kwietnia 2016 r.\u2013 31 grudnia 2023 r.<\/p>\n<h3>Sk\u0142ad konsorcjum:<\/h3>\n<ul>\n<li>Politechnika Wroc\u0142awska (PWr) \u2013 koordynator<\/li>\n<li>OBR Centrum Techniki Morskiej S.A. (CTM)<\/li>\n<li>Politechnika Bia\u0142ostocka (PB)<\/li>\n<li>Politechnika Rzeszowska (PRz)<\/li>\n<li>Wojskowa Akademia Techniczna (WAT)<\/li>\n<\/ul>\n<p>Konsorcjum przygotowa\u0142o i z\u0142o\u017cy\u0142o projekt w ramach aktualizacji Polskiej Mapy Drogowej Infrastruktury Badawczej PMDiB (obecnie Strategiczna Infrastruktura Badawcza SIB)<\/p>\n<p><strong>Ca\u0142kowita warto\u015b\u0107 projektu:<\/strong> 61 111 888,90 z\u0142<br \/>\nKoszty kwalifikowane: 50 000 000,00 z\u0142<br \/>\nDofinansowanie: 40 000 000,00 z\u0142<br \/>\n<strong>W tym bud\u017cet PB<\/strong> \u2013 1 518 152,94 z\u0142<\/p>\n<h3>Podzia\u0142 kompetencji EMC-LabNet<\/h3>\n<p>Podzia\u0142 specjalizacji w\u015br\u00f3d konsorcjant\u00f3w w zakresie badania, modelowania i analizy zjawisk oraz w\u0142a\u015bciwo\u015bci urz\u0105dze\u0144, system\u00f3w, instalacji elektrycznych i elektronicznych oraz metod ich projektowania, a tak\u017ce zabezpieczania pod k\u0105tem EMC:<\/p>\n<ul>\n<li>Politechnika Wroc\u0142awska (PWr): urz\u0105dzenia telekomunikacyjne, radiokomunikacyjne, teleinformatyczne, motoryzacyjne, elektroenergetyczne oraz elektronika u\u017cytkowa i sprz\u0119t powszechnego u\u017cytku (np. AGD), maszyny itp.<\/li>\n<li>OBR Centrum Techniki Morskiej S.A. (CTM): urz\u0105dzenia morskie, w tym przeznaczone na jednostki p\u0142ywaj\u0105ce i urz\u0105dzenia wojskowej techniki morskiej<\/li>\n<li>Politechnika Bia\u0142ostocka (PB): generacja wy\u0142adowa\u0144 piorunowych i ochrona przed tymi wy\u0142adowaniami<\/li>\n<li>Politechnika Rzeszowska (PRz): statki powietrzne i urz\u0105dzenia lotnicze<\/li>\n<li>Wojskowa Akademia Techniczna (WAT): urz\u0105dzenia wojskowe i techniki wojskowej<\/li>\n<\/ul>\n<h3>Cele badawcze EMC-LabNet<\/h3>\n<ul>\n<li>opracowanie metod i procedur badawczych EMC w warunkach laboratoryjnych i w miejscu instalacji urz\u0105dze\u0144 i system\u00f3w:\n<ul>\n<li>telekomunikacyjnych, radiokomunikacyjnych, teleinformatycznych ICT, elektroenergetycznych, motoryzacyjnych i powszechnego u\u017cytku (elektroniki konsumenckiej) &#8211; PWr,<\/li>\n<li>lotniczych i montowanych w samolotach &#8211; PRz,<\/li>\n<li>wojskowych &#8211; WAT,<\/li>\n<li>morskich, w tym urz\u0105dze\u0144 wojskowej techniki morskiej &#8211; CTM,<\/li>\n<li>generacji i zabezpiecze\u0144 przed wy\u0142adowaniami piorunowymi &#8211; PB,<\/li>\n<li>opracowanie nowych stanowisk pomiarowych i ich walidacja,<\/li>\n<\/ul>\n<\/li>\n<li>modelowanie zjawisk elektromagnetycznych,<\/li>\n<li>okre\u015blenie w\u0142a\u015bciwo\u015bci elektromagnetycznych materia\u0142\u00f3w i substancji,<\/li>\n<li>opracowanie inteligentnych materia\u0142\u00f3w i substancji na potrzeby EMC,<\/li>\n<li>okre\u015blenie uwarunkowa\u0144 konstrukcyjnych urz\u0105dze\u0144, system\u00f3w i instalacji w zakresie kompatybilno\u015bci elektromagnetycznej,<\/li>\n<li>okre\u015blenie uwarunkowa\u0144 konstrukcyjnych urz\u0105dze\u0144 i system\u00f3w pod k\u0105tem bezpiecze\u0144stwa teleinformatycznego,<\/li>\n<li>opracowanie metod i procedur badawczych oceny ekspozycji biosfery na pola elektromagnetyczne,<\/li>\n<li>opracowanie metod, procedur i narz\u0119dzi do wytwarzania p\u00f3l elektromagnetycznych, z uwzgl\u0119dnieniem impulsowych p\u00f3l du\u017cej mocy,<\/li>\n<li>opracowanie metod, procedur i narz\u0119dzi do badania kompatybilno\u015bci elektromagnetycznej w zakresie p\u00f3l magnetycznych sta\u0142ych i quasi sta\u0142ych,<\/li>\n<li>okre\u015blenie w\u0142a\u015bciwo\u015bci elektromagnetycznych obiekt\u00f3w na podstawie pomiar\u00f3w w polu bliskim,<\/li>\n<li>opracowanie metod i narz\u0119dzi do okre\u015blania zabezpiecze\u0144 przed wy\u0142adowaniami atmosferycznymi i przepi\u0119ciami oraz r\u00f3\u017cnych urz\u0105dze\u0144 system\u00f3w i instalacji przed oddzia\u0142ywaniem impulsowych zaburze\u0144 elektromagnetycznych,<\/li>\n<li>opracowanie metod i narz\u0119dzi do oceny ryzyka wy\u0142adowa\u0144 piorunowych w realnych strukturach z zastosowaniem pomiar\u00f3w i oblicze\u0144 teoretycznych i symulacji,<\/li>\n<li>modelowanie zjawisk wewn\u0105trz konstrukcji na skutek udaru pioruna,<\/li>\n<li>analiza warunk\u00f3w odporno\u015bci na zak\u0142\u00f3cenia i emisji zak\u0142\u00f3ce\u0144 w systemach i urz\u0105dzeniach na pok\u0142adzie samolot\u00f3w oraz w elektronicznych urz\u0105dzeniach gospodarstwa domowego,<\/li>\n<li>badanie integralno\u015bci sygna\u0142u w pok\u0142adowych uniwersalnych interfejsach komunikacyjnych i urz\u0105dzeniach w samolotach i testowanie urz\u0105dze\u0144 stosowanych w samolotach z uwzgl\u0119dnieniem aspekt\u00f3w odporno\u015bci na zak\u0142\u00f3cenia promieniowania o wysokim poziomie promieniowania,<\/li>\n<li>analiza i modelowanie skutk\u00f3w przepi\u0119\u0107 indukowanych w instalacji pok\u0142adowej samolot\u00f3w spowodowanych wy\u0142adowaniami atmosferycznymi w kad\u0142ubie samolotu.<\/li>\n<\/ul>\n<p><a title=\"Strona otworzy si\u0119 w nowym oknie.\" href=\"https:\/\/we.pb.edu.pl\/projekty\/emc-labnet\/\" target=\"_blank\" rel=\"noopener\">Link do strony projektu.<\/a><\/p>\n","protected":false},"excerpt":{"rendered":"<p>EMC-LabNet &#8211; Polska Sie\u0107 Laboratori\u00f3w EMC. Projekt realizowany w ramach Polskiej Mapy Drogowej Infrastruktury Badawczej<\/p>\n","protected":false},"author":2,"featured_media":0,"parent":89,"menu_order":21,"comment_status":"closed","ping_status":"closed","template":"","meta":{"_acf_changed":false,"ngg_post_thumbnail":0,"footnotes":""},"class_list":["post-332","page","type-page","status-publish","hentry"],"acf":[],"_links":{"self":[{"href":"https:\/\/pb.edu.pl\/brpm\/wp-json\/wp\/v2\/pages\/332","targetHints":{"allow":["GET"]}}],"collection":[{"href":"https:\/\/pb.edu.pl\/brpm\/wp-json\/wp\/v2\/pages"}],"about":[{"href":"https:\/\/pb.edu.pl\/brpm\/wp-json\/wp\/v2\/types\/page"}],"author":[{"embeddable":true,"href":"https:\/\/pb.edu.pl\/brpm\/wp-json\/wp\/v2\/users\/2"}],"replies":[{"embeddable":true,"href":"https:\/\/pb.edu.pl\/brpm\/wp-json\/wp\/v2\/comments?post=332"}],"version-history":[{"count":0,"href":"https:\/\/pb.edu.pl\/brpm\/wp-json\/wp\/v2\/pages\/332\/revisions"}],"up":[{"embeddable":true,"href":"https:\/\/pb.edu.pl\/brpm\/wp-json\/wp\/v2\/pages\/89"}],"wp:attachment":[{"href":"https:\/\/pb.edu.pl\/brpm\/wp-json\/wp\/v2\/media?parent=332"}],"curies":[{"name":"wp","href":"https:\/\/api.w.org\/{rel}","templated":true}]}}