{"id":322,"date":"2018-05-06T22:32:41","date_gmt":"2018-05-06T20:32:41","guid":{"rendered":"https:\/\/pb.edu.pl\/brpm\/?page_id=322"},"modified":"2022-01-10T09:04:59","modified_gmt":"2022-01-10T08:04:59","slug":"najlepsi-z-najlepszych-2-0","status":"publish","type":"page","link":"https:\/\/pb.edu.pl\/brpm\/projekty-pb\/programy-ue\/projekty-zrealizowane\/najlepsi-z-najlepszych-2-0\/","title":{"rendered":"Najlepsi z Najlepszych 2.0"},"content":{"rendered":"<p><img loading=\"lazy\" decoding=\"async\" class=\"aligncenter size-full wp-image-262\" src=\"https:\/\/pb.edu.pl\/brpm\/wp-content\/uploads\/sites\/6\/2018\/05\/UE-fundusze-wiedza-edukacja.jpg\" alt=\"UE\" width=\"1190\" height=\"150\" srcset=\"https:\/\/pb.edu.pl\/brpm\/wp-content\/uploads\/sites\/6\/2018\/05\/UE-fundusze-wiedza-edukacja.jpg 1190w, https:\/\/pb.edu.pl\/brpm\/wp-content\/uploads\/sites\/6\/2018\/05\/UE-fundusze-wiedza-edukacja-300x38.jpg 300w, https:\/\/pb.edu.pl\/brpm\/wp-content\/uploads\/sites\/6\/2018\/05\/UE-fundusze-wiedza-edukacja-768x97.jpg 768w, https:\/\/pb.edu.pl\/brpm\/wp-content\/uploads\/sites\/6\/2018\/05\/UE-fundusze-wiedza-edukacja-1024x129.jpg 1024w\" sizes=\"auto, (max-width: 1190px) 100vw, 1190px\" \/><\/p>\n<h2>\u201eInteligentne konstrukcje mechatroniczne \u2013 projektowanie, budowa, weryfikacja i prezentacja innowacyjnych rozwi\u0105za\u0144 na mi\u0119dzynarodowych zawodach i konferencjach\u201d. Projekt uzyska\u0142 finansowanie z osi priorytetowej III. Szkolnictwo wy\u017csze dla gospodarki i rozwoju, Dzia\u0142ania 3.3 Umi\u0119dzynarodowianie polskiego&nbsp; szkolnictwa wy\u017cszego Programu Operacyjnego Wiedza Edukacja Rozw\u00f3j 2014-2020 w ramach zaproszenia Ministra Nauki i Szkolnictwa Wy\u017cszego do sk\u0142adania ofert na projekty pozakonkursowe o charakterze koncepcyjnym pt. \u201dNajlepsi z najlepszych!2.0.\u201d<\/h2>\n<p><strong>Celem projektu jest<\/strong> umo\u017cliwienie studentom udzia\u0142u w mi\u0119dzynarodowych konferencjach naukowych, sympozjach i zawodach \u015bci\u015ble zwi\u0105zanych z mechatronik\u0105 i robotyk\u0105.<\/p>\n<p>Realizowane i kontynuowane b\u0119d\u0105 3 projekty studenckie dot.:<\/p>\n<ul>\n<li>budowy kolejnej wersji ekologicznego pojazdu z nap\u0119dem pneumatycznym (Pneumobil),<\/li>\n<li>budowy kolejnej wersji bezza\u0142ogowego statku powietrznego o zwi\u0119kszonym stopniu autonomii (IMAV)<\/li>\n<li>budowy nowej konstrukcji mobilnego ko\u0142owego robota us\u0142ugowego dla sektora publicznego (BOBOT).<\/li>\n<\/ul>\n<p>Wszystkie te trzy wymienione projekty z ca\u0142\u0105 pewno\u015bci\u0105 zaliczy\u0107 mo\u017cna do grona inteligentnych konstrukcji mechatronicznych nale\u017c\u0105cych do grupy najtrudniejszych technologii przysz\u0142o\u015bci wpisuj\u0105cych si\u0119 bez w\u0105tpienia w g\u0142\u00f3wny nurt rozwojowy szeroko poj\u0119tej robotyki i mechatroniki, a tak\u017ce system\u00f3w autonomicznych.<\/p>\n<p>Celem g\u0142\u00f3wnym wnioskowanego projektu jest uczestnictwo student\u00f3w pracuj\u0105cych nad wymienionymi projektami w zawodach, konferencjach sympozjach i zawodach \u015bci\u015ble zwi\u0105zanych z mechatronik\u0105 i robotyk\u0105 o randze mi\u0119dzynarodowej (min. llth International Aventics Pneumobile Competition na W\u0119grzech, 9th International Micro Air Vehicles Conference And Flight Competition we Francji 5th Robo Contest w Polsce, a tak\u017ce zawody &#8222;ROBOTEX&#8221; w Estonii).<\/p>\n<p>W wymienionych projektach b\u0119dzie k\u0142adziony szczeg\u00f3lny nacisk na ich potencja\u0142 naukowy i aplikacyjny. Opracowane i przetestowane nowatorskie rozwi\u0105zania, zastosowane i rozwijane w przedstawionych projektach, b\u0119d\u0105 zaprezentowane na mi\u0119dzynarodowych i krajowych naukowych konferencjach i sympozjach i wystawach takich jak Mi\u0119dzynarodowe Targi Wynalazk\u00f3w i Innowacji &#8222;INTARG&#8221; w Polsce, International Invention, Research and New Technology Fair &#8222;Brussels INNOVA&#8221; w Belgii, 14th International Conference Mechatronic Systems and Materials &#8222;MSM&#8221;, 23rd International Conference on Methods and Models in Automation and Robotics<\/p>\n<p><strong>Okres realizacji projektu<\/strong> IX 2017 \u2013 IX 2018<\/p>\n<p><strong>Ca\u0142kowita warto\u015b\u0107 projektu:<\/strong> 225&nbsp;000,00 z\u0142<\/p>\n<p><strong>Kwota dofinansowania z UE:<\/strong> 189&nbsp;630,00 z\u0142<\/p>\n<p><strong>Kwota dofinansowania ze \u015brodk\u00f3w bud\u017cetu pa\u0144stwa:<\/strong> 35&nbsp;370,00 z\u0142<\/p>\n","protected":false},"excerpt":{"rendered":"<p>\u201eInteligentne konstrukcje mechatroniczne \u2013 projektowanie, budowa, weryfikacja i prezentacja innowacyjnych rozwi\u0105za\u0144 na mi\u0119dzynarodowych zawodach i<\/p>\n","protected":false},"author":2,"featured_media":0,"parent":89,"menu_order":20,"comment_status":"closed","ping_status":"closed","template":"","meta":{"_acf_changed":false,"ngg_post_thumbnail":0,"footnotes":""},"class_list":["post-322","page","type-page","status-publish","hentry"],"acf":[],"_links":{"self":[{"href":"https:\/\/pb.edu.pl\/brpm\/wp-json\/wp\/v2\/pages\/322","targetHints":{"allow":["GET"]}}],"collection":[{"href":"https:\/\/pb.edu.pl\/brpm\/wp-json\/wp\/v2\/pages"}],"about":[{"href":"https:\/\/pb.edu.pl\/brpm\/wp-json\/wp\/v2\/types\/page"}],"author":[{"embeddable":true,"href":"https:\/\/pb.edu.pl\/brpm\/wp-json\/wp\/v2\/users\/2"}],"replies":[{"embeddable":true,"href":"https:\/\/pb.edu.pl\/brpm\/wp-json\/wp\/v2\/comments?post=322"}],"version-history":[{"count":0,"href":"https:\/\/pb.edu.pl\/brpm\/wp-json\/wp\/v2\/pages\/322\/revisions"}],"up":[{"embeddable":true,"href":"https:\/\/pb.edu.pl\/brpm\/wp-json\/wp\/v2\/pages\/89"}],"wp:attachment":[{"href":"https:\/\/pb.edu.pl\/brpm\/wp-json\/wp\/v2\/media?parent=322"}],"curies":[{"name":"wp","href":"https:\/\/api.w.org\/{rel}","templated":true}]}}