{"id":319,"date":"2018-05-06T22:22:02","date_gmt":"2018-05-06T20:22:02","guid":{"rendered":"https:\/\/pb.edu.pl\/brpm\/?page_id=319"},"modified":"2022-01-10T09:21:01","modified_gmt":"2022-01-10T08:21:01","slug":"staze-dla-studentow-wydzialu-informatyki-politechniki-bialostockiej","status":"publish","type":"page","link":"https:\/\/pb.edu.pl\/brpm\/projekty-pb\/programy-ue\/projekty-zrealizowane\/staze-dla-studentow-wydzialu-informatyki-politechniki-bialostockiej\/","title":{"rendered":"Sta\u017ce dla student\u00f3w Wydzia\u0142u Informatyki Politechniki Bia\u0142ostockiej"},"content":{"rendered":"<p><img loading=\"lazy\" decoding=\"async\" class=\"alignnone wp-image-568 size-full\" src=\"https:\/\/pb.edu.pl\/brpm\/wp-content\/uploads\/sites\/6\/2018\/09\/FE_POWER_poziom_pl-jpg.jpg\" alt=\"\" width=\"5883\" height=\"756\" srcset=\"https:\/\/pb.edu.pl\/brpm\/wp-content\/uploads\/sites\/6\/2018\/09\/FE_POWER_poziom_pl-jpg.jpg 5883w, https:\/\/pb.edu.pl\/brpm\/wp-content\/uploads\/sites\/6\/2018\/09\/FE_POWER_poziom_pl-jpg-300x39.jpg 300w, https:\/\/pb.edu.pl\/brpm\/wp-content\/uploads\/sites\/6\/2018\/09\/FE_POWER_poziom_pl-jpg-768x99.jpg 768w, https:\/\/pb.edu.pl\/brpm\/wp-content\/uploads\/sites\/6\/2018\/09\/FE_POWER_poziom_pl-jpg-1024x132.jpg 1024w\" sizes=\"auto, (max-width: 5883px) 100vw, 5883px\" \/><\/p>\n<h2>Sta\u017ce dla student\u00f3w kierunk\u00f3w Matematyka stosowana pierwszego i drugiego stopnia oraz Informatyka i ekonometria Wydzia\u0142u Informatyki Politechniki Bia\u0142ostockiej. <span style=\"color: inherit;font-family: Saira, sans-serif;font-size: 2.4rem\">Projekt uzyska\u0142 finansowanie z osi priorytetowej III. Szkolnictwo wy\u017csze dla gospodarki i rozwoju, Dzia\u0142ania 3.1 Kompetencje w szkolnictwie wy\u017cszym Programu Operacyjnego Wiedza Edukacja Rozw\u00f3j 2014-2020 w ramach konkursu nr POWR.03.01.00-IP.08-00-SP2\/17.<\/span><\/h2>\n<p>Umowa nr POWR.03.01.00-00-S116\/17-00 z dnia 06.11.2017<\/p>\n<p><strong>Cel projektu: <\/strong>rozw\u00f3j umiej\u0119tno\u015bci zawodowych i kompetencji mi\u0119kkich student\u00f3w WI PB, kierunk\u00f3w praktycznych Matematyka stosowana (MS) pierwszego stopnia, Matematyka stosowana drugiego stopnia i Informatyka i ekonometria (IiE), przygotowuj\u0105cy ich do wej\u015bcia na rynek pracy i odpowiadaj\u0105cy potrzebom przedsi\u0119biorc\u00f3w.<\/p>\n<p><strong>Czas&nbsp;trwania&nbsp;projektu:<\/strong>&nbsp;01.03.2018 r. &#8211; 31.12.2019 r.<\/p>\n<p><strong>Ca\u0142kowita&nbsp;warto\u015b\u0107&nbsp;projektu:<\/strong>&nbsp;757&nbsp;363,00 z\u0142<\/p>\n<p><strong>Dofinansowanie projektu ze \u015brodk\u00f3w europejskich: <\/strong>638&nbsp;305,54 z\u0142<\/p>\n<p><strong>Kwota dofinansowania ze&nbsp;\u015brodk\u00f3w dotacji celowej:<\/strong>&nbsp;96&nbsp;157,46 z\u0142<\/p>\n<p><strong>Wk\u0142ad&nbsp;w\u0142asny:<\/strong>&nbsp;22 900,00 z\u0142<\/p>\n<p><strong>Czas&nbsp;trwania&nbsp;projektu:<\/strong>&nbsp;02.01.2018 r. &#8211; 31.12.2019 r.<\/p>\n<p>Projekt b\u0119dzie realizowany w latach 2018-2019 w dw\u00f3ch edycjach i b\u0119dzie dotyczy\u0142 student\u00f3w wymienionych kierunk\u00f3w:<\/p>\n<p>I edycja (2017\/18 r.) :\u200b MS1-sem VI, MS2-sem IV, IiE-sem VI;<\/p>\n<p>II edycja (2018\/19): MS1-sem VI, IiE-sem VI.<\/p>\n<p><strong>Charakterystyka&nbsp;projektu<\/strong><\/p>\n<p>W projekcie zaplanowano udzia\u0142 \u0142\u0105cznie 52 student\u00f3w.<\/p>\n<p>Wszystkie sta\u017ce b\u0119d\u0105 trwa\u0142y 360 godz. i przeprowadzone b\u0119d\u0105 w trakcie 16 tyg., w wymiarze co najmniej 20h tygodniowo.<\/p>\n<p>Studenci WI PB jako uczestnicy sta\u017cu zdob\u0119d\u0105 praktyczn\u0105 wiedz\u0119, co pozwoli na bardziej efektywn\u0105 realizacj\u0119 za\u0142o\u017conych efekt\u00f3w kszta\u0142cenia na kierunkach studi\u00f3w obj\u0119tych wsparciem. Przyczyni si\u0119 to r\u00f3wnie\u017c do wzrostu jako\u015bci kszta\u0142cenia i postrzegania uczelni jako dostawcy praktycznej wiedzy.<\/p>\n<p>Pierwsza rekrutacja odb\u0119dzie si\u0119 w II.2018, a realizacja pierwszych sta\u017cy rozpocznie si\u0119 w IV.2018.<\/p>\n<p>Druga edycja zaplanowana jest na rok 2019.<\/p>\n<p>Sta\u017ce b\u0119d\u0105 odbywa\u0142y si\u0119 na terenie ca\u0142ej Polski, przy czym wi\u0119kszo\u015b\u0107 sta\u017cy b\u0119dzie realizowana na terenie woj. podlaskiego.<\/p>\n","protected":false},"excerpt":{"rendered":"<p>Sta\u017ce dla student\u00f3w kierunk\u00f3w Matematyka stosowana pierwszego i drugiego stopnia oraz Informatyka i ekonometria Wydzia\u0142u<\/p>\n","protected":false},"author":2,"featured_media":0,"parent":89,"menu_order":19,"comment_status":"closed","ping_status":"closed","template":"","meta":{"_acf_changed":false,"ngg_post_thumbnail":0,"footnotes":""},"class_list":["post-319","page","type-page","status-publish","hentry"],"acf":[],"_links":{"self":[{"href":"https:\/\/pb.edu.pl\/brpm\/wp-json\/wp\/v2\/pages\/319","targetHints":{"allow":["GET"]}}],"collection":[{"href":"https:\/\/pb.edu.pl\/brpm\/wp-json\/wp\/v2\/pages"}],"about":[{"href":"https:\/\/pb.edu.pl\/brpm\/wp-json\/wp\/v2\/types\/page"}],"author":[{"embeddable":true,"href":"https:\/\/pb.edu.pl\/brpm\/wp-json\/wp\/v2\/users\/2"}],"replies":[{"embeddable":true,"href":"https:\/\/pb.edu.pl\/brpm\/wp-json\/wp\/v2\/comments?post=319"}],"version-history":[{"count":0,"href":"https:\/\/pb.edu.pl\/brpm\/wp-json\/wp\/v2\/pages\/319\/revisions"}],"up":[{"embeddable":true,"href":"https:\/\/pb.edu.pl\/brpm\/wp-json\/wp\/v2\/pages\/89"}],"wp:attachment":[{"href":"https:\/\/pb.edu.pl\/brpm\/wp-json\/wp\/v2\/media?parent=319"}],"curies":[{"name":"wp","href":"https:\/\/api.w.org\/{rel}","templated":true}]}}