{"id":315,"date":"2018-05-06T22:13:46","date_gmt":"2018-05-06T20:13:46","guid":{"rendered":"https:\/\/pb.edu.pl\/brpm\/?page_id=315"},"modified":"2025-10-30T14:47:02","modified_gmt":"2025-10-30T13:47:02","slug":"grant-motorola-basics-of-biometrics-and-telecare","status":"publish","type":"page","link":"https:\/\/pb.edu.pl\/brpm\/projekty-pb\/programy-ue\/projekty-realizowane\/grant-motorola-basics-of-biometrics-and-telecare\/","title":{"rendered":"Grant Motorola (Basics of Biometrics and Telecare)"},"content":{"rendered":"<h2>Biometria i teleopieka na komputerach osobistych. Grant otrzymany od firmy Motorola.<\/h2>\n<p>Kwota dofinansowania wynosi 35 000 dolar\u00f3w ameryka\u0144skich i zostanie przeznaczona na kolejn\u0105 tur\u0119 warsztat\u00f3w i kurs\u00f3w z zakresu biometrii pt. \u201eBasics of Biometrics and Telecare\u201d.<\/p>\n<p>Przewidziane s\u0105 wst\u0119pnie dwie formy kurs\u00f3w: jedna dla student\u00f3w PB i innych szk\u00f3\u0142 wy\u017cszych, a druga jako warsztaty dla uczni\u00f3w&nbsp; szk\u00f3\u0142 \u015brednich (ostatnie klasy, dla wybranych uczni\u00f3w przez nauczycieli matematyki, informatyki, fizyki, &#8230;).<\/p>\n<p>Zaj\u0119cia b\u0119d\u0105 odbywa\u0142y si\u0119 w formie wyk\u0142ad\u00f3w i praktycznych zaj\u0119\u0107 warsztatowych. Proces rekrutacji rozpocznie si\u0119 zaraz po zakupie wymaganych urz\u0105dze\u0144 do akwizycji i przetwarzania obraz\u00f3w biometrycznych.<\/p>\n<p><strong>Osoba odpowiedzialna za realizacj\u0119:<\/strong> prof. dr hab.in\u017c. Khalid Saeed<\/p>\n<p><strong>Okres realizacji:<\/strong> w realizacji.<\/p>\n<p><strong>Ca\u0142kowita warto\u015b\u0107:<\/strong> 116&nbsp;816,00.<\/p>\n<p><strong>Link do strony projektu:<\/strong> <a title=\"Strona otworzy si\u0119 w nowym oknie.\" href=\"http:\/\/biometria.wi.pb.edu.pl\/pl\/2017\/11\/12\/drugi-grant-motorola-basics-of-biometrics-telecare\/\" target=\"_blank\" rel=\"noopener\">biometria.wi.pb.edu.pl\/pl\/2017\/11\/12\/drugi-grant-motorola-basics-of-biometrics-telecare\/<\/a><\/p>\n","protected":false},"excerpt":{"rendered":"<p>Biometria i teleopieka na komputerach osobistych. Grant otrzymany od firmy Motorola. Kwota dofinansowania wynosi 35<\/p>\n","protected":false},"author":2,"featured_media":0,"parent":94,"menu_order":18,"comment_status":"closed","ping_status":"closed","template":"","meta":{"_acf_changed":false,"ngg_post_thumbnail":0,"footnotes":""},"class_list":["post-315","page","type-page","status-publish","hentry"],"acf":[],"_links":{"self":[{"href":"https:\/\/pb.edu.pl\/brpm\/wp-json\/wp\/v2\/pages\/315","targetHints":{"allow":["GET"]}}],"collection":[{"href":"https:\/\/pb.edu.pl\/brpm\/wp-json\/wp\/v2\/pages"}],"about":[{"href":"https:\/\/pb.edu.pl\/brpm\/wp-json\/wp\/v2\/types\/page"}],"author":[{"embeddable":true,"href":"https:\/\/pb.edu.pl\/brpm\/wp-json\/wp\/v2\/users\/2"}],"replies":[{"embeddable":true,"href":"https:\/\/pb.edu.pl\/brpm\/wp-json\/wp\/v2\/comments?post=315"}],"version-history":[{"count":0,"href":"https:\/\/pb.edu.pl\/brpm\/wp-json\/wp\/v2\/pages\/315\/revisions"}],"up":[{"embeddable":true,"href":"https:\/\/pb.edu.pl\/brpm\/wp-json\/wp\/v2\/pages\/94"}],"wp:attachment":[{"href":"https:\/\/pb.edu.pl\/brpm\/wp-json\/wp\/v2\/media?parent=315"}],"curies":[{"name":"wp","href":"https:\/\/api.w.org\/{rel}","templated":true}]}}