{"id":306,"date":"2018-05-06T21:57:02","date_gmt":"2018-05-06T19:57:02","guid":{"rendered":"https:\/\/pb.edu.pl\/brpm\/?page_id=306"},"modified":"2022-10-06T11:05:56","modified_gmt":"2022-10-06T09:05:56","slug":"podlaski-uniwersytet-dzieciecy","status":"publish","type":"page","link":"https:\/\/pb.edu.pl\/brpm\/projekty-pb\/programy-krajowe\/projekty-zrealizowane\/podlaski-uniwersytet-dzieciecy\/","title":{"rendered":"Podlaski Uniwersytet Dzieci\u0119cy"},"content":{"rendered":"<p><strong>Czas trwania projektu :<\/strong> 01.02.2017 &#8211; 30.06.2017<\/p>\n<p><strong>Cel g\u0142\u00f3wny projektu<\/strong><\/p>\n<p>Celem PUD jest popularyzacja nauki oraz bada\u0144 naukowych i ich zastosowa\u0144 w\u015br\u00f3d uczni\u00f3w szk\u00f3\u0142 podstawowych nie tylko z Bia\u0142egostoku i bliskich okolic, ale tak\u017ce z terenu wojew\u00f3dztwa. Poprzez PUD dzieci z dalszych cz\u0119\u015bci wojew\u00f3dztwa podlaskiego zobacz\u0105 potencja\u0142 Politechniki Bia\u0142ostockiej \u201ez bliska\u201d.<\/p>\n<p>Podstawowym dzia\u0142aniem b\u0119dzie przekonanie najm\u0142odszych, \u017ce nauki \u015bcis\u0142e to nie tylko trudne formu\u0142y i definicje, ale r\u00f3wnie\u017c mo\u017cliwo\u015bci realizowania swoich pasji i zainteresowa\u0144. Podczas zaj\u0119\u0107 realizowanych w ramach PUD uczniowie b\u0119d\u0105 mieli okazj\u0119 nie tylko zobaczy\u0107 i us\u0142ysze\u0107 jak przydatna w \u017cyciu cz\u0142owieka jest wiedza techniczna, ale r\u00f3wnie\u017c&nbsp; jej \u201edotkn\u0105\u201d, co z pewno\u015bci\u0105 rozbudzi ich ciekawo\u015b\u0107 poznawcz\u0105. Praktyczna forma zaj\u0119\u0107 z pewno\u015bci\u0105 stanowi\u0107 b\u0119dzie wspania\u0142y grunt do rozwoju tw\u00f3rczego my\u015blenia i ch\u0119ci szukania nowych rozwi\u0105za\u0144 w\u015br\u00f3d m\u0142odego pokolenia.<br \/>\nW zwi\u0105zku z tym, \u017ce wi\u0119kszo\u015b\u0107 z zaplanowanych zaj\u0119\u0107 odbywa\u0107 si\u0119 b\u0119dzie na terenie Politechniki Bia\u0142ostockiej, najm\u0142odsi b\u0119d\u0105 mieli okazj\u0119, aby z bliska zobaczy\u0107 jak funkcjonuje uczelnia wy\u017csza, a w zwi\u0105zku z tym, \u017ce otrzymaj\u0105 indeksy poczuj\u0105 si\u0119 jak prawdziwi studenci w \u015brodowisku akademickim. Pomys\u0142 i realizacja inicjatywy &#8222;Podlaski Uniwersytet Dzieci\u0119cy&#8221; realizowany w Politechnice Bia\u0142ostockiej wywodzi si\u0119 z&nbsp; Bia\u0142egostoku. O wadze przedsi\u0119wzi\u0119cia i jego powodzeniu \u015bwiadczy ogromne zainteresowanie udzia\u0142em w zaj\u0119ciach.<\/p>\n<p>Wyk\u0142adowcy i organizatorzy stawiaj\u0105 sobie za cel rozwijanie dzieci\u0119cej wra\u017cliwo\u015bci, intelektu i tw\u00f3rczego potencja\u0142u. Udowadniaj\u0105, \u017ce nauki \u015bcis\u0142e to nie tylko formu\u0142y i definicje, ale r\u00f3wnie\u017c fascynuj\u0105ce do\u015bwiadczenia i mn\u00f3stwo dobrej zabawy. Wszyscy pilni studenci PUD-u otrzymaj\u0105 indeksy, a na zako\u0144czenie roku akademickiego-&nbsp; dyplomy uko\u0144czenia.<\/p>\n<p>Oferta edukacyjna PUD skierowana jest do uczni\u00f3w klas IV-VI szk\u00f3\u0142 podstawowych.<\/p>\n<p><strong>Grupa docelowa PUD:<\/strong> 180 uczni\u00f3w ze szk\u00f3\u0142 podstawowych odpowiednio z:<\/p>\n<ul>\n<li>Bia\u0142egostoku i okolic (\u201ePolitechnika Bia\u0142ostocka \u2013 Bia\u0142ostocki Uniwersytet Dzieci\u0119cy\u201d),<\/li>\n<li>Siemiatycz i okolic (\u201ePolitechnika Bia\u0142ostocka \u2013 Siemiatycki Uniwersytet Dzieci\u0119cy\u201d),<\/li>\n<li>Hajn\u00f3wki i okolic (\u201ePolitechnika Bia\u0142ostocka \u2013 Hajnowski Uniwersytet Dzieci\u0119cy\u201d),<\/li>\n<li>Bielska Podlaskiego i okolic (\u201ePolitechnika Bia\u0142ostocka \u2013 Bielski Uniwersytet Dzieci\u0119cy\u201d).<\/li>\n<\/ul>\n<p>Projekt finansowany jest przez <strong>Miasto Bia\u0142ystok, Miasto Hajn\u00f3wka, Miasto Bielsk Podlaski i Miasto Siemiatycze.<\/strong><\/p>\n<p><strong>Ca\u0142kowita warto\u015b\u0107 inicjatywy:<\/strong> 67 260,16 z\u0142<\/p>\n<p>Link do strony projektu: <a title=\"Strona otworzy si\u0119 w nowym oknie.\" href=\"http:\/\/pud.pb.edu.pl\/\" target=\"_blank\" rel=\"noopener\">pud.pb.edu.pl<\/a><\/p>\n","protected":false},"excerpt":{"rendered":"<p>Czas trwania projektu : 01.02.2017 &#8211; 30.06.2017 Cel g\u0142\u00f3wny projektu Celem PUD jest popularyzacja nauki<\/p>\n","protected":false},"author":2,"featured_media":0,"parent":1575,"menu_order":1,"comment_status":"closed","ping_status":"closed","template":"","meta":{"_acf_changed":false,"ngg_post_thumbnail":0,"footnotes":""},"class_list":["post-306","page","type-page","status-publish","hentry"],"acf":[],"_links":{"self":[{"href":"https:\/\/pb.edu.pl\/brpm\/wp-json\/wp\/v2\/pages\/306","targetHints":{"allow":["GET"]}}],"collection":[{"href":"https:\/\/pb.edu.pl\/brpm\/wp-json\/wp\/v2\/pages"}],"about":[{"href":"https:\/\/pb.edu.pl\/brpm\/wp-json\/wp\/v2\/types\/page"}],"author":[{"embeddable":true,"href":"https:\/\/pb.edu.pl\/brpm\/wp-json\/wp\/v2\/users\/2"}],"replies":[{"embeddable":true,"href":"https:\/\/pb.edu.pl\/brpm\/wp-json\/wp\/v2\/comments?post=306"}],"version-history":[{"count":0,"href":"https:\/\/pb.edu.pl\/brpm\/wp-json\/wp\/v2\/pages\/306\/revisions"}],"up":[{"embeddable":true,"href":"https:\/\/pb.edu.pl\/brpm\/wp-json\/wp\/v2\/pages\/1575"}],"wp:attachment":[{"href":"https:\/\/pb.edu.pl\/brpm\/wp-json\/wp\/v2\/media?parent=306"}],"curies":[{"name":"wp","href":"https:\/\/api.w.org\/{rel}","templated":true}]}}