{"id":300,"date":"2018-05-06T21:48:54","date_gmt":"2018-05-06T19:48:54","guid":{"rendered":"https:\/\/pb.edu.pl\/brpm\/?page_id=300"},"modified":"2022-01-10T09:19:22","modified_gmt":"2022-01-10T08:19:22","slug":"staze-studentow-wydzialu-mechanicznego-politechniki-bialostockiej","status":"publish","type":"page","link":"https:\/\/pb.edu.pl\/brpm\/projekty-pb\/programy-ue\/projekty-zrealizowane\/staze-studentow-wydzialu-mechanicznego-politechniki-bialostockiej\/","title":{"rendered":"Sta\u017ce student\u00f3w Wydzia\u0142u Mechanicznego Politechniki Bia\u0142ostockiej"},"content":{"rendered":"<p><img loading=\"lazy\" decoding=\"async\" class=\"alignnone wp-image-568 size-full\" src=\"https:\/\/pb.edu.pl\/brpm\/wp-content\/uploads\/sites\/6\/2018\/09\/FE_POWER_poziom_pl-jpg.jpg\" alt=\"\" width=\"5883\" height=\"756\" srcset=\"https:\/\/pb.edu.pl\/brpm\/wp-content\/uploads\/sites\/6\/2018\/09\/FE_POWER_poziom_pl-jpg.jpg 5883w, https:\/\/pb.edu.pl\/brpm\/wp-content\/uploads\/sites\/6\/2018\/09\/FE_POWER_poziom_pl-jpg-300x39.jpg 300w, https:\/\/pb.edu.pl\/brpm\/wp-content\/uploads\/sites\/6\/2018\/09\/FE_POWER_poziom_pl-jpg-768x99.jpg 768w, https:\/\/pb.edu.pl\/brpm\/wp-content\/uploads\/sites\/6\/2018\/09\/FE_POWER_poziom_pl-jpg-1024x132.jpg 1024w\" sizes=\"auto, (max-width: 5883px) 100vw, 5883px\" \/><\/p>\n<h2>Sta\u017ce student\u00f3w Wydzia\u0142u Mechanicznego Politechniki Bia\u0142ostockiej. Projekt uzyska\u0142 finansowanie z osi priorytetowej III. Szkolnictwo wy\u017csze dla gospodarki i rozwoju, Dzia\u0142ania 3.1 Kompetencje w szkolnictwie wy\u017cszym Programu Operacyjnego Wiedza Edukacja Rozw\u00f3j 2014-2020 w ramach konkursu nr POWR.03.01.00-IP.08-00-SP2\/17.<\/h2>\n<p><strong>Cel projektu:<\/strong> G\u0142\u00f3wnym celem projektu jest zwi\u0119kszenie kompetencji zawodowych poprzez zdobycie praktycznego do\u015bwiadczenia zgodnie z efektami kszta\u0142cenia przewidzianymi w programie kszta\u0142cenia studi\u00f3w I stopnia kierunk\u00f3w: Mechanika i Budowa Maszyn, Automatyka i Robotyka, In\u017cynieria Biomedyczna.<\/p>\n<p><strong>Czas trwania projektu :<\/strong> 2017-10-01 do: 2019-09-30<\/p>\n<p><strong>Ca\u0142kowita warto\u015b\u0107 projektu:<\/strong> 1&nbsp;391&nbsp;371,20 z\u0142<\/p>\n<p><strong>Kwota dofinansowania z UE:<\/strong> 1&nbsp;172&nbsp;647,65 z\u0142<\/p>\n<p><strong>Kwota dofinansowania ze \u015brodk\u00f3w dotacji celowej:<\/strong> 176&nbsp;223,55 z\u0142<\/p>\n<p><strong>Wk\u0142ad w\u0142asny:<\/strong> 42&nbsp;500,00 z\u0142<\/p>\n<p><strong>Charakterystyka projektu<\/strong><\/p>\n<p>W projekcie przewidziano organizacj\u0119 i przeprowadzenie wysokiej jako\u015bci sta\u017cy krajowych i zagranicznych dla student\u00f3w w trakcie ostatnich 4 semestr\u00f3w studi\u00f3w stacjonarnych na 3 kierunkach Wydzia\u0142u Mechanicznego Wszystkie sta\u017ce realizowane w projekcie b\u0119d\u0105 trwa\u0142y minimum 120 h. Zakres przedmiotowy wszystkich sta\u017cy zwi\u0105zany b\u0119dzie bezpo\u015brednio z efektami kszta\u0142cenia na prowadzonych kierunkach i zapewni ich praktyczne wykorzystanie w toku zada\u0144 wykonywanych na studiach. Sta\u017ce realizowane b\u0119d\u0105 w przedsi\u0119biorstwach m.in. z bran\u017c: maszynowej, mechanicznej, przemys\u0142owej, samochodowej, przetw\u00f3rczej, automatyzacji, in\u017cynierii biomedycznej na obszarze ca\u0142ej Polski i zagranic\u0105. Studenci zdob\u0119d\u0105 praktyczne do\u015bwiadczenie i wiedz\u0119, co pozwoli na bardziej efektywn\u0105 realizacj\u0119 za\u0142o\u017conych efekt\u00f3w kszta\u0142cenia na kierunkach obj\u0119tych wsparciem. Wsparciem zostanie obj\u0119tych 220 student\u00f3w.<\/p>\n<p>Link do strony projektu: <a href=\"https:\/\/wm.pb.edu.pl\/projekty\/platne-staze\/\">wm.pb.edu.pl\/projekty\/platne-staze\/<\/a><\/p>\n","protected":false},"excerpt":{"rendered":"<p>Sta\u017ce student\u00f3w Wydzia\u0142u Mechanicznego Politechniki Bia\u0142ostockiej. Projekt uzyska\u0142 finansowanie z osi priorytetowej III. Szkolnictwo wy\u017csze<\/p>\n","protected":false},"author":2,"featured_media":0,"parent":89,"menu_order":17,"comment_status":"closed","ping_status":"closed","template":"","meta":{"_acf_changed":false,"ngg_post_thumbnail":0,"footnotes":""},"class_list":["post-300","page","type-page","status-publish","hentry"],"acf":[],"_links":{"self":[{"href":"https:\/\/pb.edu.pl\/brpm\/wp-json\/wp\/v2\/pages\/300","targetHints":{"allow":["GET"]}}],"collection":[{"href":"https:\/\/pb.edu.pl\/brpm\/wp-json\/wp\/v2\/pages"}],"about":[{"href":"https:\/\/pb.edu.pl\/brpm\/wp-json\/wp\/v2\/types\/page"}],"author":[{"embeddable":true,"href":"https:\/\/pb.edu.pl\/brpm\/wp-json\/wp\/v2\/users\/2"}],"replies":[{"embeddable":true,"href":"https:\/\/pb.edu.pl\/brpm\/wp-json\/wp\/v2\/comments?post=300"}],"version-history":[{"count":0,"href":"https:\/\/pb.edu.pl\/brpm\/wp-json\/wp\/v2\/pages\/300\/revisions"}],"up":[{"embeddable":true,"href":"https:\/\/pb.edu.pl\/brpm\/wp-json\/wp\/v2\/pages\/89"}],"wp:attachment":[{"href":"https:\/\/pb.edu.pl\/brpm\/wp-json\/wp\/v2\/media?parent=300"}],"curies":[{"name":"wp","href":"https:\/\/api.w.org\/{rel}","templated":true}]}}