{"id":2998,"date":"2026-03-31T12:26:36","date_gmt":"2026-03-31T10:26:36","guid":{"rendered":"https:\/\/pb.edu.pl\/brpm\/?page_id=2998"},"modified":"2026-03-31T12:26:36","modified_gmt":"2026-03-31T10:26:36","slug":"recitherm","status":"publish","type":"page","link":"https:\/\/pb.edu.pl\/brpm\/projekty-pb\/programy-ue\/projekty-realizowane\/recitherm\/","title":{"rendered":"RECITHERM: Reversible thermodynamic energy storage for renewable energy carriers via efficient work to heat to work transformation for the process industries"},"content":{"rendered":"<p><img loading=\"lazy\" decoding=\"async\" class=\"aligncenter size-full wp-image-2928\" src=\"https:\/\/pb.edu.pl\/brpm\/wp-content\/uploads\/sites\/6\/2026\/01\/European-Commission.png\" alt=\"\" width=\"318\" height=\"159\" srcset=\"https:\/\/pb.edu.pl\/brpm\/wp-content\/uploads\/sites\/6\/2026\/01\/European-Commission.png 318w, https:\/\/pb.edu.pl\/brpm\/wp-content\/uploads\/sites\/6\/2026\/01\/European-Commission-300x150.png 300w\" sizes=\"auto, (max-width: 318px) 100vw, 318px\" \/><\/p>\n<h2>\u201eRECITHERM: Reversible thermodynamic energy storage for renewable energy carriers via efficient work to heat to work transformation for the process industries\u201d,<strong> umowa o dofinansowanie nr 101294402<\/strong> w ramach Horyzontu Europa, call HORIZON-CL4-2025-01.<\/h2>\n<p>Projekt dotyczy opracowania nowej technologii konwersji energii w formie tak zwanej baterii Carnota, odpowiadaj\u0105cej na uwarunkowania rosn\u0105cej r\u00f3\u017cnorodno\u015bci \u017ar\u00f3de\u0142 energii, rosn\u0105cego udzia\u0142u odnawialnych no\u015bnik\u00f3w energii, wieloma \u015bcie\u017ckami konwersji oraz przej\u015bciem od scentralizowanego wytwarzania do rozproszonych producent\u00f3w energii. Obiekty przemys\u0142owe borykaj\u0105 si\u0119 z coraz bardziej zr\u00f3\u017cnicowanym i nieregularnym zaopatrzeniem w energi\u0119. Odnawialne no\u015bniki energii, takie jak energia elektryczna, wod\u00f3r i ciep\u0142o s\u0142oneczne, wykazuj\u0105 znaczne wahania czasowe; obiekty przemys\u0142u przetw\u00f3rczego musz\u0105 radzi\u0107 sobie ze zmiennymi nak\u0142adami energii, spe\u0142niaj\u0105c jednocze\u015bnie rygorystyczne kryteria efektywno\u015bci energetycznej, \u015brodowiskowe i ekonomiczne. Projekt stawia czo\u0142a temu wyzwaniu, opracowuj\u0105c technologi\u0119 konwersji energii dla zintegrowanych struktur w obiektach przemys\u0142owych, w tym element\u00f3w magazynowania energii, oraz weryfikuj\u0105c rozwi\u0105zania dotycz\u0105ce ich funkcjonowania w zmiennych warunkach poda\u017cy i popytu na energi\u0119.<\/p>\n<p>W ramach projektu zostanie opracowana technologia umo\u017cliwiaj\u0105ca zintegrowane wykorzystanie r\u00f3\u017cnych rodzaj\u00f3w odnawialnych no\u015bnik\u00f3w energii, zapewniaj\u0105c sta\u0142y, stabilny, niskoemisyjny i ekonomiczny dop\u0142yw energii do przemys\u0142u przetw\u00f3rczego. Bezpo\u015brednio wspiera on strategi\u0119 rozwoju technologii i prototyp\u00f3w, kt\u00f3re stabilizuj\u0105 przemys\u0142owe dop\u0142ywy energii, przy jednoczesnym uwzgl\u0119dnieniu aspekt\u00f3w logistycznych, oceny ryzyka i zarz\u0105dzania nim. Projekt b\u0119dzie promowa\u0142 stosowanie energii odnawialnej, harmonogramowania zu\u017cycia energii i modeli kompensacji cen, aby u\u0142atwi\u0107 optymalne obci\u0105\u017cenie sieci elektroenergetycznej. Dzi\u0119ki systemowemu i cyfrowemu podej\u015bciu projekt wpisuje si\u0119 w strategi\u0119 symbiozy system\u00f3w energetycznych przemys\u0142u przetw\u00f3rczego, interakcji ze stron\u0105 poda\u017cy (sieci elektroenergetyczne i ciep\u0142ownictwo miejskie) oraz pe\u0142nej integracji zaawansowanych technologii cyfrowych, takich jak strategie rozproszonego sterowania procesami, optymalizacja wykorzystuj\u0105ca algorytmy sztucznej inteligencji oparta na danych oraz technologie oparte na modelach. Prace eksperymentalne b\u0119d\u0105 prowadzone w rzeczywistych obiektach przemys\u0142owych.<\/p>\n<p>Projekt \u0142\u0105czy zaawansowane obiegi termodynamiczne, technologie magazynowania energii w postaci ciep\u0142a wysokotemperaturowego, konwersj\u0119 termoelektryczn\u0105 i odnawialne \u017ar\u00f3d\u0142a ciep\u0142a w zintegrowane, innowacyjne prototypy, nadaj\u0105ce si\u0119 do wdro\u017cenia w rzeczywistych warunkach przemys\u0142owych. W projekcie stosuje si\u0119 systemowe podej\u015bcie integracyjne, umo\u017cliwiaj\u0105ce integracj\u0119 z procesami przemys\u0142owymi, wspieranie symbiozy przemys\u0142owej (odzysk ciep\u0142a odpadowego) oraz zapewnienie interoperacyjno\u015bci z infrastruktur\u0105 obiekt\u00f3w przemys\u0142owych. W ramach projektu dokona na zostanie gruntowna ocena wydajno\u015bci systemu energetycznego za pomoc\u0105 wska\u017anik\u00f3w efektywno\u015bci energetycznej, oceny techniczno-ekonomicznej (TEA) oraz oceny cyklu \u017cycia (LCA). Symulacje zostan\u0105 przeprowadzone z wykorzystaniem integracji w p\u0119tli otwartej z rzeczywistymi danymi z zak\u0142ad\u00f3w przemys\u0142owych. Symulacje te b\u0119d\u0105 wspierane przez modele cyfrowe, zweryfikowane przy u\u017cyciu rzeczywistych danych z wielkoskalowego centrum przemys\u0142owego. Projekt ma zako\u0144czy\u0107 si\u0119 na poziomie TRL 5\u20136.<\/p>\n<p>W zakresie zadania badawczego koordynowanego przez Politechnik\u0119 Bia\u0142ostock\u0105, ma powsta\u0107 pierwsze w skali mi\u0119dzynarodowej prototypowe rozwi\u0105zanie uk\u0142adu tzw. baterii Carnota z zastosowaniem wody jako czynnika roboczego. Bateria ta pozwoli na zmagazynowanie nadmiarowej mocy elektrycznej oraz odpadowej mocy grzewczej w postaci ciep\u0142a wysokotemperaturowego, a nast\u0119pnie wytworzenie mocy elektrycznej oraz odpadowej mocy grzewczej w okresie zapotrzebowania dla obiektu przemys\u0142owego. W projekcie zaproponowano innowacyjn\u0105 konfiguracj\u0119 takiego uk\u0142adu umo\u017cliwiaj\u0105c\u0105 osi\u0105gniecie wysokiej efektywno\u015bci energetycznej oraz elastyczno\u015bci wsp\u00f3\u0142pracy z r\u00f3\u017cnymi \u017ar\u00f3d\u0142ami energii. Nale\u017cy podkre\u015bli\u0107, \u017ce opracowany prototypowy uk\u0142ad powstanie w skali przemys\u0142owej. Zastosowanie wody jako czynnika roboczego sprawi, \u017ce rozwi\u0105zanie spe\u0142ni w maksymalnym stopniu uwarunkowania zwi\u0105zane z ochron\u0105 \u015brodowiska oraz bezpiecze\u0144stwa eksploatacyjnego i otworzy efektywn\u0105 perspektyw\u0119 do wycofywania substancji o wysokim potencjale tworzenia efektu cieplarnianego z zastosowa\u0144 w uk\u0142adach konwersji energii.<\/p>\n<h3>Sk\u0142ad konsorcjum:<\/h3>\n<ol>\n<li>INEGI &#8211; INSTITUTO DE CIENCIA E INOVACAO EM ENGENHA &#8211; Portugalia &#8211; Lider<\/li>\n<li>POLITECHNIKA BIALOSTOCKA &#8211; Polska &#8211; Partner<\/li>\n<li>UNIVERSITATEA CONSTANTIN BRANCUSI TARGU JIU &#8211; Rumunia &#8211; Partner<\/li>\n<li>PHASE CHANGE MATERIAL PRODUCTS LTD &#8211; United Kingdom &#8211; Partner<\/li>\n<li>IRIS TECHNOLOGY SOLUTIONS, SOCIEDAD LIMITADA &#8211; Hiszpania &#8211; Partner<\/li>\n<li>AMS INNOVATION CENTER &#8211; AMS-IC &#8211; Grecja &#8211; Partner<\/li>\n<li>SVENSKA ROTOR MASKINERINTERNATIONAL AB &#8211; Szwecja &#8211; Partner<\/li>\n<li>A.SPIRE &#8211; Belgia &#8211; Partner<\/li>\n<li>EXPANDER TECH SL &#8211; Hiszpania &#8211; Partner<\/li>\n<li>UNIVERSIDADE DE EVORA &#8211; Portugalia &#8211; Partner<\/li>\n<li>SINTEF HELGELAND AS &#8211; Norwegia &#8211; Partner<\/li>\n<li>Mo Industripark AS &#8211; Norwegia &#8211; Partner<\/li>\n<li>FERROGLOBE MANGAN NORGE AS &#8211; Norwegia &#8211; Partner<\/li>\n<\/ol>\n<h3>Okres realizacji:<\/h3>\n<p>01.05.2026 &#8211; 30.04.2030<\/p>\n<h3>Bud\u017cet projektu:<\/h3>\n<p>Ca\u0142kowity bud\u017cet projektu maksymalnie: 10 117 311.25 EUR, w tym bud\u017cet Politechniki Bia\u0142ostockiej wynosi 2 049 380.00 EUR<\/p>\n<h3>Kluczowy zesp\u00f3\u0142 projektowy PB tworz\u0105:<\/h3>\n<ul>\n<li>prof. dr hab. in\u017c. Dariusz Butrymowicz &#8211; Koordynator projektu<\/li>\n<li>dr hab. in\u017c. prof. PB Kamil \u015amierciew<\/li>\n<li>dr hab. in\u017c. prof. PB Jerzy Gagan<\/li>\n<li>dr hab. in\u017c. Pawe\u0142 Dzienis<\/li>\n<li>dr in\u017c. Adam Dudar<\/li>\n<li>dr in\u017c. Micha\u0142 \u0141ukaszuk<\/li>\n<li>mgr in\u017c. Pawe\u0142 Jako\u0144czuk<\/li>\n<li>mgr in\u017c. Andrzej Pawluczuk<\/li>\n<li>mgr in\u017c. Mateusz Paw\u0142owski<\/li>\n<li>mgr in\u017c. Adam Kury\u0142owicz<\/li>\n<\/ul>\n","protected":false},"excerpt":{"rendered":"<p>\u201eRECITHERM: Reversible thermodynamic energy storage for renewable energy carriers via efficient work to heat to<\/p>\n","protected":false},"author":192,"featured_media":0,"parent":94,"menu_order":0,"comment_status":"closed","ping_status":"closed","template":"","meta":{"_acf_changed":false,"ngg_post_thumbnail":0,"footnotes":""},"class_list":["post-2998","page","type-page","status-publish","hentry"],"acf":[],"_links":{"self":[{"href":"https:\/\/pb.edu.pl\/brpm\/wp-json\/wp\/v2\/pages\/2998","targetHints":{"allow":["GET"]}}],"collection":[{"href":"https:\/\/pb.edu.pl\/brpm\/wp-json\/wp\/v2\/pages"}],"about":[{"href":"https:\/\/pb.edu.pl\/brpm\/wp-json\/wp\/v2\/types\/page"}],"author":[{"embeddable":true,"href":"https:\/\/pb.edu.pl\/brpm\/wp-json\/wp\/v2\/users\/192"}],"replies":[{"embeddable":true,"href":"https:\/\/pb.edu.pl\/brpm\/wp-json\/wp\/v2\/comments?post=2998"}],"version-history":[{"count":1,"href":"https:\/\/pb.edu.pl\/brpm\/wp-json\/wp\/v2\/pages\/2998\/revisions"}],"predecessor-version":[{"id":2999,"href":"https:\/\/pb.edu.pl\/brpm\/wp-json\/wp\/v2\/pages\/2998\/revisions\/2999"}],"up":[{"embeddable":true,"href":"https:\/\/pb.edu.pl\/brpm\/wp-json\/wp\/v2\/pages\/94"}],"wp:attachment":[{"href":"https:\/\/pb.edu.pl\/brpm\/wp-json\/wp\/v2\/media?parent=2998"}],"curies":[{"name":"wp","href":"https:\/\/api.w.org\/{rel}","templated":true}]}}