{"id":2991,"date":"2026-03-31T09:43:46","date_gmt":"2026-03-31T07:43:46","guid":{"rendered":"https:\/\/pb.edu.pl\/brpm\/?page_id=2991"},"modified":"2026-03-31T09:44:18","modified_gmt":"2026-03-31T07:44:18","slug":"wooden-architecture-decoration-of-central-and-eastern-europe-a-passing-heritage","status":"publish","type":"page","link":"https:\/\/pb.edu.pl\/brpm\/projekty-pb\/programy-ue\/projekty-realizowane\/wooden-architecture-decoration-of-central-and-eastern-europe-a-passing-heritage\/","title":{"rendered":"Wooden architecture decoration of Central and Eastern Europe: a passing heritage"},"content":{"rendered":"<h2><img loading=\"lazy\" decoding=\"async\" class=\"aligncenter size-full wp-image-2993\" src=\"https:\/\/pb.edu.pl\/brpm\/wp-content\/uploads\/sites\/6\/2026\/03\/Logo-EU4BelarusEU-1600\u00d7300-px-\u2013-kopia.png\" alt=\"\" width=\"1600\" height=\"300\" srcset=\"https:\/\/pb.edu.pl\/brpm\/wp-content\/uploads\/sites\/6\/2026\/03\/Logo-EU4BelarusEU-1600\u00d7300-px-\u2013-kopia.png 1600w, https:\/\/pb.edu.pl\/brpm\/wp-content\/uploads\/sites\/6\/2026\/03\/Logo-EU4BelarusEU-1600\u00d7300-px-\u2013-kopia-300x56.png 300w, https:\/\/pb.edu.pl\/brpm\/wp-content\/uploads\/sites\/6\/2026\/03\/Logo-EU4BelarusEU-1600\u00d7300-px-\u2013-kopia-1024x192.png 1024w, https:\/\/pb.edu.pl\/brpm\/wp-content\/uploads\/sites\/6\/2026\/03\/Logo-EU4BelarusEU-1600\u00d7300-px-\u2013-kopia-768x144.png 768w, https:\/\/pb.edu.pl\/brpm\/wp-content\/uploads\/sites\/6\/2026\/03\/Logo-EU4BelarusEU-1600\u00d7300-px-\u2013-kopia-1536x288.png 1536w\" sizes=\"auto, (max-width: 1600px) 100vw, 1600px\" \/><\/h2>\n<h2>Projekt \u201eWooden architecture decoration of Central and Eastern Europe: a passing heritage\u201d \u2013 umowa nr NDICI-GEO-NEAR\/2023\/444-419-0015 realizowany jest w ramach programu EU4BELARUS<strong>.<\/strong><\/h2>\n<p>Celem projektu jest zbadanie zdobnictwa wybranych region\u00f3w wyst\u0119powania architektury drewnianej na obszarze Bia\u0142orusi, Polski oraz Litwy, kt\u00f3re dotychczas nie by\u0142y pod tym wzgl\u0119dem kompleksowo przebadane. Badania b\u0119d\u0105 obejmowa\u0107 rejestracj\u0119 i waloryzacj\u0119 obiekt\u00f3w, analiz\u0119 metod stosowanych przy odtwarzaniu utraconych budynk\u00f3w z obszaru Linii Otwockiej reprezentuj\u0105cych nurt \u015awidermajer, a tak\u017ce opracowanie ich w formie wirtualnych modeli. Ponadto przeanalizowany zostanie wp\u0142yw tradycyjnego wzornictwa na architektur\u0119 wsp\u00f3\u0142czesn\u0105.<\/p>\n<p>Obiekty z terenu Bia\u0142orusi zostan\u0105 zbadane na podstawie archiwalnych materia\u0142\u00f3w znajduj\u0105cych si\u0119 ju\u017c w posiadaniu represjonowanego naukowca \u2013 emigranta z Bia\u0142orusi, bez konieczno\u015bci prowadzenia bada\u0144 terenowych na jej obszarze. Projekt zak\u0142ada r\u00f3wnie\u017c przeprowadzenie mi\u0119dzynarodowego seminarium ekspert\u00f3w, podczas kt\u00f3rego zostan\u0105 okre\u015blone kierunki dalszych bada\u0144 oraz mo\u017cliwo\u015bci budowania mi\u0119dzynarodowych zespo\u0142\u00f3w badawczych.<\/p>\n<h3><strong>Rezultaty projektu:<\/strong><\/h3>\n<ul>\n<li>Uzupe\u0142nienie i opracowanie naukowe bazy materia\u0142\u00f3w pochodz\u0105cych z inwentaryzacji terenowych oraz kwerend archiwalnych, a nast\u0119pnie ich upublicznienie w formie artyku\u0142u naukowego.<\/li>\n<li>Przeprowadzenie analizy por\u00f3wnawczej materia\u0142\u00f3w dotycz\u0105cych drewnianego wystroju architektonicznego na obszarze pogranicza bia\u0142orusko-rosyjsko-podlasko-mazowieckiego oraz wskazanie kierunk\u00f3w dalszych bada\u0144 z wykorzystaniem materia\u0142\u00f3w z Europy \u015arodkowo-Wschodniej.<\/li>\n<li>Nawi\u0105zanie wsp\u00f3\u0142pracy m.in. z litewskimi organizacjami i instytucjami zajmuj\u0105cymi si\u0119 architektur\u0105 drewnian\u0105 oraz okre\u015blenie mo\u017cliwo\u015bci realizacji przysz\u0142ych wsp\u00f3lnych projekt\u00f3w badawczych.<\/li>\n<li>T\u0142umaczenie, redakcja naukowa oraz publikacja w j\u0119zyku polskim ksi\u0105\u017cki Yauhena Malikowa po\u015bwi\u0119conej tradycjom drewnianego wystroju architektonicznego po\u0142udniowo-wschodniej Bia\u0142orusi.<\/li>\n<\/ul>\n<h4><strong>Lider: <\/strong><\/h4>\n<p>Politechnika Bia\u0142ostocka<\/p>\n<h4><strong>Kluczowy zesp\u00f3\u0142 projektowy tworz\u0105: <\/strong><\/h4>\n<ul>\n<li>dr hab. in\u017c. arch. Bartosz Czarnecki, prof. PB,<\/li>\n<li>dr Yauhen Malikau,<\/li>\n<li>dr hab. in\u017c. arch. Jaros\u0142aw Szewczyk, prof. PB.<\/li>\n<\/ul>\n<h4><strong>Okres realizacji:<\/strong><\/h4>\n<p>23.03.2026 \u2013 30.07.2027 r. (18 miesi\u0119cy)<\/p>\n<h4><strong>Bud\u017cet projektu: <\/strong><\/h4>\n<p>Ca\u0142kowite koszty kwalifikowalne \u2013 <strong>85&nbsp;839,00 EUR<\/strong>, z czego bud\u017cet dofinansowania PB wynosi <strong>78&nbsp;637,10 EUR<\/strong>.<\/p>\n","protected":false},"excerpt":{"rendered":"<p>Projekt \u201eWooden architecture decoration of Central and Eastern Europe: a passing heritage\u201d \u2013 umowa nr<\/p>\n","protected":false},"author":192,"featured_media":0,"parent":94,"menu_order":0,"comment_status":"closed","ping_status":"closed","template":"","meta":{"_acf_changed":false,"ngg_post_thumbnail":0,"footnotes":""},"class_list":["post-2991","page","type-page","status-publish","hentry"],"acf":[],"_links":{"self":[{"href":"https:\/\/pb.edu.pl\/brpm\/wp-json\/wp\/v2\/pages\/2991","targetHints":{"allow":["GET"]}}],"collection":[{"href":"https:\/\/pb.edu.pl\/brpm\/wp-json\/wp\/v2\/pages"}],"about":[{"href":"https:\/\/pb.edu.pl\/brpm\/wp-json\/wp\/v2\/types\/page"}],"author":[{"embeddable":true,"href":"https:\/\/pb.edu.pl\/brpm\/wp-json\/wp\/v2\/users\/192"}],"replies":[{"embeddable":true,"href":"https:\/\/pb.edu.pl\/brpm\/wp-json\/wp\/v2\/comments?post=2991"}],"version-history":[{"count":2,"href":"https:\/\/pb.edu.pl\/brpm\/wp-json\/wp\/v2\/pages\/2991\/revisions"}],"predecessor-version":[{"id":2994,"href":"https:\/\/pb.edu.pl\/brpm\/wp-json\/wp\/v2\/pages\/2991\/revisions\/2994"}],"up":[{"embeddable":true,"href":"https:\/\/pb.edu.pl\/brpm\/wp-json\/wp\/v2\/pages\/94"}],"wp:attachment":[{"href":"https:\/\/pb.edu.pl\/brpm\/wp-json\/wp\/v2\/media?parent=2991"}],"curies":[{"name":"wp","href":"https:\/\/api.w.org\/{rel}","templated":true}]}}