{"id":294,"date":"2018-05-06T21:42:38","date_gmt":"2018-05-06T19:42:38","guid":{"rendered":"https:\/\/pb.edu.pl\/brpm\/?page_id=294"},"modified":"2022-01-10T09:18:53","modified_gmt":"2022-01-10T08:18:53","slug":"e-manager-program-stazy-menedzerskich-dla-kierunku-zarzadzanie-wydzialu-inzynierii-zarzadzania-politechniki-bialostockiej","status":"publish","type":"page","link":"https:\/\/pb.edu.pl\/brpm\/projekty-pb\/programy-ue\/projekty-zrealizowane\/e-manager-program-stazy-menedzerskich-dla-kierunku-zarzadzanie-wydzialu-inzynierii-zarzadzania-politechniki-bialostockiej\/","title":{"rendered":"&#8222;e-Manager&#8221; &#8211; program sta\u017cy mened\u017cerskich dla kierunku zarz\u0105dzanie Wydzia\u0142u In\u017cynierii Zarz\u0105dzania Politechniki Bia\u0142ostockiej."},"content":{"rendered":"<p><img loading=\"lazy\" decoding=\"async\" class=\"alignnone wp-image-568 size-full\" src=\"https:\/\/pb.edu.pl\/brpm\/wp-content\/uploads\/sites\/6\/2018\/09\/FE_POWER_poziom_pl-jpg.jpg\" alt=\"\" width=\"5883\" height=\"756\" srcset=\"https:\/\/pb.edu.pl\/brpm\/wp-content\/uploads\/sites\/6\/2018\/09\/FE_POWER_poziom_pl-jpg.jpg 5883w, https:\/\/pb.edu.pl\/brpm\/wp-content\/uploads\/sites\/6\/2018\/09\/FE_POWER_poziom_pl-jpg-300x39.jpg 300w, https:\/\/pb.edu.pl\/brpm\/wp-content\/uploads\/sites\/6\/2018\/09\/FE_POWER_poziom_pl-jpg-768x99.jpg 768w, https:\/\/pb.edu.pl\/brpm\/wp-content\/uploads\/sites\/6\/2018\/09\/FE_POWER_poziom_pl-jpg-1024x132.jpg 1024w\" sizes=\"auto, (max-width: 5883px) 100vw, 5883px\" \/><\/p>\n<h2 style=\"text-align: left\">&#8222;e-Manager&#8221; &#8211; program sta\u017cy mened\u017cerskich dla kierunku zarz\u0105dzanie Wydzia\u0142u In\u017cynierii Zarz\u0105dzania Politechniki Bia\u0142ostockiej. Projekt uzyska\u0142 finansowanie z osi priorytetowej III. Szkolnictwo wy\u017csze dla gospodarki i rozwoju, Dzia\u0142ania 3.1 Kompetencje w szkolnictwie wy\u017cszym Programu Operacyjnego Wiedza Edukacja Rozw\u00f3j 2014-2020 w ramach konkursu nr POWR.03.01.00-IP.08-00-SP2\/17.<\/h2>\n<p style=\"text-align: left\"><strong>Cel projektu:<\/strong> G\u0142\u00f3wnym celem projektu jest zwi\u0119kszenie poziomu kompetencji mened\u017cerskich student\u00f3w I i II stopnia kierunku zarz\u0105dzanie WZPB, szczeg\u00f3lnie w obszarze doskonalenia praktycznych umiej\u0119tno\u015bci niezb\u0119dnych w e-biznesie. Zakres przedmiotowy sta\u017cy b\u0119dzie bezpo\u015brednio zwi\u0105zany z efektami kszta\u0142cenia na kierunku zarz\u0105dzanie I i II st. WZPB i zapewni ich praktyczne wykorzystanie w toku zada\u0144 wykonywanych na sta\u017cu.<\/p>\n<p style=\"text-align: left\"><strong>Czas trwania projektu :<\/strong> 2018-01-01 do: 2019-12-31<\/p>\n<p style=\"text-align: left\"><strong>Ca\u0142kowita warto\u015b\u0107 projektu: <\/strong>1&nbsp;293&nbsp;939,36 z\u0142<\/p>\n<p style=\"text-align: left\"><strong>Kwota dofinansowania z UE: <\/strong>1&nbsp;090&nbsp;532,09 z\u0142<\/p>\n<p style=\"text-align: left\"><strong>Kwota dofinansowania ze \u015brodk\u00f3w dotacji celowej: &nbsp;<\/strong>164&nbsp;589,07 z\u0142<\/p>\n<p style=\"text-align: left\"><strong>Wk\u0142ad w\u0142asny: <\/strong>38&nbsp;818,20 z\u0142<\/p>\n<p style=\"text-align: left\"><strong>W projekcie przewiduje si\u0119 dwa terminy rekrutacji na sta\u017ce: <\/strong><br \/>\ntermin I: od 02.2018-04.2018 roku,<br \/>\ntermin II: 02.2019-04.2019 roku.<\/p>\n<p style=\"text-align: left\"><strong>Charakterystyka projektu:<\/strong><\/p>\n<p style=\"text-align: left\">Realizacja poszczeg\u00f3lnych zada\u0144 w projekcie pozwoli na uzyskanie praktycznych umiej\u0119tno\u015bci i kompetencji niezb\u0119dnych przy poszukiwaniu i zdobyciu pracy w obszarze e-biznesu. Grup\u0105 docelow\u0105 b\u0119dzie 105 najlepszych student\u00f3w ostatnich semestr\u00f3w (w latach 2018 i 2019) kierunku zarz\u0105dzanie I i II st., kt\u00f3rzy w rezultacie projektu odb\u0119d\u0105 wysokiej jako\u015bci sta\u017ce krajowe w wymiarze 360 godz. w ci\u0105gu 16 tygodni wymiarze co najmniej 20 godz. zada\u0144 sta\u017cowych wykonywanych w tyg. (\u015bredn. 22,5 h\/tyg.) w przedsi\u0119biorstwach z sektora e-biznesu.<\/p>\n","protected":false},"excerpt":{"rendered":"<p>&#8222;e-Manager&#8221; &#8211; program sta\u017cy mened\u017cerskich dla kierunku zarz\u0105dzanie Wydzia\u0142u In\u017cynierii Zarz\u0105dzania Politechniki Bia\u0142ostockiej. Projekt uzyska\u0142<\/p>\n","protected":false},"author":2,"featured_media":0,"parent":89,"menu_order":16,"comment_status":"closed","ping_status":"closed","template":"","meta":{"_acf_changed":false,"ngg_post_thumbnail":0,"footnotes":""},"class_list":["post-294","page","type-page","status-publish","hentry"],"acf":[],"_links":{"self":[{"href":"https:\/\/pb.edu.pl\/brpm\/wp-json\/wp\/v2\/pages\/294","targetHints":{"allow":["GET"]}}],"collection":[{"href":"https:\/\/pb.edu.pl\/brpm\/wp-json\/wp\/v2\/pages"}],"about":[{"href":"https:\/\/pb.edu.pl\/brpm\/wp-json\/wp\/v2\/types\/page"}],"author":[{"embeddable":true,"href":"https:\/\/pb.edu.pl\/brpm\/wp-json\/wp\/v2\/users\/2"}],"replies":[{"embeddable":true,"href":"https:\/\/pb.edu.pl\/brpm\/wp-json\/wp\/v2\/comments?post=294"}],"version-history":[{"count":0,"href":"https:\/\/pb.edu.pl\/brpm\/wp-json\/wp\/v2\/pages\/294\/revisions"}],"up":[{"embeddable":true,"href":"https:\/\/pb.edu.pl\/brpm\/wp-json\/wp\/v2\/pages\/89"}],"wp:attachment":[{"href":"https:\/\/pb.edu.pl\/brpm\/wp-json\/wp\/v2\/media?parent=294"}],"curies":[{"name":"wp","href":"https:\/\/api.w.org\/{rel}","templated":true}]}}