{"id":2926,"date":"2026-01-14T09:23:57","date_gmt":"2026-01-14T08:23:57","guid":{"rendered":"https:\/\/pb.edu.pl\/brpm\/?page_id=2926"},"modified":"2026-01-14T09:24:41","modified_gmt":"2026-01-14T08:24:41","slug":"combine","status":"publish","type":"page","link":"https:\/\/pb.edu.pl\/brpm\/projekty-pb\/programy-ue\/projekty-realizowane\/combine\/","title":{"rendered":"COMBINE: Coupled Problems for Decarbonization in Industry and Power Generation"},"content":{"rendered":"<h2><img loading=\"lazy\" decoding=\"async\" class=\"aligncenter wp-image-2929 size-full\" src=\"https:\/\/pb.edu.pl\/brpm\/wp-content\/uploads\/sites\/6\/2026\/01\/Logo-COMBINE-EC-1600\u00d7300-px.png\" alt=\"\" width=\"1600\" height=\"300\" srcset=\"https:\/\/pb.edu.pl\/brpm\/wp-content\/uploads\/sites\/6\/2026\/01\/Logo-COMBINE-EC-1600\u00d7300-px.png 1600w, https:\/\/pb.edu.pl\/brpm\/wp-content\/uploads\/sites\/6\/2026\/01\/Logo-COMBINE-EC-1600\u00d7300-px-300x56.png 300w, https:\/\/pb.edu.pl\/brpm\/wp-content\/uploads\/sites\/6\/2026\/01\/Logo-COMBINE-EC-1600\u00d7300-px-1024x192.png 1024w, https:\/\/pb.edu.pl\/brpm\/wp-content\/uploads\/sites\/6\/2026\/01\/Logo-COMBINE-EC-1600\u00d7300-px-768x144.png 768w, https:\/\/pb.edu.pl\/brpm\/wp-content\/uploads\/sites\/6\/2026\/01\/Logo-COMBINE-EC-1600\u00d7300-px-1536x288.png 1536w\" sizes=\"auto, (max-width: 1600px) 100vw, 1600px\" \/> &#8222;COMBINE: Coupled Problems for Decarbonization in Industry and Power Generation&#8221;,<strong> umowa o dofinansowanie nr&nbsp;<\/strong>HEU-101227547 w ramach dzia\u0142ania Marii Sk\u0142odowskiej-Curie, Doctoral Networks, I Filar Horyzontu Europa.<\/h2>\n<p>COMBINE \u0142\u0105czy wsp\u00f3ln\u0105 wizj\u0119 znacznego post\u0119pu w badaniach i szkoleniach w celu stworzenia krytycznej masy naukowc\u00f3w, kt\u00f3rzy b\u0119d\u0105 w stanie dostarczy\u0107 innowacje jutra i odnie\u015b\u0107 sukces w wysoce konkurencyjnym \u015bwiecie. W celu optymalizacji swoich produkt\u00f3w, in\u017cynierowie korzystaj\u0105 z narz\u0119dzi do projektowania obliczeniowego. W ramach projektu planowane jest zatrudnienie doktoranta na 36 miesi\u0119cy, kt\u00f3ry dzi\u0119ki finansowaniu w ramach projektu b\u0119dzie budowa\u0142 swoj\u0105 karier\u0119 naukow\u0105 na Politechnice Bia\u0142ostockiej.&nbsp;<\/p>\n<p>Projekt <strong>COMBINE<\/strong> stworzy nowy program bada\u0144 i szkole\u0144, aby sprosta\u0107 nast\u0119puj\u0105cym wyzwaniom:<\/p>\n<ul>\n<li>Wyzwanie 1: polega na wype\u0142nieniu luk mi\u0119dzy dyscyplinami naukowymi w celu rozwi\u0105zania z\u0142o\u017conych problem\u00f3w wielofizycznych poprzez wsp\u00f3lne metody i techniki.<\/li>\n<li>Wyzwanie 2: polega na opracowaniu nowatorskich, szybkich i niezawodnych technik pomiarowych w celu poprawy analizy w skali laboratoryjnej i monitorowania rzeczywistych problem\u00f3w zwi\u0105zanych z FSI.<\/li>\n<li>Wyzwanie 3: polega na poprawie dok\u0142adno\u015bci symulacji FSI i wymaga wielop\u0142aszczyznowego podej\u015bcia z wykorzystaniem rygorystycznego modelowania fizycznego, wysokowydajnych oblicze\u0144 i analizy danych opartej na sztucznej inteligencji.<\/li>\n<li>Wyzwanie 4: polega na opracowaniu nowych materia\u0142\u00f3w i wczesnej charakterystyce ich funkcjonalno\u015bci.<\/li>\n<\/ul>\n<h3>Konsorcjum projektu tworzy 14 partner\u00f3w:<\/h3>\n<ol>\n<li>HELMHOLTZ-ZENTRUM DRESDEN-ROSSENDORF EV (HZDR), Niemcy &#8211; Lider projektu<\/li>\n<li>&nbsp;UNIVERSITEIT GENT (UGent), Belgia &#8211; Partner<\/li>\n<li>THE COMMISSARIAT A L ENERGIE ATOMIQUE ET AUX ENERGIES ALTERNATIVES, Francja &#8211; Partner<\/li>\n<li>CHALMERS TEKNISKA HOGSKOLA AB (CTH), Szwecja &#8211; Partner<\/li>\n<li>CENTRE INTERNACIONAL DE METODES NUMERICS EN ENGINYERIA (CIMNE), Hiszpania &#8211; Partner<\/li>\n<li>KAUNO TECHNOLOGIJOS UNIVERSITETAS (KTU), Litwa &#8211; Partner<\/li>\n<li>FLUIIDD (FLU), Francja &#8211; Partner<\/li>\n<li>UNIVERSITAT LINZ (JKU), Austria &#8211; Partner<\/li>\n<li>UNIVERZITET U SARAJEVU (UNSA), Bo\u015bnia i Hercegowina &#8211; Partner<\/li>\n<li>TECHNISCHE UNIVERSITAET MUENCHEN (TUM), Niemcy &#8211; Partner<\/li>\n<li>TECHNISCHE UNIVERSIT\u00c4T DRESDEN (TUD), Niemcy &#8211; Partner<\/li>\n<li><strong>POLITECHNIKA BIALOSTOCKA (BUT), Polska &#8211; Partner<\/strong><\/li>\n<li>&nbsp;SWERIM AB (SWERIM), Szwecja &#8211; Partner<\/li>\n<\/ol>\n<h4>Partner stowarzyszony:<\/h4>\n<ol>\n<li><span class=\"TextRun SCXW159110308 BCX0\" lang=\"DE-DE\" xml:lang=\"DE-DE\" data-contrast=\"auto\"><span class=\"NormalTextRun SCXW159110308 BCX0\">EIDGENOESSISCHE TECHNISCHE HOCHSCHULE ZUERICH, Szwajcaria &#8211; Partner stowarzyszony<\/span><\/span><\/li>\n<\/ol>\n<p>&nbsp;<\/p>\n<h3>Kluczowy zesp\u00f3\u0142 projektowy PB tworz\u0105:<\/h3>\n<ul>\n<li>dr hab. in\u017c. Dariusz M. Perkowski, prof. PB &#8211; Koordynator projektu<\/li>\n<li>Prof. dr hab. in\u017c. Krzysztof J. Kurzyd\u0142owski<\/li>\n<li>&nbsp;dr hab. in\u017c. Marta Kosior-Kazberuk<\/li>\n<li>&nbsp;Prof. dr hab. in\u017c. Dariusz J. Butrymowicz<\/li>\n<li>&nbsp;dr hab. In\u017c. Izabela B. Zg\u0142obicka<\/li>\n<li>&nbsp;dr in\u017c. Jakub Augustyniak<\/li>\n<\/ul>\n<p><strong>Okres realizacji:<\/strong> 01.11.2025 &#8211; 31.10.2029<\/p>\n<p><strong>Bud\u017cet projektu:<\/strong> maksymalnie 4 352 496,84 EUR, z czego bud\u017cet Politechniki Bia\u0142ostockiej wynosi 225 230,76 EUR.<\/p>\n","protected":false},"excerpt":{"rendered":"<p>&#8222;COMBINE: Coupled Problems for Decarbonization in Industry and Power Generation&#8221;, umowa o dofinansowanie nr&nbsp;HEU-101227547 w<\/p>\n","protected":false},"author":192,"featured_media":0,"parent":94,"menu_order":0,"comment_status":"closed","ping_status":"closed","template":"","meta":{"_acf_changed":false,"ngg_post_thumbnail":0,"footnotes":""},"class_list":["post-2926","page","type-page","status-publish","hentry"],"acf":[],"_links":{"self":[{"href":"https:\/\/pb.edu.pl\/brpm\/wp-json\/wp\/v2\/pages\/2926","targetHints":{"allow":["GET"]}}],"collection":[{"href":"https:\/\/pb.edu.pl\/brpm\/wp-json\/wp\/v2\/pages"}],"about":[{"href":"https:\/\/pb.edu.pl\/brpm\/wp-json\/wp\/v2\/types\/page"}],"author":[{"embeddable":true,"href":"https:\/\/pb.edu.pl\/brpm\/wp-json\/wp\/v2\/users\/192"}],"replies":[{"embeddable":true,"href":"https:\/\/pb.edu.pl\/brpm\/wp-json\/wp\/v2\/comments?post=2926"}],"version-history":[{"count":0,"href":"https:\/\/pb.edu.pl\/brpm\/wp-json\/wp\/v2\/pages\/2926\/revisions"}],"up":[{"embeddable":true,"href":"https:\/\/pb.edu.pl\/brpm\/wp-json\/wp\/v2\/pages\/94"}],"wp:attachment":[{"href":"https:\/\/pb.edu.pl\/brpm\/wp-json\/wp\/v2\/media?parent=2926"}],"curies":[{"name":"wp","href":"https:\/\/api.w.org\/{rel}","templated":true}]}}