{"id":2910,"date":"2026-01-12T15:15:25","date_gmt":"2026-01-12T14:15:25","guid":{"rendered":"https:\/\/pb.edu.pl\/brpm\/?page_id=2910"},"modified":"2026-01-14T09:26:12","modified_gmt":"2026-01-14T08:26:12","slug":"dacris","status":"publish","type":"page","link":"https:\/\/pb.edu.pl\/brpm\/projekty-pb\/programy-ue\/projekty-realizowane\/dacris\/","title":{"rendered":"DACRIS:\u00a0Revolutionary\u00a0and\u00a0sustainable\u00a0cooling\u00a0system for underground\u00a0mining"},"content":{"rendered":"<h2><img loading=\"lazy\" decoding=\"async\" class=\"aligncenter size-full wp-image-2911\" src=\"https:\/\/pb.edu.pl\/brpm\/wp-content\/uploads\/sites\/6\/2026\/01\/Supported-by-EITRM_Landscape_RGB.png\" alt=\"\" width=\"2000\" height=\"400\" srcset=\"https:\/\/pb.edu.pl\/brpm\/wp-content\/uploads\/sites\/6\/2026\/01\/Supported-by-EITRM_Landscape_RGB.png 2000w, https:\/\/pb.edu.pl\/brpm\/wp-content\/uploads\/sites\/6\/2026\/01\/Supported-by-EITRM_Landscape_RGB-300x60.png 300w, https:\/\/pb.edu.pl\/brpm\/wp-content\/uploads\/sites\/6\/2026\/01\/Supported-by-EITRM_Landscape_RGB-1024x205.png 1024w, https:\/\/pb.edu.pl\/brpm\/wp-content\/uploads\/sites\/6\/2026\/01\/Supported-by-EITRM_Landscape_RGB-768x154.png 768w, https:\/\/pb.edu.pl\/brpm\/wp-content\/uploads\/sites\/6\/2026\/01\/Supported-by-EITRM_Landscape_RGB-1536x307.png 1536w\" sizes=\"auto, (max-width: 2000px) 100vw, 2000px\" \/><\/h2>\n<h2><strong><span class=\"NormalTextRun SCXW211912380 BCX0\">DACRIS:&nbsp;<\/span><span class=\"NormalTextRun SpellingErrorV2Themed SCXW211912380 BCX0\">Revolutionary<\/span><span class=\"NormalTextRun SCXW211912380 BCX0\">&nbsp;and&nbsp;<\/span><span class=\"NormalTextRun SpellingErrorV2Themed SCXW211912380 BCX0\">sustainable<\/span><span class=\"NormalTextRun SCXW211912380 BCX0\">&nbsp;<\/span><span class=\"NormalTextRun SpellingErrorV2Themed SCXW211912380 BCX0\">cooling<\/span><span class=\"NormalTextRun SCXW211912380 BCX0\">&nbsp;system for underground&nbsp;<\/span><span class=\"NormalTextRun SpellingErrorV2Themed SCXW211912380 BCX0\">mining<\/span> <\/strong>(ID <span class=\"TextRun SCXW54423836 BCX0\" lang=\"PL-PL\" xml:lang=\"PL-PL\" data-contrast=\"auto\"><span class=\"NormalTextRun SCXW54423836 BCX0\">24614<\/span><\/span>)<strong>, umowa o udzielaniu dalszych dotacji (wsparcie finansowe dla stron trzecich) w ramach umowy o partnerstwie<\/strong> w ramach Horyzotnu Europa PA2021\/EIT\/EIT RawMaterials z dnia 19.05.2021. Dzia\u0142anie w ramach KIC RawMaterials.<\/h2>\n<h3>Konsorcjum projektu tworzy 4 partner\u00f3w:<\/h3>\n<ol>\n<li>DAC SP. Z O.O. &#8211; Lider<\/li>\n<li><strong>Politechnika Bia\u0142ostocka &#8211; Partner<\/strong><\/li>\n<li>Kompanija \u201cBOKSIT\u201d a.d. &#8211; Partner<\/li>\n<li>SE&amp;C IKE &#8211; Partner<\/li>\n<\/ol>\n<p>Zapotrzebowanie na metale krytyczne ze wzgl\u0119du na zielon\u0105 transformacj\u0119 doprowadzi\u0142o do g\u0142\u0119bszych podziemnych operacji g\u00f3rniczych, kt\u00f3re wymagaj\u0105 skutecznych \u015brodk\u00f3w zwalczania obci\u0105\u017ce\u0144 termicznych, poniewa\u017c pracownicy nara\u017ceni na stres cieplny stoj\u0105 w obliczu powa\u017cnych zagro\u017ce\u0144 dla zdrowia, bezpiecze\u0144stwa i wydajno\u015bci. Ponadto sektor g\u00f3rniczy odpowiada za 4-7% globalnej emisji CO2, z czego 24-30% pochodzi z system\u00f3w ch\u0142odzenia. Obecne technologie borykaj\u0105 si\u0119 z dwoma problemami: a) czynnikami ch\u0142odniczymi HFC\/amoniakiem, kt\u00f3re s\u0105 toksyczne i\/lub \u0142atwopalne, przyczyniaj\u0105c si\u0119 do 10% emisji gaz\u00f3w cieplarnianych oraz b) kosztami operacyjnymi (OPEX), na kt\u00f3re wp\u0142ywa 250% wzrost cen energii spowodowany kryzysem energetycznym. Innowacja DACRIS opiera si\u0119 na opatentowanej technologii DAC, kt\u00f3ra wykorzystuje zasady dynamiki gaz\u00f3w do produkcji ch\u0142odu wraz z potencjalnym wykorzystaniem odpadowego ciep\u0142a. To rozwi\u0105zanie bezfreonowe, kt\u00f3re poprawia wydajno\u015b\u0107 ch\u0142odzenia nawet o 120%, redukuj\u0105c temperatur\u0119 o -61\u00b0C w por\u00f3wnaniu z technologiami testowymi, a jednocze\u015bnie zmniejsza zapotrzebowanie na infrastruktur\u0119 i wp\u0142yw kopalni na \u015brodowisko o 60%, przyczyniaj\u0105c si\u0119 do 0,7-1% globalnej emisji gaz\u00f3w cieplarnianych. Ocena oddzia\u0142ywania na \u015brodowisko zostanie przeprowadzona przez SEC IKE, a technologia DACRIS zostanie zaprezentowana w podziemnych kopalniach boksyt\u00f3w Boksit a.d. o powierzchni ponad 50 km\u00b2. Dzia\u0142ania edukacyjne oraz wsparcie techniczne w zakresie DAC b\u0119d\u0105 realizowane przez Politechnik\u0119 Bia\u0142ostock\u0105.<\/p>\n<h3>Kluczowy zesp\u00f3\u0142 projektowy tworz\u0105:<\/h3>\n<ul>\n<li>prof. dr hab. in\u017c. Dariusz Butrymowicz,<\/li>\n<li>dr hab. in\u017c. prof. PB Kamil \u015amierciew,<\/li>\n<li>dr hab. in\u017c. prof. PB Jerzy Gagan,<\/li>\n<li>dr in\u017c. hab. Pawe\u0142 Dzienis,<\/li>\n<li>dr in\u017c. Adam Dudar,<\/li>\n<li>dr in\u017c. Micha\u0142 \u0141ukaszuk,<\/li>\n<li>mgr in\u017c. Pawe\u0142 Jako\u0144czuk<\/li>\n<li>mgr in\u017c. Andrzej Pawluczuk,<\/li>\n<li>mgr in\u017c. Mateusz Paw\u0142owski<\/li>\n<li>mgr in\u017c. Adam Kury\u0142owicz<\/li>\n<\/ul>\n<p><strong>Okres realizacji:<\/strong> 01.07.2025 &#8211; 31.12.2026<\/p>\n<p><strong>Bud\u017cet projektu:<\/strong> 1 207 500 EUR, z czego bud\u017cet Politechniki Bia\u0142ostockiej wynosi 185 000 EUR.<\/p>\n","protected":false},"excerpt":{"rendered":"<p>DACRIS:&nbsp;Revolutionary&nbsp;and&nbsp;sustainable&nbsp;cooling&nbsp;system for underground&nbsp;mining (ID 24614), umowa o udzielaniu dalszych dotacji (wsparcie finansowe dla stron trzecich)<\/p>\n","protected":false},"author":192,"featured_media":0,"parent":94,"menu_order":0,"comment_status":"closed","ping_status":"closed","template":"","meta":{"_acf_changed":false,"ngg_post_thumbnail":0,"footnotes":""},"class_list":["post-2910","page","type-page","status-publish","hentry"],"acf":[],"_links":{"self":[{"href":"https:\/\/pb.edu.pl\/brpm\/wp-json\/wp\/v2\/pages\/2910","targetHints":{"allow":["GET"]}}],"collection":[{"href":"https:\/\/pb.edu.pl\/brpm\/wp-json\/wp\/v2\/pages"}],"about":[{"href":"https:\/\/pb.edu.pl\/brpm\/wp-json\/wp\/v2\/types\/page"}],"author":[{"embeddable":true,"href":"https:\/\/pb.edu.pl\/brpm\/wp-json\/wp\/v2\/users\/192"}],"replies":[{"embeddable":true,"href":"https:\/\/pb.edu.pl\/brpm\/wp-json\/wp\/v2\/comments?post=2910"}],"version-history":[{"count":0,"href":"https:\/\/pb.edu.pl\/brpm\/wp-json\/wp\/v2\/pages\/2910\/revisions"}],"up":[{"embeddable":true,"href":"https:\/\/pb.edu.pl\/brpm\/wp-json\/wp\/v2\/pages\/94"}],"wp:attachment":[{"href":"https:\/\/pb.edu.pl\/brpm\/wp-json\/wp\/v2\/media?parent=2910"}],"curies":[{"name":"wp","href":"https:\/\/api.w.org\/{rel}","templated":true}]}}