{"id":2902,"date":"2026-01-12T11:57:02","date_gmt":"2026-01-12T10:57:02","guid":{"rendered":"https:\/\/pb.edu.pl\/brpm\/?page_id=2902"},"modified":"2026-03-13T12:39:15","modified_gmt":"2026-03-13T11:39:15","slug":"puchacz","status":"publish","type":"page","link":"https:\/\/pb.edu.pl\/brpm\/projekty-pb\/programy-ue\/projekty-realizowane\/puchacz\/","title":{"rendered":"PUCHACZ \u2013 Platforma Uzyskiwania CHarakterystyk Adwersarzy i CyberZagro\u017ce\u0144"},"content":{"rendered":"<p><a class=\"png\" title=\"pobierz plik\" href=\"https:\/\/pb.edu.pl\/brpm\/wp-content\/uploads\/sites\/6\/2025\/01\/FENG-OPI.png\" data-id=\"2581\"><img loading=\"lazy\" decoding=\"async\" class=\"aligncenter size-full wp-image-2581\" src=\"https:\/\/pb.edu.pl\/brpm\/wp-content\/uploads\/sites\/6\/2025\/01\/FENG-OPI.png\" alt=\"loga do projektu FENG\" width=\"1140\" height=\"92\" srcset=\"https:\/\/pb.edu.pl\/brpm\/wp-content\/uploads\/sites\/6\/2025\/01\/FENG-OPI.png 1140w, https:\/\/pb.edu.pl\/brpm\/wp-content\/uploads\/sites\/6\/2025\/01\/FENG-OPI-300x24.png 300w, https:\/\/pb.edu.pl\/brpm\/wp-content\/uploads\/sites\/6\/2025\/01\/FENG-OPI-1024x83.png 1024w, https:\/\/pb.edu.pl\/brpm\/wp-content\/uploads\/sites\/6\/2025\/01\/FENG-OPI-768x62.png 768w\" sizes=\"auto, (max-width: 1140px) 100vw, 1140px\" \/><\/a><\/p>\n<h2>Projekt \u201ePUCHACZ \u2013 Platforma Uzyskiwania CHarakterystyk Adwersarzy i CyberZagro\u017ce\u0144\u201d realizowany w ramach programu Fundusze Europejskie dla Nowoczesnej Gospodarki 2021-2027 dzia\u0142anie 2.4 (umowa nr FENG.02.04-IP.04-0006\/25-00).<\/h2>\n<p>Kompleksowy projekt, ukierunkowany na budow\u0119 zaawansowanej platformy, b\u0119d\u0105cej efektem prac rozwojowych w trzech laboratoriach, skoncentrowanych na r\u00f3\u017cnych aspektach walki z cyberzagro\u017ceniami oraz rozwojem zaawansowanych technologii i infrastruktur w zakresie cyberbezpiecze\u0144stwa oraz sztucznej inteligencji (ze szczeg\u00f3lnym uwzgl\u0119dnieniem zastosowania podej\u015b\u0107 AI obszarze cyberzabezpiecze\u0144, ale tak\u017ce podniesienia poziomu zabezpiecze\u0144 oraz odporno\u015bci na zaburzenia system\u00f3w AI).<\/p>\n<p>&nbsp;<\/p>\n<p><strong>G\u0142\u00f3wnym celem projektu<\/strong> jest dostarczenie infrastruktury badawczej, rozproszonej w kraju i wykorzystuj\u0105cej po\u0142\u0105czenia w ramach sieci szerokopasmowych szkieletowych PIONIER oraz miejskich sieci metropolitalnych wraz z tzw. ostatni\u0105 mil\u0105, obejmuj\u0105cej zaawansowane, sprz\u0119towe i programowe systemy zabezpiecze\u0144 oraz zasoby obliczeniowe przeznaczone pod przetwarzanie AI i analityk\u0119 du\u017cych wolumen\u00f3w danych, opisuj\u0105cych funkcjonowanie sieci i system\u00f3w. Infrastruktura ta jest kluczowa dla realizacji prac B+R w dziedzinie cyberbezpiecze\u0144stwa, a tak\u017ce pos\u0142u\u017cy produkcyjnym \u015brodowiskom w kluczowych obszarach nauki, gospodarki, lecz r\u00f3wnie\u017c bezpiecze\u0144stwa Pa\u0144stwa.<\/p>\n<p>Efektem ko\u0144cowym projektu b\u0119dzie platforma sprz\u0119towoprogramowa, geograficznie rozproszona w 10 regionach oraz 11 lokalizacjach na terenie kraju w formie laboratori\u00f3w badawczych, udost\u0119pniaj\u0105ca us\u0142ugi w ramach cz\u0119\u015bci niegospodarczej oraz gospodarczej do prowadzenia prac badawczych na rzecz nauki oraz gospodarki. Z za\u0142o\u017cenia efekty projektu dostarcz\u0105 takie same mo\u017cliwo\u015bci zar\u00f3wno w obszarze nauki jak i gospodarki, zgodnie z zasadami r\u00f3wno\u015bci, r\u00f3wnego dost\u0119pu dla wszystkich podmiot\u00f3w oraz dost\u0119pu do danych dla spo\u0142ecze\u0144stwa.<\/p>\n<p>&nbsp;<\/p>\n<p>Projekt podzielony na cz\u0119\u015b\u0107 niegospodarcz\u0105 i gospodarcz\u0105 projektu adresuje w og\u00f3lno\u015bci nast\u0119puj\u0105ce <strong>grupy docelowe<\/strong>:<\/p>\n<p>1) \u015brodowisko naukowe i B+R, m.in uczelnie, instytuty PAN, jednostki B+R &#8211; Pa\u0144stwowe Instytuty Badawcze (PIB), jednostki z Sieci Badawczej \u0141ukasiewicza<\/p>\n<p>2) szeroko poj\u0119t\u0105 gospodark\u0119, w tym jednostki szczeg\u00f3lnie zainteresowane nowymi technologiami i ich wykorzystywaniem w ramach realizacji swojej przewagi konkurencyjnej w okresie transformacji cyfrowej<\/p>\n<p>3) administracj\u0119 publiczn\u0105<\/p>\n<p>4) spo\u0142ecze\u0144stwo w zakresie dost\u0119pu i ochrony w\u0142asnych przetwarzanych danych.<\/p>\n<h3>&nbsp;<\/h3>\n<h3><strong>Okres realizacji projektu:<\/strong> 01.01.2026 r. \u2013 31.12.2028 r.<\/h3>\n<h3><strong>Sk\u0142ad konsorcjum:<\/strong><\/h3>\n<ol>\n<li style=\"list-style-type: none\">\n<ol>\n<li>Instytut Chemii Bioorganicznej Polskiej Akademii Nauk, Pozna\u0144skie Centrum Superkomputerowo-Sieciowe (Lider Projektu)<\/li>\n<li>Akademickie Centrum Komputerowym Cyfronet AGH<\/li>\n<li>Politechnika Gda\u0144ska, Centrum Informatyczne Tr\u00f3jmiejskiej Akademickiej Sieci Komputerowej<\/li>\n<li>Politechnika Wroc\u0142awska<\/li>\n<li>Politechnika Cz\u0119stochowska<\/li>\n<li>Politechnika Bia\u0142ostocka<\/li>\n<li>Politechnika \u015awi\u0119tokrzyska<\/li>\n<li>Politechnika \u0141\u00f3dzka<\/li>\n<li>Politechnika Koszali\u0144ska<\/li>\n<li>Uniwersytet Zielonog\u00f3rski, Centrum Komputerowe<\/li>\n<li>Centrum Bada\u0144 Kosmicznych PAN<\/li>\n<\/ol>\n<\/li>\n<\/ol>\n<h3><strong>Bud\u017cet projektu:<\/strong>&nbsp;<\/h3>\n<p>warto\u015b\u0107 projektu: <strong>287 062 262,29 z\u0142<\/strong><\/p>\n<p>dofinansowanie projektu z UE: <strong>175 735 322,31<\/strong> z\u0142, w tym <strong>PB: 12 200 960,00 z\u0142<\/strong><\/p>\n<hr>\n<h4><strong>Biuro Projektu:<\/strong><\/h4>\n<p>Biuro ds. Rozwoju i Program\u00f3w Mi\u0119dzynarodowych<br \/>\nPolitechnika Bia\u0142ostocka<br \/>\n15-351 Bia\u0142ystok<br \/>\nul. Wiejska 45 A, <strong>pok\u00f3j B4<\/strong><br \/>\n<i class=\"fal fa-phone\"><\/i> 85 746 97 64<\/p>\n","protected":false},"excerpt":{"rendered":"<p>Projekt \u201ePUCHACZ \u2013 Platforma Uzyskiwania CHarakterystyk Adwersarzy i CyberZagro\u017ce\u0144\u201d realizowany w ramach programu Fundusze Europejskie<\/p>\n","protected":false},"author":192,"featured_media":0,"parent":94,"menu_order":0,"comment_status":"closed","ping_status":"closed","template":"","meta":{"_acf_changed":false,"ngg_post_thumbnail":0,"footnotes":""},"class_list":["post-2902","page","type-page","status-publish","hentry"],"acf":[],"_links":{"self":[{"href":"https:\/\/pb.edu.pl\/brpm\/wp-json\/wp\/v2\/pages\/2902","targetHints":{"allow":["GET"]}}],"collection":[{"href":"https:\/\/pb.edu.pl\/brpm\/wp-json\/wp\/v2\/pages"}],"about":[{"href":"https:\/\/pb.edu.pl\/brpm\/wp-json\/wp\/v2\/types\/page"}],"author":[{"embeddable":true,"href":"https:\/\/pb.edu.pl\/brpm\/wp-json\/wp\/v2\/users\/192"}],"replies":[{"embeddable":true,"href":"https:\/\/pb.edu.pl\/brpm\/wp-json\/wp\/v2\/comments?post=2902"}],"version-history":[{"count":3,"href":"https:\/\/pb.edu.pl\/brpm\/wp-json\/wp\/v2\/pages\/2902\/revisions"}],"predecessor-version":[{"id":2963,"href":"https:\/\/pb.edu.pl\/brpm\/wp-json\/wp\/v2\/pages\/2902\/revisions\/2963"}],"up":[{"embeddable":true,"href":"https:\/\/pb.edu.pl\/brpm\/wp-json\/wp\/v2\/pages\/94"}],"wp:attachment":[{"href":"https:\/\/pb.edu.pl\/brpm\/wp-json\/wp\/v2\/media?parent=2902"}],"curies":[{"name":"wp","href":"https:\/\/api.w.org\/{rel}","templated":true}]}}