{"id":2899,"date":"2026-01-12T11:49:28","date_gmt":"2026-01-12T10:49:28","guid":{"rendered":"https:\/\/pb.edu.pl\/brpm\/?page_id=2899"},"modified":"2026-01-12T11:49:45","modified_gmt":"2026-01-12T10:49:45","slug":"eko-pompa","status":"publish","type":"page","link":"https:\/\/pb.edu.pl\/brpm\/projekty-pb\/programy-ue\/projekty-realizowane\/eko-pompa\/","title":{"rendered":"Opracowanie ekologicznej pompy ciep\u0142a o mocy 2,5 MW dedykowanej dla ciep\u0142ownictwa wysokotemperaturowego"},"content":{"rendered":"<p><img loading=\"lazy\" decoding=\"async\" class=\"aligncenter size-full wp-image-2567\" style=\"margin-top: 60px\" src=\"https:\/\/pb.edu.pl\/brpm\/wp-content\/uploads\/sites\/6\/2025\/01\/belka_FENGnew.jpg\" alt=\"loga do projektu FENG\" width=\"1778\" height=\"164\" srcset=\"https:\/\/pb.edu.pl\/brpm\/wp-content\/uploads\/sites\/6\/2025\/01\/belka_FENGnew.jpg 1778w, https:\/\/pb.edu.pl\/brpm\/wp-content\/uploads\/sites\/6\/2025\/01\/belka_FENGnew-300x28.jpg 300w, https:\/\/pb.edu.pl\/brpm\/wp-content\/uploads\/sites\/6\/2025\/01\/belka_FENGnew-1024x94.jpg 1024w, https:\/\/pb.edu.pl\/brpm\/wp-content\/uploads\/sites\/6\/2025\/01\/belka_FENGnew-768x71.jpg 768w, https:\/\/pb.edu.pl\/brpm\/wp-content\/uploads\/sites\/6\/2025\/01\/belka_FENGnew-1536x142.jpg 1536w\" sizes=\"auto, (max-width: 1778px) 100vw, 1778px\" \/><\/p>\n<h2>Projekt \u201eOpracowanie ekologicznej pompy ciep\u0142a o mocy 2,5 MW dedykowanej dla ciep\u0142ownictwa wysokotemperaturowego\u201d realizowany w ramach programu Fundusze Europejskie dla Nowoczesnej Gospodarki 2021-2027 dzia\u0142anie 01.01 SMART (umowa nr FENG.01.01-IP.01-A126\/25-00)<\/h2>\n<p>Celem projektu jest opracowanie innowacji produktowej w skali \u015bwiata \u2013 ekologicznej pompy ciep\u0142a o mocy 2,5MW dedykowanej dla ciep\u0142ownictwa wysokotemperaturowego, wykorzystuj\u0105cej czynniki naturalne. Kluczow\u0105 innowacyjno\u015bci\u0105 rozwi\u0105zania b\u0119dzie opracowanie:<\/p>\n<ul>\n<li>uk\u0142adu ch\u0142odzenia mi\u0119dzystopniowego w innowacyjnym obiegu wielostopniowym,<\/li>\n<li>kompaktowego separatora oleju z ch\u0142odnic\u0105 oleju przy wykorzystaniu mocy ch\u0142odzenia oleju do poprawy efektywno\u015bci energetycznej wielostopniowej pompy ciep\u0142a.<\/li>\n<\/ul>\n<p>Nowe pompy ciep\u0142a b\u0119d\u0105 produktem ekologicznym i b\u0119d\u0105 cechowa\u0142y si\u0119 znacz\u0105cymi przewagami rynkowymi:<\/p>\n<ul>\n<li>Zwi\u0119kszenie zakresu minimalnej r\u00f3\u017cnicy temperatur pomi\u0119dzy zasilaniem oraz powrotem z sieci ciep\u0142owniczej (20K [85\/65\u00b0C]; obecnie 40K)<\/li>\n<li>Poprawa efektywno\u015bci energetycznej pompy ciep\u0142a (COP=2.5 wariant 1 i COP=2.1 wariant 2\/ obecnie 1.84)<\/li>\n<li>Minimalizacja nape\u0142nienia instalacji czynnikiem roboczym (150g\/kWth wariant 1 oraz 220g\/kWth wariant 2\/ obecnie 2730 g\/kWht)<\/li>\n<\/ul>\n<p>Innowacyjne pompy ciep\u0142a b\u0119d\u0105 dedykowane dla istniej\u0105cych zak\u0142ad\u00f3w ciep\u0142owniczych, kt\u00f3re zg\u0142aszaj\u0105 potrzeby zwi\u0119kszenia udzia\u0142u OZE w tym pomp ciep\u0142a do zasilania sieci ciep\u0142owniczych, zgodnie z obowi\u0105zuj\u0105cymi regulacjami\/tabel\u0105 temp. grzania.<\/p>\n<h3><strong>Okres realizacji projektu:<\/strong> 01.10.2025 r. \u2013 31.05.2029 r.<\/h3>\n<h3><strong>Sk\u0142ad konsorcjum:<\/strong><\/h3>\n<ul>\n<li>FRIZO sp. z o.o. \u2013 Lider<\/li>\n<li>Politechnika Bia\u0142ostocka \u2013 Partner<\/li>\n<\/ul>\n<h3><strong>Bud\u017cet projektu:<\/strong>&nbsp;<\/h3>\n<p>koszty kwalifikowane: <strong>16 998 266,20 z\u0142, <\/strong><\/p>\n<p>dofinansowanie: <strong>13 655 670,45 z\u0142<\/strong>, w tym <strong>PB: 3.828.241,00 z\u0142<\/strong><\/p>\n<hr>\n<h4><strong>Biuro Projektu:<\/strong><\/h4>\n<p>Biuro ds. Rozwoju i Program\u00f3w Mi\u0119dzynarodowych<br \/>\nPolitechnika Bia\u0142ostocka<br \/>\n15-351 Bia\u0142ystok<br \/>\nul. Wiejska 45 A, <strong>pok\u00f3j B10<\/strong><br \/>\n<i class=\"fal fa-phone\"><\/i> 85 746 70 25<\/p>\n","protected":false},"excerpt":{"rendered":"<p>Projekt \u201eOpracowanie ekologicznej pompy ciep\u0142a o mocy 2,5 MW dedykowanej dla ciep\u0142ownictwa wysokotemperaturowego\u201d realizowany w<\/p>\n","protected":false},"author":192,"featured_media":0,"parent":94,"menu_order":0,"comment_status":"closed","ping_status":"closed","template":"","meta":{"_acf_changed":false,"ngg_post_thumbnail":0,"footnotes":""},"class_list":["post-2899","page","type-page","status-publish","hentry"],"acf":[],"_links":{"self":[{"href":"https:\/\/pb.edu.pl\/brpm\/wp-json\/wp\/v2\/pages\/2899","targetHints":{"allow":["GET"]}}],"collection":[{"href":"https:\/\/pb.edu.pl\/brpm\/wp-json\/wp\/v2\/pages"}],"about":[{"href":"https:\/\/pb.edu.pl\/brpm\/wp-json\/wp\/v2\/types\/page"}],"author":[{"embeddable":true,"href":"https:\/\/pb.edu.pl\/brpm\/wp-json\/wp\/v2\/users\/192"}],"replies":[{"embeddable":true,"href":"https:\/\/pb.edu.pl\/brpm\/wp-json\/wp\/v2\/comments?post=2899"}],"version-history":[{"count":0,"href":"https:\/\/pb.edu.pl\/brpm\/wp-json\/wp\/v2\/pages\/2899\/revisions"}],"up":[{"embeddable":true,"href":"https:\/\/pb.edu.pl\/brpm\/wp-json\/wp\/v2\/pages\/94"}],"wp:attachment":[{"href":"https:\/\/pb.edu.pl\/brpm\/wp-json\/wp\/v2\/media?parent=2899"}],"curies":[{"name":"wp","href":"https:\/\/api.w.org\/{rel}","templated":true}]}}